{"id":1465,"date":"2025-12-22T12:46:29","date_gmt":"2025-12-22T12:46:29","guid":{"rendered":"https:\/\/loot-zino.org\/login-and-registration\/"},"modified":"2025-12-23T06:59:23","modified_gmt":"2025-12-23T06:59:23","slug":"logowanie-i-rejestracja","status":"publish","type":"page","link":"https:\/\/loot-zino.org\/pl\/logowanie-i-rejestracja\/","title":{"rendered":"Logowanie i rejestracja"},"content":{"rendered":"<h1>Logowanie do Lootzino: Szybka rejestracja i zarz\u0105dzanie kontem<\/h1>\n<p>Aby zacz\u0105\u0107 gra\u0107 w swoje ulubione gry z Polski, wystarczy po\u015bwi\u0119ci\u0107 kilka minut na przej\u015bcie przez prosty proces do Lootzino login. Nast\u0119pnie uzyskasz dost\u0119p do wszystkich funkcji naszej strony internetowej, w tym wszystkich tytu\u0142\u00f3w, p\u0142atno\u015bci, bonus\u00f3w, obs\u0142ugi klienta i wielu innych. Polscy u\u017cytkownicy musz\u0105 mie\u0107 uko\u0144czone 18 lat, aby zarejestrowa\u0107 si\u0119 w Lootzino Casino.<\/p>\n<p><div class=\"banner-wrap\" aria-label=\"Banner\"><img src=\"https:\/\/loot-zino.org\/wp-content\/uploads\/2025\/12\/Lootzino-banner-carousel-800\u0445400.webp\" class=\"w-100 d-none d-lg-block img-pc main-banner-img\" alt=\"Lootzino banner desktop\" fetchpriority=\"high\" decoding=\"async\"><img src=\"https:\/\/loot-zino.org\/wp-content\/uploads\/2025\/12\/Lootzino-banner-mobile-1.webp\" class=\"w-100 d-none d-md-block d-lg-none main-banner-img\" alt=\"Lootzino banner mobile\" fetchpriority=\"high\" decoding=\"async\"><img src=\"https:\/\/loot-zino.org\/wp-content\/uploads\/2025\/12\/Lootzino-banner-mobile-1.webp\" class=\"w-100 d-md-none\" alt=\"Lootzino banner mobile\" fetchpriority=\"high\" decoding=\"async\"><div class=\"banner-description\">\n<div class=\"banner-title\">Bonusy powitalne<\/div>\n<p class=\"banner-header-title\">1500 \u20ac<\/p>\n<div class=\"banner-header-AdditionalText\">+ 250 Darmowe spiny<\/div>\n<button data-item=\"homepage_banner_link\" class=\"goto m-button m-gradient-border m-button--primary m-button--large banner-button btn-orange\">\n            <div class=\"m-button-content\">\n                <span>Zarejestruj si\u0119 teraz<\/span>\n                <span><\/span>\n            <\/div>\n        <\/button>\n<\/div>\n<div class=\"WelcomePack\">\n<p><img loading=\"lazy\" decoding=\"async\" class=\"alignnone size-full wp-image-1338\" src=\"https:\/\/loot-zino.org\/wp-content\/uploads\/2025\/12\/welcome-crown.svg\" alt=\"crown\" width=\"25\" height=\"26\" \/><\/p>\n<div class=\"WelcomePack-Info\">Cotygodniowy zwrot got\u00f3wki do 25%<\/div>\n<p><img loading=\"lazy\" decoding=\"async\" class=\"alignnone size-full wp-image-1338\" src=\"https:\/\/loot-zino.org\/wp-content\/uploads\/2025\/12\/welcome-crown.svg\" alt=\"crown\" width=\"25\" height=\"26\" \/><\/p>\n<\/div>\n<\/div><div class=\"scrollable-content-wrap my-5\"><div class=\"scrollable-content-inner\"><h2>Loot Zino Casino: Rejestracja nowego gracza<\/h2>\n<p>Rejestracja w Lootzino Casino otwiera drzwi do najlepszych funkcji nowoczesnych platform hazardowych. Mo\u017cesz wybiera\u0107 spo\u015br\u00f3d ponad 6000 gier, w tym automat\u00f3w online, gier sto\u0142owych, opcji z krupierem na \u017cywo, gier b\u0142yskawicznych i wielu innych. Wp\u0142aty i wyp\u0142aty s\u0105 r\u00f3wnie\u017c dost\u0119pne dopiero po wykonaniu krok\u00f3w logowania do Lootzino.<\/p>\n<p>Konto daje Ci wiele opcji zarz\u0105dzania danymi i pe\u0142nego korzystania z gier. Przed przyst\u0105pieniem do procesu logowania do Lootzino prosimy o uwa\u017cne zapoznanie si\u0119 z warunkami u\u017cytkowania. Na przyk\u0142ad jedna osoba mo\u017ce mie\u0107 tylko jedno konto na naszej stronie internetowej. Poza tym, zgodnie z prawem, aby zarejestrowa\u0107 si\u0119 i gra\u0107 w kasynie online, musisz mie\u0107 uko\u0144czone 18 lat.<\/p>\n<h3>Za\u0142\u00f3\u017c konto<\/h3>\n<p>Naszym celem by\u0142o uproszczenie procesu rejestracji, tak aby nawet nowi u\u017cytkownicy mogli szybko si\u0119 z nim zapozna\u0107. Nie prosimy o podawanie zb\u0119dnych danych \u2013 potrzebny jest tylko adres e-mail i has\u0142o. W poni\u017cszej tabeli znajduje si\u0119 przewodnik krok po kroku, jak za\u0142o\u017cy\u0107 konto w serwisie Loot Zino.<\/p>\n<table>\n<tbody>\n<tr>\n<td>Krok<\/td>\n<td>Szczeg\u00f3\u0142y<\/td>\n<\/tr>\n<tr>\n<td>Kliknij przycisk \u201eZarejestruj si\u0119\u201d.<\/td>\n<td>Przycisk znajduje si\u0119 w prawym g\u00f3rnym rogu ekranu g\u0142\u00f3wnego.<\/td>\n<\/tr>\n<tr>\n<td>Wpisz najwa\u017cniejsze informacje<\/td>\n<td>Musisz poda\u0107 sw\u00f3j adres e-mail i utworzy\u0107 has\u0142o. Has\u0142o powinno mie\u0107 wi\u0119cej ni\u017c 6 znak\u00f3w.<\/td>\n<\/tr>\n<tr>\n<td>Zaakceptuj zasady naszej platformy<\/td>\n<td>Ka\u017cdy u\u017cytkownik musi potwierdzi\u0107 sw\u00f3j wiek i zaakceptowa\u0107 warunki korzystania z serwisu Lootzino Casino.<\/td>\n<\/tr>\n<tr>\n<td>Kliknij przycisk \u201eZarejestruj si\u0119\u201d.<\/td>\n<td>Jest to konieczne do sfinalizowania g\u0142\u00f3wnego procesu rejestracji.<\/td>\n<\/tr>\n<tr>\n<td>Wpisz dodatkowe dane osobowe<\/td>\n<td>Musisz poda\u0107 swoje imi\u0119 i nazwisko, dat\u0119 urodzenia oraz adres zamieszkania. Mo\u017cesz pomin\u0105\u0107 ten krok i wykona\u0107 go p\u00f3\u017aniej.<\/td>\n<\/tr>\n<tr>\n<td>Kliknij przycisk \u201eZapisz\u201d.<\/td>\n<td>Po wykonaniu tej czynno\u015bci jeste\u015b ju\u017c w pe\u0142ni zarejestrowany na platformie i mo\u017cesz zacz\u0105\u0107 gra\u0107 na prawdziwe pieni\u0105dze.<\/td>\n<\/tr>\n<\/tbody>\n<\/table>\n<h2>Pierwsze kroki z kontem Lootzino<\/h2>\n<p>Je\u015bli odwiedza\u0142e\u015b ju\u017c nasz\u0105 platform\u0119, wystarczy przej\u015b\u0107 przez proces logowania do Lootzino. Poprosimy Ci\u0119 o podanie danych u\u017cytych podczas rejestracji: adresu e-mail i has\u0142a. Przycisk logowania znajduje si\u0119 w prawym g\u00f3rnym rogu strony g\u0142\u00f3wnej. Twoje konto i jego ustawienia maj\u0105 wiele funkcji, w tym:<\/p>\n<ul>\n<li>Zarz\u0105dzanie kontem \u2013 mo\u017cesz zmieni\u0107 swoje dane osobowe i informacje dotycz\u0105ce p\u0142atno\u015bci.<\/li>\n<li>Narz\u0119dzia odpowiedzialnej gry \u2013 dost\u0119pne s\u0105 opcje ogranicze\u0144 czasowych i finansowych oraz narz\u0119dzie samowykluczenia.<\/li>\n<li>Historia aktywno\u015bci \u2013 \u015bled\u017a swoj\u0105 histori\u0119 gier, wp\u0142at i wygranych, aby zobaczy\u0107 post\u0119py.<\/li>\n<li>Proces weryfikacji \u2013 przed pierwsz\u0105 wyp\u0142at\u0105 musisz przes\u0142a\u0107 dokumenty potwierdzaj\u0105ce Twoj\u0105 to\u017csamo\u015b\u0107.<\/li>\n<\/ul>\n<h3>Nie pami\u0119tasz has\u0142a?<\/h3>\n<p>Po pierwsze, w ustawieniach konta mo\u017cesz zaktualizowa\u0107 swoje dane osobowe, w tym has\u0142o. Je\u015bli jednak zapomnia\u0142e\u015b has\u0142a przed procesem logowania do Loot Zino, mamy dla Ciebie rozwi\u0105zanie. Na ko\u0144cu formularza logowania znajduje si\u0119 link \u201eNie pami\u0119tasz has\u0142a?\u201d. Po klikni\u0119ciu tego linku i wprowadzeniu adresu e-mail wy\u015blemy Ci link do resetowania has\u0142a. Teraz wystarczy utworzy\u0107 nowe has\u0142o i u\u017cy\u0107 go przy nast\u0119pnym logowaniu do konta Lootzino Casino.<\/p>\n<h3>Loot Zino Casino: Zabezpieczanie i weryfikacja konta<\/h3>\n<p>Jako licencjonowane kasyno przestrzegamy wszystkich wymaganych protoko\u0142\u00f3w i przepis\u00f3w, aby zapewni\u0107 bezpiecze\u0144stwo Twoich danych osobowych i informacji dotycz\u0105cych p\u0142atno\u015bci. Mo\u017cesz jeszcze bardziej zabezpieczy\u0107 swoje konto, konfiguruj\u0105c uwierzytelnianie dwusk\u0142adnikowe.<\/p>\n<p>Aby zapobiec oszustwom i zapewni\u0107 bezpiecze\u0144stwo platformy, Lootzino Casino wymaga od wszystkich u\u017cytkownik\u00f3w przej\u015bcia przez proces weryfikacji przed pierwsz\u0105 wyp\u0142at\u0105 \u015brodk\u00f3w. W tym celu nale\u017cy przes\u0142a\u0107 dokumenty potwierdzaj\u0105ce to\u017csamo\u015b\u0107, wiek, adres zamieszkania oraz prawo w\u0142asno\u015bci do konta lub karty p\u0142atniczej. Nasi mened\u017cerowie sprawdz\u0105 przes\u0142ane dokumenty w ci\u0105gu 48 godzin i udziel\u0105 odpowiedzi.<\/p>\n<h2>Cz\u0119sto zadawane pytania<\/h2>\n<h3>Jak zako\u0144czy\u0107 proces weryfikacji konta?<\/h3>\n<p>Aby zako\u0144czy\u0107 proces weryfikacji, poprosimy Ci\u0119 o przes\u0142anie kopii lub zdj\u0119\u0107 dokument\u00f3w, w tym dowodu osobistego, paszportu, prawa jazdy, rachunku za media i wyci\u0105gu bankowego. Po otrzymaniu zgody od naszych mened\u017cer\u00f3w b\u0119dziesz m\u00f3g\u0142 bezzw\u0142ocznie wyp\u0142aci\u0107 swoje \u015brodki.<\/p>\n<h3>Jak zaktualizowa\u0107 has\u0142o lub adres e-mail?<\/h3>\n<p>W ustawieniach konta osobistego w Lootzino Casino mo\u017cna zmieni\u0107 swoje dane osobowe, w tym has\u0142o i adres e-mail. Mo\u017cna to zrobi\u0107 w ci\u0105gu kilku minut, a nast\u0119pnym razem, podczas procesu logowania do Lootzino, nale\u017cy u\u017cy\u0107 nowych danych.<\/p>\n<h3>Co nale\u017cy zrobi\u0107, je\u015bli moje konto zosta\u0142o zablokowane?<\/h3>\n<p>Je\u015bli nie otrzyma\u0142e\u015b wiadomo\u015bci e-mail dotycz\u0105cej zablokowania konta, skontaktuj si\u0119 z naszym zespo\u0142em pomocy technicznej za po\u015brednictwem czatu na \u017cywo lub poczty elektronicznej. Kierownictwo Loot Zino Casino wyja\u015bni, dlaczego Twoje konto zosta\u0142o zablokowane, co mo\u017cna zrobi\u0107 i kiedy.<\/p>\n<h3>Jak zamkn\u0105\u0107 lub tymczasowo zawiesi\u0107 swoje konto?<\/h3>\n<p>W tym celu nale\u017cy skontaktowa\u0107 si\u0119 z naszym wieloj\u0119zycznym dzia\u0142em pomocy technicznej. Pracownicy dzia\u0142u zapytaj\u0105 o przyczyny i podejm\u0105 wszelkie niezb\u0119dne dzia\u0142ania. Nie s\u0105 wymagane \u017cadne dodatkowe kroki ze strony u\u017cytkownika.<\/p>\n<\/div><\/div><\/p>\n","protected":false},"excerpt":{"rendered":"<p>Logowanie do Lootzino: Szybka rejestracja i zarz\u0105dzanie kontem Aby zacz\u0105\u0107 gra\u0107 w swoje ulubione gry z Polski, wystarczy po\u015bwi\u0119ci\u0107 kilka minut na przej\u015bcie przez prosty proces do Lootzino login. Nast\u0119pnie uzyskasz dost\u0119p do wszystkich funkcji naszej strony internetowej, w tym wszystkich tytu\u0142\u00f3w, p\u0142atno\u015bci, bonus\u00f3w, obs\u0142ugi klienta i wielu innych. Polscy u\u017cytkownicy musz\u0105 mie\u0107 uko\u0144czone 18 [&hellip;]<\/p>\n","protected":false},"author":1,"featured_media":0,"parent":0,"menu_order":0,"comment_status":"closed","ping_status":"closed","template":"template-builder.php","meta":{"_acf_changed":false,"inline_featured_image":false,"footnotes":""},"class_list":["post-1465","page","type-page","status-publish","hentry"],"acf":[],"yoast_head":"<!-- This site is optimized with the Yoast SEO plugin v27.3 - https:\/\/yoast.com\/product\/yoast-seo-wordpress\/ -->\n<title>Lootzino Logowanie \u2013 rejestracja i zarz\u0105dzanie kontem<\/title>\n<meta name=\"description\" content=\"\u0141atwo tw\u00f3rz, zarz\u0105dzaj i weryfikuj swoje konto w kasynie Lootzino dzi\u0119ki szybkiej rejestracji, p\u0142ynnemu odzyskiwaniu konta i bezpiecznemu zamykaniu konta, zapewniaj\u0105c ochron\u0119 24 godziny na dob\u0119, 7 dni w tygodniu poprzez Lootzino Login.\" \/>\n<meta name=\"robots\" content=\"index, follow, max-snippet:-1, max-image-preview:large, max-video-preview:-1\" \/>\n<link rel=\"canonical\" href=\"https:\/\/loot-zino.org\/pl\/logowanie-i-rejestracja\/\" \/>\n<meta property=\"og:locale\" content=\"pl_PL\" \/>\n<meta property=\"og:type\" content=\"article\" \/>\n<meta property=\"og:title\" content=\"Lootzino Logowanie \u2013 rejestracja i zarz\u0105dzanie kontem\" \/>\n<meta property=\"og:description\" content=\"\u0141atwo tw\u00f3rz, zarz\u0105dzaj i weryfikuj swoje konto w kasynie Lootzino dzi\u0119ki szybkiej rejestracji, p\u0142ynnemu odzyskiwaniu konta i bezpiecznemu zamykaniu konta, zapewniaj\u0105c ochron\u0119 24 godziny na dob\u0119, 7 dni w tygodniu poprzez Lootzino Login.\" \/>\n<meta property=\"og:url\" content=\"https:\/\/loot-zino.org\/pl\/logowanie-i-rejestracja\/\" \/>\n<meta property=\"og:site_name\" content=\"lootzino\" \/>\n<meta property=\"article:modified_time\" content=\"2025-12-23T06:59:23+00:00\" \/>\n<meta name=\"twitter:card\" content=\"summary_large_image\" \/>\n<meta name=\"twitter:label1\" content=\"Est. reading time\" \/>\n\t<meta name=\"twitter:data1\" content=\"1 minuta\" \/>\n<script type=\"application\/ld+json\" class=\"yoast-schema-graph\">{\"@context\":\"https:\\\/\\\/schema.org\",\"@graph\":[{\"@type\":\"WebPage\",\"@id\":\"https:\\\/\\\/loot-zino.org\\\/pl\\\/logowanie-i-rejestracja\\\/\",\"url\":\"https:\\\/\\\/loot-zino.org\\\/pl\\\/logowanie-i-rejestracja\\\/\",\"name\":\"Lootzino Logowanie \u2013 rejestracja i zarz\u0105dzanie kontem\",\"isPartOf\":{\"@id\":\"https:\\\/\\\/loot-zino.org\\\/pl\\\/#website\"},\"datePublished\":\"2025-12-22T12:46:29+00:00\",\"dateModified\":\"2025-12-23T06:59:23+00:00\",\"description\":\"\u0141atwo tw\u00f3rz, zarz\u0105dzaj i weryfikuj swoje konto w kasynie Lootzino dzi\u0119ki szybkiej rejestracji, p\u0142ynnemu odzyskiwaniu konta i bezpiecznemu zamykaniu konta, zapewniaj\u0105c ochron\u0119 24 godziny na dob\u0119, 7 dni w tygodniu poprzez Lootzino Login.\",\"breadcrumb\":{\"@id\":\"https:\\\/\\\/loot-zino.org\\\/pl\\\/logowanie-i-rejestracja\\\/#breadcrumb\"},\"inLanguage\":\"pl-PL\",\"potentialAction\":[{\"@type\":\"ReadAction\",\"target\":[\"https:\\\/\\\/loot-zino.org\\\/pl\\\/logowanie-i-rejestracja\\\/\"]}]},{\"@type\":\"BreadcrumbList\",\"@id\":\"https:\\\/\\\/loot-zino.org\\\/pl\\\/logowanie-i-rejestracja\\\/#breadcrumb\",\"itemListElement\":[{\"@type\":\"ListItem\",\"position\":1,\"name\":\"Lootzino\",\"item\":\"https:\\\/\\\/loot-zino.org\\\/pl\\\/\"},{\"@type\":\"ListItem\",\"position\":2,\"name\":\"Logowanie i rejestracja\"}]},{\"@type\":\"WebSite\",\"@id\":\"https:\\\/\\\/loot-zino.org\\\/pl\\\/#website\",\"url\":\"https:\\\/\\\/loot-zino.org\\\/pl\\\/\",\"name\":\"Lootzino\",\"description\":\"\",\"publisher\":{\"@id\":\"https:\\\/\\\/loot-zino.org\\\/pl\\\/#organization\"},\"potentialAction\":[{\"@type\":\"SearchAction\",\"target\":{\"@type\":\"EntryPoint\",\"urlTemplate\":\"https:\\\/\\\/loot-zino.org\\\/pl\\\/?s={search_term_string}\"},\"query-input\":{\"@type\":\"PropertyValueSpecification\",\"valueRequired\":true,\"valueName\":\"search_term_string\"}}],\"inLanguage\":\"pl-PL\"},{\"@type\":\"Organization\",\"@id\":\"https:\\\/\\\/loot-zino.org\\\/pl\\\/#organization\",\"name\":\"Lootzino\",\"url\":\"https:\\\/\\\/loot-zino.org\\\/pl\\\/\",\"logo\":{\"@type\":\"ImageObject\",\"inLanguage\":\"pl-PL\",\"@id\":\"https:\\\/\\\/loot-zino.org\\\/pl\\\/#\\\/schema\\\/logo\\\/image\\\/\",\"url\":\"https:\\\/\\\/loot-zino.org\\\/wp-content\\\/uploads\\\/2025\\\/12\\\/lootzino.svg\",\"contentUrl\":\"https:\\\/\\\/loot-zino.org\\\/wp-content\\\/uploads\\\/2025\\\/12\\\/lootzino.svg\",\"width\":16,\"height\":20,\"caption\":\"Lootzino\"},\"image\":{\"@id\":\"https:\\\/\\\/loot-zino.org\\\/pl\\\/#\\\/schema\\\/logo\\\/image\\\/\"}}]}<\/script>\n<!-- \/ Yoast SEO plugin. -->","yoast_head_json":{"title":"Lootzino Logowanie \u2013 rejestracja i zarz\u0105dzanie kontem","description":"\u0141atwo tw\u00f3rz, zarz\u0105dzaj i weryfikuj swoje konto w kasynie Lootzino dzi\u0119ki szybkiej rejestracji, p\u0142ynnemu odzyskiwaniu konta i bezpiecznemu zamykaniu konta, zapewniaj\u0105c ochron\u0119 24 godziny na dob\u0119, 7 dni w tygodniu poprzez Lootzino Login.","robots":{"index":"index","follow":"follow","max-snippet":"max-snippet:-1","max-image-preview":"max-image-preview:large","max-video-preview":"max-video-preview:-1"},"canonical":"https:\/\/loot-zino.org\/pl\/logowanie-i-rejestracja\/","og_locale":"pl_PL","og_type":"article","og_title":"Lootzino Logowanie \u2013 rejestracja i zarz\u0105dzanie kontem","og_description":"\u0141atwo tw\u00f3rz, zarz\u0105dzaj i weryfikuj swoje konto w kasynie Lootzino dzi\u0119ki szybkiej rejestracji, p\u0142ynnemu odzyskiwaniu konta i bezpiecznemu zamykaniu konta, zapewniaj\u0105c ochron\u0119 24 godziny na dob\u0119, 7 dni w tygodniu poprzez Lootzino Login.","og_url":"https:\/\/loot-zino.org\/pl\/logowanie-i-rejestracja\/","og_site_name":"lootzino","article_modified_time":"2025-12-23T06:59:23+00:00","twitter_card":"summary_large_image","twitter_misc":{"Est. reading time":"1 minuta"},"schema":{"@context":"https:\/\/schema.org","@graph":[{"@type":"WebPage","@id":"https:\/\/loot-zino.org\/pl\/logowanie-i-rejestracja\/","url":"https:\/\/loot-zino.org\/pl\/logowanie-i-rejestracja\/","name":"Lootzino Logowanie \u2013 rejestracja i zarz\u0105dzanie kontem","isPartOf":{"@id":"https:\/\/loot-zino.org\/pl\/#website"},"datePublished":"2025-12-22T12:46:29+00:00","dateModified":"2025-12-23T06:59:23+00:00","description":"\u0141atwo tw\u00f3rz, zarz\u0105dzaj i weryfikuj swoje konto w kasynie Lootzino dzi\u0119ki szybkiej rejestracji, p\u0142ynnemu odzyskiwaniu konta i bezpiecznemu zamykaniu konta, zapewniaj\u0105c ochron\u0119 24 godziny na dob\u0119, 7 dni w tygodniu poprzez Lootzino Login.","breadcrumb":{"@id":"https:\/\/loot-zino.org\/pl\/logowanie-i-rejestracja\/#breadcrumb"},"inLanguage":"pl-PL","potentialAction":[{"@type":"ReadAction","target":["https:\/\/loot-zino.org\/pl\/logowanie-i-rejestracja\/"]}]},{"@type":"BreadcrumbList","@id":"https:\/\/loot-zino.org\/pl\/logowanie-i-rejestracja\/#breadcrumb","itemListElement":[{"@type":"ListItem","position":1,"name":"Lootzino","item":"https:\/\/loot-zino.org\/pl\/"},{"@type":"ListItem","position":2,"name":"Logowanie i rejestracja"}]},{"@type":"WebSite","@id":"https:\/\/loot-zino.org\/pl\/#website","url":"https:\/\/loot-zino.org\/pl\/","name":"Lootzino","description":"","publisher":{"@id":"https:\/\/loot-zino.org\/pl\/#organization"},"potentialAction":[{"@type":"SearchAction","target":{"@type":"EntryPoint","urlTemplate":"https:\/\/loot-zino.org\/pl\/?s={search_term_string}"},"query-input":{"@type":"PropertyValueSpecification","valueRequired":true,"valueName":"search_term_string"}}],"inLanguage":"pl-PL"},{"@type":"Organization","@id":"https:\/\/loot-zino.org\/pl\/#organization","name":"Lootzino","url":"https:\/\/loot-zino.org\/pl\/","logo":{"@type":"ImageObject","inLanguage":"pl-PL","@id":"https:\/\/loot-zino.org\/pl\/#\/schema\/logo\/image\/","url":"https:\/\/loot-zino.org\/wp-content\/uploads\/2025\/12\/lootzino.svg","contentUrl":"https:\/\/loot-zino.org\/wp-content\/uploads\/2025\/12\/lootzino.svg","width":16,"height":20,"caption":"Lootzino"},"image":{"@id":"https:\/\/loot-zino.org\/pl\/#\/schema\/logo\/image\/"}}]}},"_links":{"self":[{"href":"https:\/\/loot-zino.org\/pl\/wp-json\/wp\/v2\/pages\/1465","targetHints":{"allow":["GET"]}}],"collection":[{"href":"https:\/\/loot-zino.org\/pl\/wp-json\/wp\/v2\/pages"}],"about":[{"href":"https:\/\/loot-zino.org\/pl\/wp-json\/wp\/v2\/types\/page"}],"author":[{"embeddable":true,"href":"https:\/\/loot-zino.org\/pl\/wp-json\/wp\/v2\/users\/1"}],"replies":[{"embeddable":true,"href":"https:\/\/loot-zino.org\/pl\/wp-json\/wp\/v2\/comments?post=1465"}],"version-history":[{"count":1,"href":"https:\/\/loot-zino.org\/pl\/wp-json\/wp\/v2\/pages\/1465\/revisions"}],"predecessor-version":[{"id":1758,"href":"https:\/\/loot-zino.org\/pl\/wp-json\/wp\/v2\/pages\/1465\/revisions\/1758"}],"wp:attachment":[{"href":"https:\/\/loot-zino.org\/pl\/wp-json\/wp\/v2\/media?parent=1465"}],"curies":[{"name":"wp","href":"https:\/\/api.w.org\/{rel}","templated":true}]}}