{"id":1426,"date":"2025-12-22T12:41:17","date_gmt":"2025-12-22T12:41:17","guid":{"rendered":"https:\/\/loot-zino.org\/app\/"},"modified":"2025-12-23T06:57:39","modified_gmt":"2025-12-23T06:57:39","slug":"aplikacja","status":"publish","type":"page","link":"https:\/\/loot-zino.org\/pl\/aplikacja\/","title":{"rendered":"Aplikacja"},"content":{"rendered":"<h1>Aplikacja Lootzino: mobilne gry kasynowe<\/h1>\n<p>Lootzino App zosta\u0142a stworzona dla wszystkich naszych u\u017cytkownik\u00f3w z Polski korzystaj\u0105cych z system\u00f3w Android i iOS, kt\u00f3rzy wol\u0105 gra\u0107 na urz\u0105dzeniach mobilnych. Dzi\u0119ki naszemu kasynu online jest to mo\u017cliwe. Oprogramowanie mobilne posiada wszystkie funkcje dost\u0119pne w g\u0142\u00f3wnej wersji na komputery stacjonarne, w tym gry, p\u0142atno\u015bci, promocje i wiele innych. Zach\u0119camy wszystkich do wypr\u00f3bowania mobilnego kasyna Lootzino Casino przynajmniej raz!<\/p>\n<div class=\"banner-wrap\" aria-label=\"Banner\"><img src=\"https:\/\/loot-zino.org\/wp-content\/uploads\/2025\/12\/Lootzino-banner-carousel-800\u0445400.webp\" class=\"w-100 d-none d-lg-block img-pc main-banner-img\" alt=\"Lootzino banner desktop\" fetchpriority=\"high\" decoding=\"async\"><img src=\"https:\/\/loot-zino.org\/wp-content\/uploads\/2025\/12\/Lootzino-banner-mobile-1.webp\" class=\"w-100 d-none d-md-block d-lg-none main-banner-img\" alt=\"Lootzino banner mobile\" fetchpriority=\"high\" decoding=\"async\"><img src=\"https:\/\/loot-zino.org\/wp-content\/uploads\/2025\/12\/Lootzino-banner-mobile-1.webp\" class=\"w-100 d-md-none\" alt=\"Lootzino banner mobile\" fetchpriority=\"high\" decoding=\"async\"><div class=\"banner-description\">\n<div class=\"banner-title\">Bonusy powitalne<\/div>\n<p class=\"banner-header-title\">1500 \u20ac<\/p>\n<div class=\"banner-header-AdditionalText\">+ 250 Darmowe spiny<\/div>\n<button data-item=\"homepage_banner_link\" class=\"goto m-button m-gradient-border m-button--primary m-button--large banner-button btn-orange\">\n            <div class=\"m-button-content\">\n                <span>Zarejestruj si\u0119 teraz<\/span>\n                <span><\/span>\n            <\/div>\n        <\/button>\n<\/div>\n<div class=\"WelcomePack\">\n<p><img loading=\"lazy\" decoding=\"async\" class=\"alignnone size-full wp-image-1338\" src=\"https:\/\/loot-zino.org\/wp-content\/uploads\/2025\/12\/welcome-crown.svg\" alt=\"crown\" width=\"25\" height=\"26\" \/><\/p>\n<div class=\"WelcomePack-Info\">Cotygodniowy zwrot got\u00f3wki do 25%<\/div>\n<p><img loading=\"lazy\" decoding=\"async\" class=\"alignnone size-full wp-image-1338\" src=\"https:\/\/loot-zino.org\/wp-content\/uploads\/2025\/12\/welcome-crown.svg\" alt=\"crown\" width=\"25\" height=\"26\" \/><\/p>\n<\/div>\n<\/div>\n<h2>Platforma mobilna Lootzino<\/h2>\n<p>Statystyki pokazuj\u0105, \u017ce 80% graczy w Lootzino Casino preferuje smartfony i tablety do grania w swoje ulubione gry. Jest to zrozumia\u0142e, poniewa\u017c nie s\u0105 one przywi\u0105zane do konkretnej lokalizacji, a urz\u0105dzenia mobilne s\u0105 zawsze pod r\u0119k\u0105. Oczywi\u015bcie wygl\u0105d i funkcjonalno\u015b\u0107 oprogramowania mobilnego r\u00f3wnie\u017c odgrywaj\u0105 wa\u017cn\u0105 rol\u0119. Jednak aplikacja Loot Zino nie ma \u017cadnych problem\u00f3w w tym zakresie.<\/p>\n<p>Nasza kolekcja ponad 6.000 gier jest dost\u0119pna dla wszystkich na urz\u0105dzeniach mobilnych. Gry z krupierem na \u017cywo s\u0105 dost\u0119pne w jako\u015bci HD i w pe\u0142ni zoptymalizowane pod k\u0105tem smartfon\u00f3w i tablet\u00f3w, dzi\u0119ki czemu nie przegapisz niczego z procesu. Wszyscy dostawcy oprogramowania, z kt\u00f3rymi wsp\u00f3\u0142pracujemy, tworz\u0105 tytu\u0142y, kt\u00f3re \u015bwietnie sprawdzaj\u0105 si\u0119 na urz\u0105dzeniach mobilnych. Dlatego masz do nich pe\u0142ny dost\u0119p z dowolnego gad\u017cetu.<\/p>\n<p>W poni\u017cszej tabeli znajdziesz elementy aplikacji Lootzino app, kt\u00f3re sprawiaj\u0105, \u017ce proces dla naszych graczy jest \u0142atwiejszy i og\u00f3lnie lepszy.<\/p>\n<table>\n<tbody>\n<tr>\n<td>Element do\u015bwiadczenia<\/td>\n<td>Jak to dzia\u0142a<\/td>\n<td>Dlaczego jest to dla Ciebie lepsze<\/td>\n<\/tr>\n<tr>\n<td>Pr\u0119dko\u015b\u0107<\/td>\n<td>Dane zapisane w pami\u0119ci podr\u0119cznej zapewniaj\u0105 natychmiastowe \u0142adowanie.<\/td>\n<td>Dzi\u0119ki temu sp\u0119dzasz mniej czasu na czekaniu, a wi\u0119cej na zabawie.<\/td>\n<\/tr>\n<tr>\n<td>Dost\u0119pno\u015b\u0107<\/td>\n<td>Jest kompatybilny z szerok\u0105 gam\u0105 urz\u0105dze\u0144 i przegl\u0105darek.<\/td>\n<td>Nie ma \u017cadnych problem\u00f3w z kompatybilno\u015bci\u0105.<\/td>\n<\/tr>\n<tr>\n<td>Prywatno\u015b\u0107<\/td>\n<td>Konto w sklepie z aplikacjami nie jest wymagane.<\/td>\n<td>Zapewnia prywatno\u015b\u0107 Twojej aktywno\u015bci w grach.<\/td>\n<\/tr>\n<tr>\n<td>Aktualizacje<\/td>\n<td>System aktualizuje si\u0119 p\u0142ynnie.<\/td>\n<td>U\u017cytkownicy zawsze maj\u0105 najnowsz\u0105 wersj\u0119.<\/td>\n<\/tr>\n<\/tbody>\n<\/table>\n<p><div class=\"scrollable-content-wrap my-5\"><div class=\"scrollable-content-inner\"><h2>Aplikacja mobilna Lootzino Casino dla systemu Android<\/h2>\n<p>Je\u015bli masz telefon lub tablet z systemem Android, mamy dla Ciebie doskona\u0142e rozwi\u0105zanie. Nie musisz pobiera\u0107 \u017cadnych nieznanych plik\u00f3w APK Lootzino ani martwi\u0107 si\u0119 o brak miejsca na urz\u0105dzeniu. Opracowali\u015bmy progresywn\u0105 aplikacj\u0119 internetow\u0105 (PWA) dla wszystkich u\u017cytkownik\u00f3w Androida.<\/p>\n<p>Aplikacja Lootzino zapewnia niezapomniane wra\u017cenia mobilne dzi\u0119ki tysi\u0105com automat\u00f3w online, szybkim p\u0142atno\u015bciom i ca\u0142odobowej pomocy technicznej w wielu j\u0119zykach. Oprogramowanie zosta\u0142o zaprojektowane tak, aby idealnie dostosowa\u0107 si\u0119 do rozmiaru urz\u0105dzenia i ekranu dotykowego. Szybko\u015b\u0107 i dost\u0119pno\u015b\u0107 w tym przypadku s\u0105 po prostu idealne.<\/p>\n<p>Poniewa\u017c sklep Google Play Store nak\u0142ada pewne ograniczenia na marki zwi\u0105zane z hazardem, aplikacj\u0119 Lootzino mo\u017cna zainstalowa\u0107 z naszej oficjalnej strony internetowej. Nie zajmie to du\u017co czasu, a wszystkie ulubione tytu\u0142y b\u0119d\u0105 dost\u0119pne w zasi\u0119gu r\u0119ki:<\/p>\n<ol>\n<li>Przejd\u017a do stopki strony internetowej.<\/li>\n<li>Kliknij przycisk \u201eAplikacja kasyna\u201d. Po wykonaniu tej czynno\u015bci instalacja rozpocznie si\u0119 automatycznie.<\/li>\n<li>Po zainstalowaniu oprogramowania na ekranie g\u0142\u00f3wnym pojawi si\u0119 ikona Loot Zino.<\/li>\n<\/ol>\n<p><img loading=\"lazy\" decoding=\"async\" src=\"https:\/\/loot-zino.org\/wp-content\/uploads\/2025\/12\/Lootzino-Android-App.webp\" alt=\"Lootzino Android App\" width=\"1248\" height=\"536\" \/><\/p>\n<\/div><\/div><div style=\"clear: both\"><\/div><div class=\"d-flex justify-content-center\"><button data-item=\"decouvrez_link\" data-group=\"website_links\" class=\"goto fw-bold rounded-pill btn btn-orange\" aria-label=\"Pobierz aplikacj\u0119 LootZino\" >Pobierz aplikacj\u0119 LootZino<\/button><\/div><div class=\"scrollable-content-wrap my-5\"><div class=\"scrollable-content-inner\"><h2>Aplikacja mobilna Lootzino Casino dla systemu iOS<\/h2>\n<p>U\u017cytkownicy systemu iOS maj\u0105 nie mniej mo\u017cliwo\u015bci, je\u015bli chodzi o mobilne kasyno Lootzino Casino. Masz trzy g\u0142\u00f3wne opcje: wersj\u0119 przegl\u0105darkow\u0105, PWA lub ikon\u0119 skr\u00f3tu. Wszystkie trzy wersje s\u0105 kompatybilne z nowoczesnymi iPhone&#8217;ami i iPadami.<\/p>\n<p>Aplikacja Lootzino dla systemu iOS ma taki sam wygl\u0105d i nawigacj\u0119 jak wersja na komputery stacjonarne. Dzi\u0119ki temu nasi stali klienci b\u0119d\u0105 czuli si\u0119 komfortowo, korzystaj\u0105c z urz\u0105dze\u0144 mobilnych. Nasze oprogramowanie mobilne mo\u017cna zainstalowa\u0107 z naszej strony internetowej. Ca\u0142y proces zajmie tylko kilka minut.<\/p>\n<p>Zawsze mo\u017cesz po prostu skorzysta\u0107 z wersji przegl\u0105darkowej. Aby uzyska\u0107 szybszy dost\u0119p, wszystkie przegl\u0105darki mobilne oferuj\u0105 zainstalowanie ikony skr\u00f3tu na ekranie g\u0142\u00f3wnym, kt\u00f3ra jednym klikni\u0119ciem przeniesie Ci\u0119 na platform\u0119. Je\u015bli ta opcja jest dla Ciebie odpowiednia, post\u0119puj zgodnie z poni\u017cszymi instrukcjami:<\/p>\n<ol>\n<li>Otw\u00f3rz nasz\u0105 stron\u0119 internetow\u0105 w preferowanej przegl\u0105darce mobilnej (Safari, Google Chrome itp.).<\/li>\n<li>Kliknij przycisk \u201eUdost\u0119pnij\u201d.<\/li>\n<li>Przewi\u0144 w d\u00f3\u0142 i kliknij \u201eDodaj do ekranu g\u0142\u00f3wnego\u201d.<\/li>\n<li>Potwierd\u017a dzia\u0142anie, wybieraj\u0105c opcj\u0119 \u201eDodaj\u201d. Nast\u0119pnie ikona pojawi si\u0119 na ekranie g\u0142\u00f3wnym. W dowolnym momencie mo\u017cesz zmieni\u0107 jej lokalizacj\u0119.<\/li>\n<\/ol>\n<p><img loading=\"lazy\" decoding=\"async\" src=\"https:\/\/loot-zino.org\/wp-content\/uploads\/2025\/12\/Lootzino-iOS-App.webp\" alt=\"Lootzino iOS App\" width=\"1248\" height=\"536\" \/><\/p>\n<\/div><\/div><div style=\"clear: both\"><\/div><div class=\"d-flex justify-content-center\"><button data-item=\"decouvrez_link\" data-group=\"website_links\" class=\"goto fw-bold rounded-pill btn btn-orange\" aria-label=\"Pobierz LootZino\" >Pobierz LootZino<\/button><\/div><div class=\"scrollable-content-wrap my-5\"><div class=\"scrollable-content-inner\"><h2>Pobieranie aplikacji dla system\u00f3w Windows i macOS<\/h2>\n<p>Klasyczny pulpit jest zawsze dost\u0119pny w ka\u017cdej przegl\u0105darce. Nie musisz pobiera\u0107 \u017cadnych dodatkowych aplikacji, aby uzyska\u0107 dost\u0119p do Lootzino Casino. Jednak wielu u\u017cytkownik\u00f3w preferuje du\u017cy ekran, aby jeszcze bardziej zaanga\u017cowa\u0107 si\u0119 w do\u015bwiadczenie gry.<\/p>\n<p>Aby uzyska\u0107 jeszcze szybszy dost\u0119p do strony internetowej Loot Zino, mo\u017cesz zainstalowa\u0107 ikon\u0119 skr\u00f3tu na ekranie g\u0142\u00f3wnym. W tym celu wystarczy odwiedzi\u0107 nasz\u0105 stron\u0119 internetow\u0105 i w ustawieniach strony znale\u017a\u0107 przycisk \u201eDodaj do ekranu g\u0142\u00f3wnego\u201d. Dzi\u0119ki temu b\u0119dziesz tylko o jedno klikni\u0119cie od nas.<\/p>\n<p><img loading=\"lazy\" decoding=\"async\" src=\"https:\/\/loot-zino.org\/wp-content\/uploads\/2025\/12\/Lootzino-Desktop.webp\" alt=\"Lootzino Desktop\" width=\"1248\" height=\"536\" \/><\/p>\n<\/div><\/div><div style=\"clear: both\"><\/div><div class=\"d-flex justify-content-center\"><button data-item=\"decouvrez_link\" data-group=\"website_links\" class=\"goto fw-bold rounded-pill btn btn-orange\" aria-label=\"Pobierz aplikacj\u0119 LootZino\" >Pobierz aplikacj\u0119 LootZino<\/button><\/div><div class=\"scrollable-content-wrap my-5\"><div class=\"scrollable-content-inner\"><h2>Cz\u0119sto zadawane pytania<\/h2>\n<h3>Czy aplikacja Loot Zino Casino oferuje obs\u0142ug\u0119 klienta?<\/h3>\n<p>Kasyno Lootzino jest odzwierciedleniem g\u0142\u00f3wnej wersji na komputery stacjonarne i obejmuje r\u00f3wnie\u017c obs\u0142ug\u0119 klienta. Mo\u017cesz skontaktowa\u0107 si\u0119 z naszym zespo\u0142em pomocy technicznej 24 godziny na dob\u0119, 7 dni w tygodniu, za po\u015brednictwem czatu na \u017cywo lub poczty elektronicznej.<\/p>\n<h3>Czy do korzystania z aplikacji Loot Zino konieczne jest utworzenie konta?<\/h3>\n<p>Aby uzyska\u0107 dost\u0119p do wszystkich gier i funkcji aplikacji Lootzino, musisz utworzy\u0107 konto lub zalogowa\u0107 si\u0119 na swoje konto. Je\u015bli jeste\u015b ju\u017c zarejestrowany na naszej platformie, wszystkie Twoje dane i osi\u0105gni\u0119cia zostan\u0105 zsynchronizowane mi\u0119dzy urz\u0105dzeniami. Przed pierwsz\u0105 wyp\u0142at\u0105 z aplikacji mobilnej poprosimy Ci\u0119 r\u00f3wnie\u017c o przej\u015bcie przez szybki proces weryfikacji.<\/p>\n<h3>Czy wszystkie gry s\u0105 dost\u0119pne w aplikacji?<\/h3>\n<p>Wszystkie ponad 6.000 tytu\u0142\u00f3w od zaufanych dostawc\u00f3w oprogramowania s\u0105 r\u00f3wnie\u017c dost\u0119pne w kasyno mobilnym. Chcemy, aby\u015b nie straci\u0142 nic w tym procesie, ale aby by\u0142 on jeszcze lepszy.<\/p>\n<h3>Jak mog\u0119 zaktualizowa\u0107 aplikacj\u0119 Lootzino Casino?<\/h3>\n<p>Poniewa\u017c jest to aplikacja PWA, aktualizuje si\u0119 ona sama, bez konieczno\u015bci wykonywania dodatkowych czynno\u015bci ze strony u\u017cytkownika. Jednak w przypadku wprowadzenia wi\u0119kszych zmian u\u017cytkownik otrzyma powiadomienie push z pro\u015bb\u0105 o zainstalowanie najnowszej wersji z naszej oficjalnej strony internetowej.<\/p>\n<\/div><\/div><\/p>\n","protected":false},"excerpt":{"rendered":"<p>Aplikacja Lootzino: mobilne gry kasynowe Lootzino App zosta\u0142a stworzona dla wszystkich naszych u\u017cytkownik\u00f3w z Polski korzystaj\u0105cych z system\u00f3w Android i iOS, kt\u00f3rzy wol\u0105 gra\u0107 na urz\u0105dzeniach mobilnych. Dzi\u0119ki naszemu kasynu online jest to mo\u017cliwe. Oprogramowanie mobilne posiada wszystkie funkcje dost\u0119pne w g\u0142\u00f3wnej wersji na komputery stacjonarne, w tym gry, p\u0142atno\u015bci, promocje i wiele innych. Zach\u0119camy [&hellip;]<\/p>\n","protected":false},"author":1,"featured_media":0,"parent":0,"menu_order":0,"comment_status":"closed","ping_status":"closed","template":"template-builder.php","meta":{"_acf_changed":false,"inline_featured_image":false,"footnotes":""},"class_list":["post-1426","page","type-page","status-publish","hentry"],"acf":[],"yoast_head":"<!-- This site is optimized with the Yoast SEO plugin v27.3 - https:\/\/yoast.com\/product\/yoast-seo-wordpress\/ -->\n<title>Lootzino App Pobierz | iOS i Android<\/title>\n<meta name=\"description\" content=\"Aplikacja Lootzino zapewnia p\u0142ynn\u0105 rozgrywk\u0119 na platformach Android, iOS, Windows i macOS, a tak\u017ce synchronizacj\u0119 kont, regularne aktualizacje i wbudowan\u0105 pomoc techniczn\u0105 dla u\u017cytkownik\u00f3w.\" \/>\n<meta name=\"robots\" content=\"index, follow, max-snippet:-1, max-image-preview:large, max-video-preview:-1\" \/>\n<link rel=\"canonical\" href=\"https:\/\/loot-zino.org\/pl\/aplikacja\/\" \/>\n<meta property=\"og:locale\" content=\"pl_PL\" \/>\n<meta property=\"og:type\" content=\"article\" \/>\n<meta property=\"og:title\" content=\"Lootzino App Pobierz | iOS i Android\" \/>\n<meta property=\"og:description\" content=\"Aplikacja Lootzino zapewnia p\u0142ynn\u0105 rozgrywk\u0119 na platformach Android, iOS, Windows i macOS, a tak\u017ce synchronizacj\u0119 kont, regularne aktualizacje i wbudowan\u0105 pomoc techniczn\u0105 dla u\u017cytkownik\u00f3w.\" \/>\n<meta property=\"og:url\" content=\"https:\/\/loot-zino.org\/pl\/aplikacja\/\" \/>\n<meta property=\"og:site_name\" content=\"lootzino\" \/>\n<meta property=\"article:modified_time\" content=\"2025-12-23T06:57:39+00:00\" \/>\n<meta name=\"twitter:card\" content=\"summary_large_image\" \/>\n<meta name=\"twitter:label1\" content=\"Est. reading time\" \/>\n\t<meta name=\"twitter:data1\" content=\"2 minuty\" \/>\n<script type=\"application\/ld+json\" class=\"yoast-schema-graph\">{\"@context\":\"https:\\\/\\\/schema.org\",\"@graph\":[{\"@type\":\"WebPage\",\"@id\":\"https:\\\/\\\/loot-zino.org\\\/pl\\\/aplikacja\\\/\",\"url\":\"https:\\\/\\\/loot-zino.org\\\/pl\\\/aplikacja\\\/\",\"name\":\"Lootzino App Pobierz | iOS i Android\",\"isPartOf\":{\"@id\":\"https:\\\/\\\/loot-zino.org\\\/pl\\\/#website\"},\"datePublished\":\"2025-12-22T12:41:17+00:00\",\"dateModified\":\"2025-12-23T06:57:39+00:00\",\"description\":\"Aplikacja Lootzino zapewnia p\u0142ynn\u0105 rozgrywk\u0119 na platformach Android, iOS, Windows i macOS, a tak\u017ce synchronizacj\u0119 kont, regularne aktualizacje i wbudowan\u0105 pomoc techniczn\u0105 dla u\u017cytkownik\u00f3w.\",\"breadcrumb\":{\"@id\":\"https:\\\/\\\/loot-zino.org\\\/pl\\\/aplikacja\\\/#breadcrumb\"},\"inLanguage\":\"pl-PL\",\"potentialAction\":[{\"@type\":\"ReadAction\",\"target\":[\"https:\\\/\\\/loot-zino.org\\\/pl\\\/aplikacja\\\/\"]}]},{\"@type\":\"BreadcrumbList\",\"@id\":\"https:\\\/\\\/loot-zino.org\\\/pl\\\/aplikacja\\\/#breadcrumb\",\"itemListElement\":[{\"@type\":\"ListItem\",\"position\":1,\"name\":\"Lootzino\",\"item\":\"https:\\\/\\\/loot-zino.org\\\/pl\\\/\"},{\"@type\":\"ListItem\",\"position\":2,\"name\":\"Aplikacja\"}]},{\"@type\":\"WebSite\",\"@id\":\"https:\\\/\\\/loot-zino.org\\\/pl\\\/#website\",\"url\":\"https:\\\/\\\/loot-zino.org\\\/pl\\\/\",\"name\":\"Lootzino\",\"description\":\"\",\"publisher\":{\"@id\":\"https:\\\/\\\/loot-zino.org\\\/pl\\\/#organization\"},\"potentialAction\":[{\"@type\":\"SearchAction\",\"target\":{\"@type\":\"EntryPoint\",\"urlTemplate\":\"https:\\\/\\\/loot-zino.org\\\/pl\\\/?s={search_term_string}\"},\"query-input\":{\"@type\":\"PropertyValueSpecification\",\"valueRequired\":true,\"valueName\":\"search_term_string\"}}],\"inLanguage\":\"pl-PL\"},{\"@type\":\"Organization\",\"@id\":\"https:\\\/\\\/loot-zino.org\\\/pl\\\/#organization\",\"name\":\"Lootzino\",\"url\":\"https:\\\/\\\/loot-zino.org\\\/pl\\\/\",\"logo\":{\"@type\":\"ImageObject\",\"inLanguage\":\"pl-PL\",\"@id\":\"https:\\\/\\\/loot-zino.org\\\/pl\\\/#\\\/schema\\\/logo\\\/image\\\/\",\"url\":\"https:\\\/\\\/loot-zino.org\\\/wp-content\\\/uploads\\\/2025\\\/12\\\/lootzino.svg\",\"contentUrl\":\"https:\\\/\\\/loot-zino.org\\\/wp-content\\\/uploads\\\/2025\\\/12\\\/lootzino.svg\",\"width\":16,\"height\":20,\"caption\":\"Lootzino\"},\"image\":{\"@id\":\"https:\\\/\\\/loot-zino.org\\\/pl\\\/#\\\/schema\\\/logo\\\/image\\\/\"}}]}<\/script>\n<!-- \/ Yoast SEO plugin. -->","yoast_head_json":{"title":"Lootzino App Pobierz | iOS i Android","description":"Aplikacja Lootzino zapewnia p\u0142ynn\u0105 rozgrywk\u0119 na platformach Android, iOS, Windows i macOS, a tak\u017ce synchronizacj\u0119 kont, regularne aktualizacje i wbudowan\u0105 pomoc techniczn\u0105 dla u\u017cytkownik\u00f3w.","robots":{"index":"index","follow":"follow","max-snippet":"max-snippet:-1","max-image-preview":"max-image-preview:large","max-video-preview":"max-video-preview:-1"},"canonical":"https:\/\/loot-zino.org\/pl\/aplikacja\/","og_locale":"pl_PL","og_type":"article","og_title":"Lootzino App Pobierz | iOS i Android","og_description":"Aplikacja Lootzino zapewnia p\u0142ynn\u0105 rozgrywk\u0119 na platformach Android, iOS, Windows i macOS, a tak\u017ce synchronizacj\u0119 kont, regularne aktualizacje i wbudowan\u0105 pomoc techniczn\u0105 dla u\u017cytkownik\u00f3w.","og_url":"https:\/\/loot-zino.org\/pl\/aplikacja\/","og_site_name":"lootzino","article_modified_time":"2025-12-23T06:57:39+00:00","twitter_card":"summary_large_image","twitter_misc":{"Est. reading time":"2 minuty"},"schema":{"@context":"https:\/\/schema.org","@graph":[{"@type":"WebPage","@id":"https:\/\/loot-zino.org\/pl\/aplikacja\/","url":"https:\/\/loot-zino.org\/pl\/aplikacja\/","name":"Lootzino App Pobierz | iOS i Android","isPartOf":{"@id":"https:\/\/loot-zino.org\/pl\/#website"},"datePublished":"2025-12-22T12:41:17+00:00","dateModified":"2025-12-23T06:57:39+00:00","description":"Aplikacja Lootzino zapewnia p\u0142ynn\u0105 rozgrywk\u0119 na platformach Android, iOS, Windows i macOS, a tak\u017ce synchronizacj\u0119 kont, regularne aktualizacje i wbudowan\u0105 pomoc techniczn\u0105 dla u\u017cytkownik\u00f3w.","breadcrumb":{"@id":"https:\/\/loot-zino.org\/pl\/aplikacja\/#breadcrumb"},"inLanguage":"pl-PL","potentialAction":[{"@type":"ReadAction","target":["https:\/\/loot-zino.org\/pl\/aplikacja\/"]}]},{"@type":"BreadcrumbList","@id":"https:\/\/loot-zino.org\/pl\/aplikacja\/#breadcrumb","itemListElement":[{"@type":"ListItem","position":1,"name":"Lootzino","item":"https:\/\/loot-zino.org\/pl\/"},{"@type":"ListItem","position":2,"name":"Aplikacja"}]},{"@type":"WebSite","@id":"https:\/\/loot-zino.org\/pl\/#website","url":"https:\/\/loot-zino.org\/pl\/","name":"Lootzino","description":"","publisher":{"@id":"https:\/\/loot-zino.org\/pl\/#organization"},"potentialAction":[{"@type":"SearchAction","target":{"@type":"EntryPoint","urlTemplate":"https:\/\/loot-zino.org\/pl\/?s={search_term_string}"},"query-input":{"@type":"PropertyValueSpecification","valueRequired":true,"valueName":"search_term_string"}}],"inLanguage":"pl-PL"},{"@type":"Organization","@id":"https:\/\/loot-zino.org\/pl\/#organization","name":"Lootzino","url":"https:\/\/loot-zino.org\/pl\/","logo":{"@type":"ImageObject","inLanguage":"pl-PL","@id":"https:\/\/loot-zino.org\/pl\/#\/schema\/logo\/image\/","url":"https:\/\/loot-zino.org\/wp-content\/uploads\/2025\/12\/lootzino.svg","contentUrl":"https:\/\/loot-zino.org\/wp-content\/uploads\/2025\/12\/lootzino.svg","width":16,"height":20,"caption":"Lootzino"},"image":{"@id":"https:\/\/loot-zino.org\/pl\/#\/schema\/logo\/image\/"}}]}},"_links":{"self":[{"href":"https:\/\/loot-zino.org\/pl\/wp-json\/wp\/v2\/pages\/1426","targetHints":{"allow":["GET"]}}],"collection":[{"href":"https:\/\/loot-zino.org\/pl\/wp-json\/wp\/v2\/pages"}],"about":[{"href":"https:\/\/loot-zino.org\/pl\/wp-json\/wp\/v2\/types\/page"}],"author":[{"embeddable":true,"href":"https:\/\/loot-zino.org\/pl\/wp-json\/wp\/v2\/users\/1"}],"replies":[{"embeddable":true,"href":"https:\/\/loot-zino.org\/pl\/wp-json\/wp\/v2\/comments?post=1426"}],"version-history":[{"count":2,"href":"https:\/\/loot-zino.org\/pl\/wp-json\/wp\/v2\/pages\/1426\/revisions"}],"predecessor-version":[{"id":1757,"href":"https:\/\/loot-zino.org\/pl\/wp-json\/wp\/v2\/pages\/1426\/revisions\/1757"}],"wp:attachment":[{"href":"https:\/\/loot-zino.org\/pl\/wp-json\/wp\/v2\/media?parent=1426"}],"curies":[{"name":"wp","href":"https:\/\/api.w.org\/{rel}","templated":true}]}}