{"id":1460,"date":"2025-12-22T12:46:29","date_gmt":"2025-12-22T12:46:29","guid":{"rendered":"https:\/\/loot-zino.org\/login-and-registration\/"},"modified":"2025-12-22T13:47:01","modified_gmt":"2025-12-22T13:47:01","slug":"inloggen-en-registreren","status":"publish","type":"page","link":"https:\/\/loot-zino.org\/nl\/inloggen-en-registreren\/","title":{"rendered":"Inloggen en registreren"},"content":{"rendered":"<h1>Lootzino Login: Snelle registratie en accountbeheer<\/h1>\n<p>Om je favoriete spellen vanuit Nederland te kunnen spelen, hoef je slechts een paar minuten te besteden aan een eenvoudig Lootzino login proces. Daarna krijg je toegang tot alle beschikbare functionaliteiten van onze website, inclusief alle titels, betalingen, bonussen, klantenondersteuning en nog veel meer. Gebruikers moeten 18 jaar of ouder zijn om zich te kunnen registreren bij Lootzino Casino.<\/p>\n<p><div class=\"banner-wrap\" aria-label=\"Banner\"><img src=\"https:\/\/loot-zino.org\/wp-content\/uploads\/2025\/12\/Lootzino-banner-carousel-800\u0445400.webp\" class=\"w-100 d-none d-lg-block img-pc main-banner-img\" alt=\"Lootzino banner desktop\" fetchpriority=\"high\" decoding=\"async\"><img src=\"https:\/\/loot-zino.org\/wp-content\/uploads\/2025\/12\/Lootzino-banner-mobile-1.webp\" class=\"w-100 d-none d-md-block d-lg-none main-banner-img\" alt=\"Lootzino banner mobile\" fetchpriority=\"high\" decoding=\"async\"><img src=\"https:\/\/loot-zino.org\/wp-content\/uploads\/2025\/12\/Lootzino-banner-mobile-1.webp\" class=\"w-100 d-md-none\" alt=\"Lootzino banner mobile\" fetchpriority=\"high\" decoding=\"async\"><div class=\"banner-description\">\n<div class=\"banner-title\">Welkomstbonussen<\/div>\n<p class=\"banner-header-title\">1500 \u20ac<\/p>\n<div class=\"banner-header-AdditionalText\">+ 250 Gratis Spins<\/div>\n<button data-item=\"homepage_banner_link\" class=\"goto m-button m-gradient-border m-button--primary m-button--large banner-button btn-orange\">\n            <div class=\"m-button-content\">\n                <span>Meld je nu aan<\/span>\n                <span><\/span>\n            <\/div>\n        <\/button>\n<\/div>\n<div class=\"WelcomePack\">\n<p><img loading=\"lazy\" decoding=\"async\" class=\"alignnone size-full wp-image-1338\" src=\"https:\/\/loot-zino.org\/wp-content\/uploads\/2025\/12\/welcome-crown.svg\" alt=\"crown\" width=\"25\" height=\"26\" \/><\/p>\n<div class=\"WelcomePack-Info\">Wekelijkse cashback tot 25%<\/div>\n<p><img loading=\"lazy\" decoding=\"async\" class=\"alignnone size-full wp-image-1338\" src=\"https:\/\/loot-zino.org\/wp-content\/uploads\/2025\/12\/welcome-crown.svg\" alt=\"crown\" width=\"25\" height=\"26\" \/><\/p>\n<\/div>\n<\/div><div class=\"scrollable-content-wrap my-5\"><div class=\"scrollable-content-inner\"><h2>Loot Zino Casino: Registratie nieuwe speler<\/h2>\n<p>Registratie bij Lootzino Casino opent de deuren naar de beste functies van moderne gokplatforms. Je kunt kiezen uit meer dan 6.000 spellen, waaronder online slots, tafelspellen, live dealer-opties, instant-titels en nog veel meer. Stortingen en opnames zijn ook alleen beschikbaar nadat je de Lootzino-inlogstappen hebt voltooid.<\/p>\n<p>Het account biedt u vele mogelijkheden om uw gegevens te beheren en optimaal van het spel te genieten. Lees de algemene voorwaarden zorgvuldig door voordat u doorgaat met het Lootzino-inlogproces. Zo kan \u00e9\u00e9n persoon slechts \u00e9\u00e9n account op onze website hebben. Daarnaast moet u volgens de wet 18 jaar of ouder zijn om u te registreren en te spelen in een online casino.<\/p>\n<h3>Maak uw account aan<\/h3>\n<p>Ons doel was om het registratieproces eenvoudig te maken, zodat zelfs nieuwe gebruikers hun weg kunnen vinden en het snel kunnen doen. We vragen je niet om onnodige gegevens \u2013 alleen je e-mailadres en wachtwoord zijn nodig. In de onderstaande tabel vind je een stapsgewijze handleiding voor het aanmaken van een account bij Loot Zino.<\/p>\n<table>\n<tbody>\n<tr>\n<td>Stap<\/td>\n<td>Details<\/td>\n<\/tr>\n<tr>\n<td>Klik op de knop &#8216;Aanmelden&#8217;.<\/td>\n<td>De knop bevindt zich in de rechterbovenhoek van het startscherm.<\/td>\n<\/tr>\n<tr>\n<td>Vul de belangrijkste informatie in<\/td>\n<td>U moet uw e-mailadres invoeren en een wachtwoord aanmaken. Het wachtwoord moet langer zijn dan 6 tekens.<\/td>\n<\/tr>\n<tr>\n<td>Accepteer de regels van ons platform<\/td>\n<td>Elke gebruiker moet zijn leeftijd bevestigen en akkoord gaan met de algemene voorwaarden van Lootzino Casino.<\/td>\n<\/tr>\n<tr>\n<td>Klik op de knop &#8216;Aanmelden&#8217;.<\/td>\n<td>Het is nodig om het hoofdregistratieproces af te ronden.<\/td>\n<\/tr>\n<tr>\n<td>Vul de aanvullende persoonlijke gegevens in<\/td>\n<td>Je moet je volledige naam, geboortedatum en thuisadres invoeren. Je kunt deze stap overslaan en later uitvoeren.<\/td>\n<\/tr>\n<tr>\n<td>Klik op de knop &#8216;Opslaan&#8217;.<\/td>\n<td>Na deze stap bent u volledig geregistreerd op het platform en kunt u beginnen met spelen voor echt geld.<\/td>\n<\/tr>\n<\/tbody>\n<\/table>\n<h2>Aan de slag met het Lootzino account<\/h2>\n<p>Als u ons platform al eerder hebt bezocht, hoeft u alleen maar het Lootzino-inlogproces te doorlopen. We vragen u om de gegevens die u bij uw registratie hebt gebruikt: uw e-mailadres en wachtwoord. De inlogknop bevindt zich in de rechterbovenhoek van de hoofdpagina. Uw account en de instellingen ervan hebben vele functionaliteiten, waaronder de volgende:<\/p>\n<ul>\n<li>Accountbeheer \u2013 u kunt uw persoonlijke gegevens en betalingsgegevens wijzigen.<\/li>\n<li>Hulpmiddelen voor verantwoord gokken \u2013 er zijn opties voor tijds- en financi\u00eble limieten en een hulpmiddel voor zelfuitsluiting.<\/li>\n<li>Activiteitengeschiedenis \u2013 volg je spel-, stortings- en winstgeschiedenis om de voortgang te zien.<\/li>\n<li>Verificatieproces \u2013 voordat u voor het eerst geld kunt opnemen, moet u documenten uploaden waarmee uw identiteit kan worden geverifieerd.<\/li>\n<\/ul>\n<h3>Wachtwoord vergeten?<\/h3>\n<p>Ten eerste kunt u in de accountinstellingen uw persoonlijke gegevens bijwerken, inclusief uw wachtwoord. Maar als u het bent vergeten v\u00f3\u00f3r het Loot Zino-inlogproces, hebben we ook een oplossing voor u. Onderaan het inlogformulier vindt u de link &#8216;Wachtwoord vergeten?&#8217;. Nadat u hierop hebt geklikt en uw e-mailadres hebt ingevoerd, sturen we u een link om uw wachtwoord opnieuw in te stellen. Nu hoeft u alleen nog maar een nieuw wachtwoord aan te maken en dit te gebruiken wanneer u de volgende keer toegang wilt krijgen tot uw Lootzino Casino-account.<\/p>\n<h3>Loot Zino Casino: Beveiliging en verificatie van accounts<\/h3>\n<p>Als erkend casino volgen we alle vereiste protocollen en voorschriften om uw persoonlijke gegevens en betalingsinformatie veilig te houden. U kunt uw account nog veiliger maken door tweefactorauthenticatie in te stellen.<\/p>\n<p>Om fraude te voorkomen en een veilig platform te garanderen, vereist Lootzino Casino dat alle gebruikers het verificatieproces doorlopen voordat ze hun eerste opname kunnen doen. Hiervoor moet u documenten uploaden die uw identiteit, leeftijd, woonadres en eigendom van de betaalrekening of kaart bewijzen. Onze managers controleren de ge\u00fcploade documenten binnen 48 uur en geven u een antwoord.<\/p>\n<h2>Veelgestelde vragen<\/h2>\n<h3>Hoe voltooi ik het accountverificatieproces?<\/h3>\n<p>Om het verificatieproces te voltooien, vragen we je om kopie\u00ebn of foto&#8217;s van je documenten te uploaden, waaronder je identiteitskaart, paspoort, rijbewijs, energierekening en bankafschrift. Zodra je groen licht krijgt van onze managers, kun je je geld zonder verder uitstel opnemen.<\/p>\n<h3>Hoe kan ik mijn wachtwoord of e-mailadres bijwerken?<\/h3>\n<p>In de instellingen van uw persoonlijke account bij Lootzino Casino kunt u uw persoonlijke gegevens wijzigen, waaronder uw wachtwoord en e-mailadres. Dit kost slechts enkele minuten en de volgende keer dat u zich aanmeldt bij Lootzino login, moet u de nieuwe gegevens gebruiken.<\/p>\n<h3>Wat moet ik doen als mijn account is geblokkeerd?<\/h3>\n<p>Als u geen e-mail hebt ontvangen over het blokkeren van uw account, neem dan contact op met ons supportteam via live chat of e-mail. De managers van Loot Zino Casino zullen u uitleggen waarom uw account is geblokkeerd, wat u kunt doen en wanneer.<\/p>\n<h3>Hoe kan ik mijn account sluiten of tijdelijk opschorten?<\/h3>\n<p>Om dat te doen, moet u contact opnemen met onze meertalige ondersteuningsdienst. Zij zullen u vragen naar de redenen en alle nodige maatregelen nemen. U hoeft verder niets te doen.<\/p>\n<\/div><\/div><\/p>\n","protected":false},"excerpt":{"rendered":"<p>Lootzino Login: Snelle registratie en accountbeheer Om je favoriete spellen vanuit Nederland te kunnen spelen, hoef je slechts een paar minuten te besteden aan een eenvoudig Lootzino login proces. Daarna krijg je toegang tot alle beschikbare functionaliteiten van onze website, inclusief alle titels, betalingen, bonussen, klantenondersteuning en nog veel meer. Gebruikers moeten 18 jaar of [&hellip;]<\/p>\n","protected":false},"author":1,"featured_media":0,"parent":0,"menu_order":0,"comment_status":"closed","ping_status":"closed","template":"template-builder.php","meta":{"_acf_changed":false,"inline_featured_image":false,"footnotes":""},"class_list":["post-1460","page","type-page","status-publish","hentry"],"acf":[],"yoast_head":"<!-- This site is optimized with the Yoast SEO plugin v27.3 - https:\/\/yoast.com\/product\/yoast-seo-wordpress\/ -->\n<title>Lootzino Inloggen \u2013 Registreren &amp; Account beheren<\/title>\n<meta name=\"description\" content=\"Maak, beheer en verifieer eenvoudig uw Lootzino Casino-account met snelle registratie, naadloos accountherstel en veilige accountbe\u00ebindiging, waardoor u 24\/7 bescherming geniet via Lootzino Login.\" \/>\n<meta name=\"robots\" content=\"index, follow, max-snippet:-1, max-image-preview:large, max-video-preview:-1\" \/>\n<link rel=\"canonical\" href=\"https:\/\/loot-zino.org\/nl\/inloggen-en-registreren\/\" \/>\n<meta property=\"og:locale\" content=\"nl_NL\" \/>\n<meta property=\"og:type\" content=\"article\" \/>\n<meta property=\"og:title\" content=\"Lootzino Inloggen \u2013 Registreren &amp; Account beheren\" \/>\n<meta property=\"og:description\" content=\"Maak, beheer en verifieer eenvoudig uw Lootzino Casino-account met snelle registratie, naadloos accountherstel en veilige accountbe\u00ebindiging, waardoor u 24\/7 bescherming geniet via Lootzino Login.\" \/>\n<meta property=\"og:url\" content=\"https:\/\/loot-zino.org\/nl\/inloggen-en-registreren\/\" \/>\n<meta property=\"og:site_name\" content=\"lootzino\" \/>\n<meta property=\"article:modified_time\" content=\"2025-12-22T13:47:01+00:00\" \/>\n<meta name=\"twitter:card\" content=\"summary_large_image\" \/>\n<meta name=\"twitter:label1\" content=\"Est. reading time\" \/>\n\t<meta name=\"twitter:data1\" content=\"1 minuut\" \/>\n<script type=\"application\/ld+json\" class=\"yoast-schema-graph\">{\"@context\":\"https:\\\/\\\/schema.org\",\"@graph\":[{\"@type\":\"WebPage\",\"@id\":\"https:\\\/\\\/loot-zino.org\\\/nl\\\/inloggen-en-registreren\\\/\",\"url\":\"https:\\\/\\\/loot-zino.org\\\/nl\\\/inloggen-en-registreren\\\/\",\"name\":\"Lootzino Inloggen \u2013 Registreren & Account beheren\",\"isPartOf\":{\"@id\":\"https:\\\/\\\/loot-zino.org\\\/nl\\\/#website\"},\"datePublished\":\"2025-12-22T12:46:29+00:00\",\"dateModified\":\"2025-12-22T13:47:01+00:00\",\"description\":\"Maak, beheer en verifieer eenvoudig uw Lootzino Casino-account met snelle registratie, naadloos accountherstel en veilige accountbe\u00ebindiging, waardoor u 24\\\/7 bescherming geniet via Lootzino Login.\",\"breadcrumb\":{\"@id\":\"https:\\\/\\\/loot-zino.org\\\/nl\\\/inloggen-en-registreren\\\/#breadcrumb\"},\"inLanguage\":\"nl-NL\",\"potentialAction\":[{\"@type\":\"ReadAction\",\"target\":[\"https:\\\/\\\/loot-zino.org\\\/nl\\\/inloggen-en-registreren\\\/\"]}]},{\"@type\":\"BreadcrumbList\",\"@id\":\"https:\\\/\\\/loot-zino.org\\\/nl\\\/inloggen-en-registreren\\\/#breadcrumb\",\"itemListElement\":[{\"@type\":\"ListItem\",\"position\":1,\"name\":\"Lootzino\",\"item\":\"https:\\\/\\\/loot-zino.org\\\/nl\\\/\"},{\"@type\":\"ListItem\",\"position\":2,\"name\":\"Inloggen en registreren\"}]},{\"@type\":\"WebSite\",\"@id\":\"https:\\\/\\\/loot-zino.org\\\/nl\\\/#website\",\"url\":\"https:\\\/\\\/loot-zino.org\\\/nl\\\/\",\"name\":\"Lootzino\",\"description\":\"\",\"publisher\":{\"@id\":\"https:\\\/\\\/loot-zino.org\\\/nl\\\/#organization\"},\"potentialAction\":[{\"@type\":\"SearchAction\",\"target\":{\"@type\":\"EntryPoint\",\"urlTemplate\":\"https:\\\/\\\/loot-zino.org\\\/nl\\\/?s={search_term_string}\"},\"query-input\":{\"@type\":\"PropertyValueSpecification\",\"valueRequired\":true,\"valueName\":\"search_term_string\"}}],\"inLanguage\":\"nl-NL\"},{\"@type\":\"Organization\",\"@id\":\"https:\\\/\\\/loot-zino.org\\\/nl\\\/#organization\",\"name\":\"Lootzino\",\"url\":\"https:\\\/\\\/loot-zino.org\\\/nl\\\/\",\"logo\":{\"@type\":\"ImageObject\",\"inLanguage\":\"nl-NL\",\"@id\":\"https:\\\/\\\/loot-zino.org\\\/nl\\\/#\\\/schema\\\/logo\\\/image\\\/\",\"url\":\"https:\\\/\\\/loot-zino.org\\\/wp-content\\\/uploads\\\/2025\\\/12\\\/lootzino.svg\",\"contentUrl\":\"https:\\\/\\\/loot-zino.org\\\/wp-content\\\/uploads\\\/2025\\\/12\\\/lootzino.svg\",\"width\":16,\"height\":20,\"caption\":\"Lootzino\"},\"image\":{\"@id\":\"https:\\\/\\\/loot-zino.org\\\/nl\\\/#\\\/schema\\\/logo\\\/image\\\/\"}}]}<\/script>\n<!-- \/ Yoast SEO plugin. -->","yoast_head_json":{"title":"Lootzino Inloggen \u2013 Registreren & Account beheren","description":"Maak, beheer en verifieer eenvoudig uw Lootzino Casino-account met snelle registratie, naadloos accountherstel en veilige accountbe\u00ebindiging, waardoor u 24\/7 bescherming geniet via Lootzino Login.","robots":{"index":"index","follow":"follow","max-snippet":"max-snippet:-1","max-image-preview":"max-image-preview:large","max-video-preview":"max-video-preview:-1"},"canonical":"https:\/\/loot-zino.org\/nl\/inloggen-en-registreren\/","og_locale":"nl_NL","og_type":"article","og_title":"Lootzino Inloggen \u2013 Registreren & Account beheren","og_description":"Maak, beheer en verifieer eenvoudig uw Lootzino Casino-account met snelle registratie, naadloos accountherstel en veilige accountbe\u00ebindiging, waardoor u 24\/7 bescherming geniet via Lootzino Login.","og_url":"https:\/\/loot-zino.org\/nl\/inloggen-en-registreren\/","og_site_name":"lootzino","article_modified_time":"2025-12-22T13:47:01+00:00","twitter_card":"summary_large_image","twitter_misc":{"Est. reading time":"1 minuut"},"schema":{"@context":"https:\/\/schema.org","@graph":[{"@type":"WebPage","@id":"https:\/\/loot-zino.org\/nl\/inloggen-en-registreren\/","url":"https:\/\/loot-zino.org\/nl\/inloggen-en-registreren\/","name":"Lootzino Inloggen \u2013 Registreren & Account beheren","isPartOf":{"@id":"https:\/\/loot-zino.org\/nl\/#website"},"datePublished":"2025-12-22T12:46:29+00:00","dateModified":"2025-12-22T13:47:01+00:00","description":"Maak, beheer en verifieer eenvoudig uw Lootzino Casino-account met snelle registratie, naadloos accountherstel en veilige accountbe\u00ebindiging, waardoor u 24\/7 bescherming geniet via Lootzino Login.","breadcrumb":{"@id":"https:\/\/loot-zino.org\/nl\/inloggen-en-registreren\/#breadcrumb"},"inLanguage":"nl-NL","potentialAction":[{"@type":"ReadAction","target":["https:\/\/loot-zino.org\/nl\/inloggen-en-registreren\/"]}]},{"@type":"BreadcrumbList","@id":"https:\/\/loot-zino.org\/nl\/inloggen-en-registreren\/#breadcrumb","itemListElement":[{"@type":"ListItem","position":1,"name":"Lootzino","item":"https:\/\/loot-zino.org\/nl\/"},{"@type":"ListItem","position":2,"name":"Inloggen en registreren"}]},{"@type":"WebSite","@id":"https:\/\/loot-zino.org\/nl\/#website","url":"https:\/\/loot-zino.org\/nl\/","name":"Lootzino","description":"","publisher":{"@id":"https:\/\/loot-zino.org\/nl\/#organization"},"potentialAction":[{"@type":"SearchAction","target":{"@type":"EntryPoint","urlTemplate":"https:\/\/loot-zino.org\/nl\/?s={search_term_string}"},"query-input":{"@type":"PropertyValueSpecification","valueRequired":true,"valueName":"search_term_string"}}],"inLanguage":"nl-NL"},{"@type":"Organization","@id":"https:\/\/loot-zino.org\/nl\/#organization","name":"Lootzino","url":"https:\/\/loot-zino.org\/nl\/","logo":{"@type":"ImageObject","inLanguage":"nl-NL","@id":"https:\/\/loot-zino.org\/nl\/#\/schema\/logo\/image\/","url":"https:\/\/loot-zino.org\/wp-content\/uploads\/2025\/12\/lootzino.svg","contentUrl":"https:\/\/loot-zino.org\/wp-content\/uploads\/2025\/12\/lootzino.svg","width":16,"height":20,"caption":"Lootzino"},"image":{"@id":"https:\/\/loot-zino.org\/nl\/#\/schema\/logo\/image\/"}}]}},"_links":{"self":[{"href":"https:\/\/loot-zino.org\/nl\/wp-json\/wp\/v2\/pages\/1460","targetHints":{"allow":["GET"]}}],"collection":[{"href":"https:\/\/loot-zino.org\/nl\/wp-json\/wp\/v2\/pages"}],"about":[{"href":"https:\/\/loot-zino.org\/nl\/wp-json\/wp\/v2\/types\/page"}],"author":[{"embeddable":true,"href":"https:\/\/loot-zino.org\/nl\/wp-json\/wp\/v2\/users\/1"}],"replies":[{"embeddable":true,"href":"https:\/\/loot-zino.org\/nl\/wp-json\/wp\/v2\/comments?post=1460"}],"version-history":[{"count":1,"href":"https:\/\/loot-zino.org\/nl\/wp-json\/wp\/v2\/pages\/1460\/revisions"}],"predecessor-version":[{"id":1526,"href":"https:\/\/loot-zino.org\/nl\/wp-json\/wp\/v2\/pages\/1460\/revisions\/1526"}],"wp:attachment":[{"href":"https:\/\/loot-zino.org\/nl\/wp-json\/wp\/v2\/media?parent=1460"}],"curies":[{"name":"wp","href":"https:\/\/api.w.org\/{rel}","templated":true}]}}