{"id":1464,"date":"2025-12-22T12:46:29","date_gmt":"2025-12-22T12:46:29","guid":{"rendered":"https:\/\/loot-zino.org\/login-and-registration\/"},"modified":"2025-12-23T06:40:22","modified_gmt":"2025-12-23T06:40:22","slug":"accesso-e-registrazione","status":"publish","type":"page","link":"https:\/\/loot-zino.org\/it\/accesso-e-registrazione\/","title":{"rendered":"Accesso e registrazione"},"content":{"rendered":"<h1>Accesso a Lootzino: registrazione rapida e gestione dell&#8217;account<\/h1>\n<p>Per iniziare a giocare ai tuoi giochi preferiti dall&#8217;Italia, dovrai dedicare solo pochi minuti alla semplice procedura di Lootzino login. Dopodich\u00e9, avrai accesso a tutte le funzionalit\u00e0 disponibili sul nostro sito web, inclusi tutti i titoli, i pagamenti, i bonus, l&#8217;assistenza clienti e molto altro ancora. Gli utenti italiani devono avere almeno 18 anni per registrarsi su Lootzino Casino.<\/p>\n<p><div class=\"banner-wrap\" aria-label=\"Banner\"><img src=\"https:\/\/loot-zino.org\/wp-content\/uploads\/2025\/12\/Lootzino-banner-carousel-800\u0445400.webp\" class=\"w-100 d-none d-lg-block img-pc main-banner-img\" alt=\"Lootzino banner desktop\" fetchpriority=\"high\" decoding=\"async\"><img src=\"https:\/\/loot-zino.org\/wp-content\/uploads\/2025\/12\/Lootzino-banner-mobile-1.webp\" class=\"w-100 d-none d-md-block d-lg-none main-banner-img\" alt=\"Lootzino banner mobile\" fetchpriority=\"high\" decoding=\"async\"><img src=\"https:\/\/loot-zino.org\/wp-content\/uploads\/2025\/12\/Lootzino-banner-mobile-1.webp\" class=\"w-100 d-md-none\" alt=\"Lootzino banner mobile\" fetchpriority=\"high\" decoding=\"async\"><div class=\"banner-description\">\n<div class=\"banner-title\">Bonus di benvenuto<\/div>\n<p class=\"banner-header-title\">1500 \u20ac<\/p>\n<div class=\"banner-header-AdditionalText\">+ 250 Giri gratuiti<\/div>\n<button data-item=\"homepage_banner_link\" class=\"goto m-button m-gradient-border m-button--primary m-button--large banner-button btn-orange\">\n            <div class=\"m-button-content\">\n                <span>Iscriviti ora<\/span>\n                <span><\/span>\n            <\/div>\n        <\/button>\n<\/div>\n<div class=\"WelcomePack\">\n<p><img loading=\"lazy\" decoding=\"async\" class=\"alignnone size-full wp-image-1338\" src=\"https:\/\/loot-zino.org\/wp-content\/uploads\/2025\/12\/welcome-crown.svg\" alt=\"crown\" width=\"25\" height=\"26\" \/><\/p>\n<div class=\"WelcomePack-Info\">Cashback settimanale fino al 25%<\/div>\n<p><img loading=\"lazy\" decoding=\"async\" class=\"alignnone size-full wp-image-1338\" src=\"https:\/\/loot-zino.org\/wp-content\/uploads\/2025\/12\/welcome-crown.svg\" alt=\"crown\" width=\"25\" height=\"26\" \/><\/p>\n<\/div>\n<\/div><div class=\"scrollable-content-wrap my-5\"><div class=\"scrollable-content-inner\"><h2>Loot Zino Casino: Registrazione nuovi giocatori<\/h2>\n<p>La registrazione su Lootzino Casino ti apre le porte alle migliori funzionalit\u00e0 delle moderne piattaforme di gioco d&#8217;azzardo. Puoi iniziare a scegliere tra oltre 6.000 giochi, tra cui slot online, giochi da tavolo, opzioni con croupier dal vivo, titoli istantanei e molto altro ancora. Anche i depositi e i prelievi sono disponibili solo dopo aver completato la procedura di accesso a Lootzino.<\/p>\n<p>L&#8217;account ti offre numerose opzioni per gestire i tuoi dati e goderti appieno l&#8217;esperienza di gioco. Ti preghiamo di leggere attentamente i termini e le condizioni prima di procedere con la procedura di accesso a Lootzino. Ad esempio, ogni persona pu\u00f2 avere un solo account sul nostro sito web. Inoltre, in base alla legge, per registrarti e giocare in un casin\u00f2 online devi avere almeno 18 anni.<\/p>\n<h3>Crea il tuo account<\/h3>\n<p>Il nostro obiettivo era quello di rendere il processo di registrazione semplice, in modo che anche i nuovi utenti potessero orientarsi e completarlo rapidamente. Non ti chiediamo dati superflui: sono necessari solo il tuo indirizzo e-mail e la password. Nella tabella sottostante trovi una guida passo passo su come creare un account su Loot Zino.<\/p>\n<table>\n<tbody>\n<tr>\n<td>Passo<\/td>\n<td>Dettagli<\/td>\n<\/tr>\n<tr>\n<td>Clicca sul pulsante \u201cIscriviti\u201d<\/td>\n<td>Il pulsante si trova nell&#8217;angolo in alto a destra della schermata iniziale.<\/td>\n<\/tr>\n<tr>\n<td>Inserisci le informazioni principali<\/td>\n<td>Devi inserire il tuo indirizzo e-mail e creare una password. La password deve essere composta da pi\u00f9 di 6 caratteri.<\/td>\n<\/tr>\n<tr>\n<td>Accetta le regole della nostra piattaforma<\/td>\n<td>Ogni utente deve confermare la propria et\u00e0 e accettare i termini e le condizioni di Lootzino Casino<\/td>\n<\/tr>\n<tr>\n<td>Clicca sul pulsante \u201cIscriviti\u201d<\/td>\n<td>\u00c8 necessario per completare la procedura di registrazione principale.<\/td>\n<\/tr>\n<tr>\n<td>Inserisci le informazioni personali aggiuntive<\/td>\n<td>Devi inserire il tuo nome completo, la data di nascita e l&#8217;indirizzo di residenza. Puoi saltare questo passaggio e farlo in un secondo momento.<\/td>\n<\/tr>\n<tr>\n<td>Clicca sul pulsante \u201cSalva\u201d<\/td>\n<td>Dopo questo passaggio, la registrazione sulla piattaforma \u00e8 completata e puoi iniziare a giocare con denaro reale.<\/td>\n<\/tr>\n<\/tbody>\n<\/table>\n<h2>Guida introduttiva all&#8217;account Lootzino<\/h2>\n<p>Se hai gi\u00e0 visitato la nostra piattaforma in precedenza, devi solo completare la procedura di accesso a Lootzino. Ti chiederemo i dati che hai utilizzato al momento della registrazione: il tuo indirizzo e-mail e la password. Il pulsante di accesso si trova nell&#8217;angolo in alto a destra della pagina principale. Il tuo account e le sue impostazioni hanno molte funzionalit\u00e0, tra cui le seguenti:<\/p>\n<ul>\n<li>Gestione account: puoi modificare le tue informazioni personali e di pagamento.<\/li>\n<li>Strumenti per il gioco responsabile: sono disponibili opzioni di limite di tempo e finanziario e uno strumento di autoesclusione.<\/li>\n<li>Cronologia attivit\u00e0: segui la cronologia delle tue giocate, dei tuoi depositi e delle tue vincite per vedere i tuoi progressi.<\/li>\n<li>Processo di verifica: prima del primo prelievo, \u00e8 necessario caricare i documenti che attestano la propria identit\u00e0.<\/li>\n<\/ul>\n<h3>Hai dimenticato la password?<\/h3>\n<p>Innanzitutto, nelle impostazioni dell&#8217;account puoi aggiornare le tue informazioni personali, compresa la password. Ma se l&#8217;hai dimenticata prima di effettuare il login su Loot Zino, abbiamo una soluzione anche per te. Alla fine del modulo di accesso troverai il link \u201cHai dimenticato la password?\u201d. Dopo aver cliccato su di esso e aver inserito la tua email, ti invieremo un link per reimpostare la password. Ora non ti resta che crearne una nuova e utilizzarla la prossima volta che vorrai accedere al tuo account Lootzino Casino.<\/p>\n<h3>Loot Zino Casino: Protezione e verifica dell&#8217;account<\/h3>\n<p>In qualit\u00e0 di casin\u00f2 autorizzato, seguiamo tutti i protocolli e le normative richiesti per garantire la sicurezza dei tuoi dati personali e delle tue informazioni di pagamento. Puoi rendere il tuo account ancora pi\u00f9 sicuro impostando l&#8217;autenticazione a due fattori.<\/p>\n<p>Per prevenire frodi e garantire una piattaforma sicura, Lootzino Casino richiede a tutti gli utenti di completare il processo di verifica prima del loro primo prelievo. Per farlo, \u00e8 necessario caricare i documenti che provano la propria identit\u00e0, et\u00e0, indirizzo di residenza e titolarit\u00e0 del conto o della carta di pagamento. I nostri responsabili controlleranno i documenti caricati entro 48 ore e ti daranno una risposta.<\/p>\n<h2>Domande frequenti<\/h2>\n<h3>Come posso completare il processo di verifica dell&#8217;account?<\/h3>\n<p>Per completare il processo di verifica, ti chiederemo di caricare copie o foto dei tuoi documenti, tra cui carta d&#8217;identit\u00e0, passaporto, patente di guida, bolletta e estratto conto bancario. Una volta ricevuto il via libera dai nostri responsabili, potrai prelevare i tuoi fondi senza ulteriori ritardi.<\/p>\n<h3>Come aggiornare la password o l&#8217;indirizzo e-mail?<\/h3>\n<p>Nell&#8217;impostazione dell&#8217;account personale su Lootzino Casino, \u00e8 possibile modificare i propri dati personali, inclusi password e indirizzo e-mail. L&#8217;operazione richiede pochi minuti e la volta successiva, durante la procedura di accesso a Lootzino, sar\u00e0 necessario utilizzare i nuovi dati.<\/p>\n<h3>Cosa devo fare se il mio account \u00e8 bloccato?<\/h3>\n<p>Se non hai ricevuto un&#8217;e-mail relativa al blocco del tuo account, contatta il nostro team di assistenza tramite live chat o e-mail. I responsabili di Loot Zino Casino ti spiegheranno perch\u00e9 il tuo account \u00e8 stato bloccato, cosa puoi fare e quando.<\/p>\n<h3>Come posso chiudere o sospendere temporaneamente il mio account?<\/h3>\n<p>Per farlo, devi contattare il nostro servizio di assistenza multilingue. Ti chiederanno i motivi e prenderanno tutte le misure necessarie. Non sono richiesti ulteriori passaggi da parte tua.<\/p>\n<\/div><\/div><\/p>\n","protected":false},"excerpt":{"rendered":"<p>Accesso a Lootzino: registrazione rapida e gestione dell&#8217;account Per iniziare a giocare ai tuoi giochi preferiti dall&#8217;Italia, dovrai dedicare solo pochi minuti alla semplice procedura di Lootzino login. Dopodich\u00e9, avrai accesso a tutte le funzionalit\u00e0 disponibili sul nostro sito web, inclusi tutti i titoli, i pagamenti, i bonus, l&#8217;assistenza clienti e molto altro ancora. Gli [&hellip;]<\/p>\n","protected":false},"author":1,"featured_media":0,"parent":0,"menu_order":0,"comment_status":"closed","ping_status":"closed","template":"template-builder.php","meta":{"_acf_changed":false,"inline_featured_image":false,"footnotes":""},"class_list":["post-1464","page","type-page","status-publish","hentry"],"acf":[],"yoast_head":"<!-- This site is optimized with the Yoast SEO plugin v27.3 - https:\/\/yoast.com\/product\/yoast-seo-wordpress\/ -->\n<title>Lootzino Login\u2013 Registrazione e gestione dell&#039;account<\/title>\n<meta name=\"description\" content=\"Crea, gestisci e verifica facilmente il tuo account Lootzino Casino con registrazione rapida, recupero account senza interruzioni e chiusura account sicura, garantendo protezione 24 ore su 24, 7 giorni su 7 tramite Lootzino Login.\" \/>\n<meta name=\"robots\" content=\"index, follow, max-snippet:-1, max-image-preview:large, max-video-preview:-1\" \/>\n<link rel=\"canonical\" href=\"https:\/\/loot-zino.org\/it\/accesso-e-registrazione\/\" \/>\n<meta property=\"og:locale\" content=\"it_IT\" \/>\n<meta property=\"og:type\" content=\"article\" \/>\n<meta property=\"og:title\" content=\"Lootzino Login\u2013 Registrazione e gestione dell&#039;account\" \/>\n<meta property=\"og:description\" content=\"Crea, gestisci e verifica facilmente il tuo account Lootzino Casino con registrazione rapida, recupero account senza interruzioni e chiusura account sicura, garantendo protezione 24 ore su 24, 7 giorni su 7 tramite Lootzino Login.\" \/>\n<meta property=\"og:url\" content=\"https:\/\/loot-zino.org\/it\/accesso-e-registrazione\/\" \/>\n<meta property=\"og:site_name\" content=\"lootzino\" \/>\n<meta property=\"article:modified_time\" content=\"2025-12-23T06:40:22+00:00\" \/>\n<meta name=\"twitter:card\" content=\"summary_large_image\" \/>\n<meta name=\"twitter:label1\" content=\"Est. reading time\" \/>\n\t<meta name=\"twitter:data1\" content=\"1 minuto\" \/>\n<script type=\"application\/ld+json\" class=\"yoast-schema-graph\">{\"@context\":\"https:\\\/\\\/schema.org\",\"@graph\":[{\"@type\":\"WebPage\",\"@id\":\"https:\\\/\\\/loot-zino.org\\\/it\\\/accesso-e-registrazione\\\/\",\"url\":\"https:\\\/\\\/loot-zino.org\\\/it\\\/accesso-e-registrazione\\\/\",\"name\":\"Lootzino Login\u2013 Registrazione e gestione dell'account\",\"isPartOf\":{\"@id\":\"https:\\\/\\\/loot-zino.org\\\/it\\\/#website\"},\"datePublished\":\"2025-12-22T12:46:29+00:00\",\"dateModified\":\"2025-12-23T06:40:22+00:00\",\"description\":\"Crea, gestisci e verifica facilmente il tuo account Lootzino Casino con registrazione rapida, recupero account senza interruzioni e chiusura account sicura, garantendo protezione 24 ore su 24, 7 giorni su 7 tramite Lootzino Login.\",\"breadcrumb\":{\"@id\":\"https:\\\/\\\/loot-zino.org\\\/it\\\/accesso-e-registrazione\\\/#breadcrumb\"},\"inLanguage\":\"it-IT\",\"potentialAction\":[{\"@type\":\"ReadAction\",\"target\":[\"https:\\\/\\\/loot-zino.org\\\/it\\\/accesso-e-registrazione\\\/\"]}]},{\"@type\":\"BreadcrumbList\",\"@id\":\"https:\\\/\\\/loot-zino.org\\\/it\\\/accesso-e-registrazione\\\/#breadcrumb\",\"itemListElement\":[{\"@type\":\"ListItem\",\"position\":1,\"name\":\"Lootzino\",\"item\":\"https:\\\/\\\/loot-zino.org\\\/it\\\/\"},{\"@type\":\"ListItem\",\"position\":2,\"name\":\"Accesso e registrazione\"}]},{\"@type\":\"WebSite\",\"@id\":\"https:\\\/\\\/loot-zino.org\\\/it\\\/#website\",\"url\":\"https:\\\/\\\/loot-zino.org\\\/it\\\/\",\"name\":\"Lootzino\",\"description\":\"\",\"publisher\":{\"@id\":\"https:\\\/\\\/loot-zino.org\\\/it\\\/#organization\"},\"potentialAction\":[{\"@type\":\"SearchAction\",\"target\":{\"@type\":\"EntryPoint\",\"urlTemplate\":\"https:\\\/\\\/loot-zino.org\\\/it\\\/?s={search_term_string}\"},\"query-input\":{\"@type\":\"PropertyValueSpecification\",\"valueRequired\":true,\"valueName\":\"search_term_string\"}}],\"inLanguage\":\"it-IT\"},{\"@type\":\"Organization\",\"@id\":\"https:\\\/\\\/loot-zino.org\\\/it\\\/#organization\",\"name\":\"Lootzino\",\"url\":\"https:\\\/\\\/loot-zino.org\\\/it\\\/\",\"logo\":{\"@type\":\"ImageObject\",\"inLanguage\":\"it-IT\",\"@id\":\"https:\\\/\\\/loot-zino.org\\\/it\\\/#\\\/schema\\\/logo\\\/image\\\/\",\"url\":\"https:\\\/\\\/loot-zino.org\\\/wp-content\\\/uploads\\\/2025\\\/12\\\/lootzino.svg\",\"contentUrl\":\"https:\\\/\\\/loot-zino.org\\\/wp-content\\\/uploads\\\/2025\\\/12\\\/lootzino.svg\",\"width\":16,\"height\":20,\"caption\":\"Lootzino\"},\"image\":{\"@id\":\"https:\\\/\\\/loot-zino.org\\\/it\\\/#\\\/schema\\\/logo\\\/image\\\/\"}}]}<\/script>\n<!-- \/ Yoast SEO plugin. -->","yoast_head_json":{"title":"Lootzino Login\u2013 Registrazione e gestione dell'account","description":"Crea, gestisci e verifica facilmente il tuo account Lootzino Casino con registrazione rapida, recupero account senza interruzioni e chiusura account sicura, garantendo protezione 24 ore su 24, 7 giorni su 7 tramite Lootzino Login.","robots":{"index":"index","follow":"follow","max-snippet":"max-snippet:-1","max-image-preview":"max-image-preview:large","max-video-preview":"max-video-preview:-1"},"canonical":"https:\/\/loot-zino.org\/it\/accesso-e-registrazione\/","og_locale":"it_IT","og_type":"article","og_title":"Lootzino Login\u2013 Registrazione e gestione dell'account","og_description":"Crea, gestisci e verifica facilmente il tuo account Lootzino Casino con registrazione rapida, recupero account senza interruzioni e chiusura account sicura, garantendo protezione 24 ore su 24, 7 giorni su 7 tramite Lootzino Login.","og_url":"https:\/\/loot-zino.org\/it\/accesso-e-registrazione\/","og_site_name":"lootzino","article_modified_time":"2025-12-23T06:40:22+00:00","twitter_card":"summary_large_image","twitter_misc":{"Est. reading time":"1 minuto"},"schema":{"@context":"https:\/\/schema.org","@graph":[{"@type":"WebPage","@id":"https:\/\/loot-zino.org\/it\/accesso-e-registrazione\/","url":"https:\/\/loot-zino.org\/it\/accesso-e-registrazione\/","name":"Lootzino Login\u2013 Registrazione e gestione dell'account","isPartOf":{"@id":"https:\/\/loot-zino.org\/it\/#website"},"datePublished":"2025-12-22T12:46:29+00:00","dateModified":"2025-12-23T06:40:22+00:00","description":"Crea, gestisci e verifica facilmente il tuo account Lootzino Casino con registrazione rapida, recupero account senza interruzioni e chiusura account sicura, garantendo protezione 24 ore su 24, 7 giorni su 7 tramite Lootzino Login.","breadcrumb":{"@id":"https:\/\/loot-zino.org\/it\/accesso-e-registrazione\/#breadcrumb"},"inLanguage":"it-IT","potentialAction":[{"@type":"ReadAction","target":["https:\/\/loot-zino.org\/it\/accesso-e-registrazione\/"]}]},{"@type":"BreadcrumbList","@id":"https:\/\/loot-zino.org\/it\/accesso-e-registrazione\/#breadcrumb","itemListElement":[{"@type":"ListItem","position":1,"name":"Lootzino","item":"https:\/\/loot-zino.org\/it\/"},{"@type":"ListItem","position":2,"name":"Accesso e registrazione"}]},{"@type":"WebSite","@id":"https:\/\/loot-zino.org\/it\/#website","url":"https:\/\/loot-zino.org\/it\/","name":"Lootzino","description":"","publisher":{"@id":"https:\/\/loot-zino.org\/it\/#organization"},"potentialAction":[{"@type":"SearchAction","target":{"@type":"EntryPoint","urlTemplate":"https:\/\/loot-zino.org\/it\/?s={search_term_string}"},"query-input":{"@type":"PropertyValueSpecification","valueRequired":true,"valueName":"search_term_string"}}],"inLanguage":"it-IT"},{"@type":"Organization","@id":"https:\/\/loot-zino.org\/it\/#organization","name":"Lootzino","url":"https:\/\/loot-zino.org\/it\/","logo":{"@type":"ImageObject","inLanguage":"it-IT","@id":"https:\/\/loot-zino.org\/it\/#\/schema\/logo\/image\/","url":"https:\/\/loot-zino.org\/wp-content\/uploads\/2025\/12\/lootzino.svg","contentUrl":"https:\/\/loot-zino.org\/wp-content\/uploads\/2025\/12\/lootzino.svg","width":16,"height":20,"caption":"Lootzino"},"image":{"@id":"https:\/\/loot-zino.org\/it\/#\/schema\/logo\/image\/"}}]}},"_links":{"self":[{"href":"https:\/\/loot-zino.org\/it\/wp-json\/wp\/v2\/pages\/1464","targetHints":{"allow":["GET"]}}],"collection":[{"href":"https:\/\/loot-zino.org\/it\/wp-json\/wp\/v2\/pages"}],"about":[{"href":"https:\/\/loot-zino.org\/it\/wp-json\/wp\/v2\/types\/page"}],"author":[{"embeddable":true,"href":"https:\/\/loot-zino.org\/it\/wp-json\/wp\/v2\/users\/1"}],"replies":[{"embeddable":true,"href":"https:\/\/loot-zino.org\/it\/wp-json\/wp\/v2\/comments?post=1464"}],"version-history":[{"count":1,"href":"https:\/\/loot-zino.org\/it\/wp-json\/wp\/v2\/pages\/1464\/revisions"}],"predecessor-version":[{"id":1704,"href":"https:\/\/loot-zino.org\/it\/wp-json\/wp\/v2\/pages\/1464\/revisions\/1704"}],"wp:attachment":[{"href":"https:\/\/loot-zino.org\/it\/wp-json\/wp\/v2\/media?parent=1464"}],"curies":[{"name":"wp","href":"https:\/\/api.w.org\/{rel}","templated":true}]}}