{"id":1436,"date":"2025-12-22T13:03:30","date_gmt":"2025-12-22T13:03:30","guid":{"rendered":"https:\/\/loot-zino.org\/bonus\/"},"modified":"2025-12-23T06:43:03","modified_gmt":"2025-12-23T06:43:03","slug":"bonus","status":"publish","type":"page","link":"https:\/\/loot-zino.org\/it\/bonus\/","title":{"rendered":"Bonus"},"content":{"rendered":"<h1>Bonus Lootzino offerte e premi<\/h1>\n<p>Uno dei punti importanti nella scelta di un casin\u00f2 online in Italia \u00e8 rappresentato dalle promozioni. Il programma Lootzino bonus \u00e8 uno dei principali vantaggi del nostro sito web. Ci impegniamo per offrire offerte vantaggiose ai nostri giocatori nuovi e abituali. Il nostro obiettivo \u00e8 fornirti regole e condizioni chiare delle promozioni per rendere il tuo tempo su Lootzino Casino ancora pi\u00f9 lungo e divertente.<\/p>\n<p><div class=\"banner-wrap\" aria-label=\"Banner\"><img src=\"https:\/\/loot-zino.org\/wp-content\/uploads\/2025\/12\/Lootzino-banner-carousel-800\u0445400.webp\" class=\"w-100 d-none d-lg-block img-pc main-banner-img\" alt=\"Lootzino banner desktop\" fetchpriority=\"high\" decoding=\"async\"><img src=\"https:\/\/loot-zino.org\/wp-content\/uploads\/2025\/12\/Lootzino-banner-mobile-1.webp\" class=\"w-100 d-none d-md-block d-lg-none main-banner-img\" alt=\"Lootzino banner mobile\" fetchpriority=\"high\" decoding=\"async\"><img src=\"https:\/\/loot-zino.org\/wp-content\/uploads\/2025\/12\/Lootzino-banner-mobile-1.webp\" class=\"w-100 d-md-none\" alt=\"Lootzino banner mobile\" fetchpriority=\"high\" decoding=\"async\"><div class=\"banner-description\">\n<div class=\"banner-title\">Bonus di benvenuto<\/div>\n<p class=\"banner-header-title\">1500 \u20ac<\/p>\n<div class=\"banner-header-AdditionalText\">+ 250 Giri gratuiti<\/div>\n<button data-item=\"homepage_banner_link\" class=\"goto m-button m-gradient-border m-button--primary m-button--large banner-button btn-orange\">\n            <div class=\"m-button-content\">\n                <span>Iscriviti ora<\/span>\n                <span><\/span>\n            <\/div>\n        <\/button>\n<\/div>\n<div class=\"WelcomePack\">\n<p><img loading=\"lazy\" decoding=\"async\" class=\"alignnone size-full wp-image-1338\" src=\"https:\/\/loot-zino.org\/wp-content\/uploads\/2025\/12\/welcome-crown.svg\" alt=\"crown\" width=\"25\" height=\"26\" \/><\/p>\n<div class=\"WelcomePack-Info\">Cashback settimanale fino al 25%<\/div>\n<p><img loading=\"lazy\" decoding=\"async\" class=\"alignnone size-full wp-image-1338\" src=\"https:\/\/loot-zino.org\/wp-content\/uploads\/2025\/12\/welcome-crown.svg\" alt=\"crown\" width=\"25\" height=\"26\" \/><\/p>\n<\/div>\n<\/div><div class=\"promotions-wrap\"><div class=\"promotion-card\" style=\"background-image: url(https:\/\/loot-zino.org\/wp-content\/uploads\/2025\/12\/First-deposit.webp);\"><h2 class=\"promotion-card__title\">Bonus sul primo deposito<\/h2><label class=\"promotion-card__offer\">100% fino a 500 \u20ac + 150 giri gratuiti<\/label><label class=\"promotion-card__description\"><\/label><div class=\"promotion-card__actions\"><button data-item=\"payments_link\" data-group=\"website_links\" class=\"goto btn btn-orange rounded-pill fw-bold px-4 m-button m-gradient-border m-button--primary m-button--large promotion-button promotion-card__action-btn\" aria-label=\"Iscriviti\"><div class=\"m-button-content\"><span class=\"promotion-button__content\">Iscriviti<\/span><\/div><\/button><button data-item=\"http:\/\/bonus_link\" data-group=\"website_links\" class=\"goto m-button m-gradient-border m-button--secondary m-button--medium promotion-card__info-btn\" aria-label=\"More information\"><div class=\"m-button-content\"><svg viewBox=\"0 0 24 24\" fill=\"none\" xmlns=\"http:\/\/www.w3.org\/2000\/svg\" class=\"m-icon m-icon-loadable\" name=\"Attention\" loading=\"false\" aria-hidden=\"true\"><path d=\"M12 22C6.477 22 2 17.522 2 12S6.477 2 12 2s10 4.478 10 10-4.477 10-10 10m-.002-13.004a.999.999 0 1 0 0-1.997.999.999 0 0 0 0 1.997M12 17a1 1 0 0 0 .993-.884L13 16l-.002-5.001-.007-.117a1 1 0 0 0-1.986 0l-.007.117L11 16l.007.117A1 1 0 0 0 12 17\" fill=\"currentColor\"><\/path><\/svg><\/div><\/button><\/div><\/div><div class=\"promotion-card\" style=\"background-image: url(https:\/\/loot-zino.org\/wp-content\/uploads\/2025\/12\/second-deposit.webp);\"><h2 class=\"promotion-card__title\">Bonus sul secondo deposito<\/h2><label class=\"promotion-card__offer\">55% fino a \u20ac500 + 100 giri gratuiti<\/label><label class=\"promotion-card__description\"><\/label><div class=\"promotion-card__actions\"><button data-item=\"payments_link\" data-group=\"website_links\" class=\"goto btn btn-orange rounded-pill fw-bold px-4 m-button m-gradient-border m-button--primary m-button--large promotion-button promotion-card__action-btn\" aria-label=\"Iscriviti\"><div class=\"m-button-content\"><span class=\"promotion-button__content\">Iscriviti<\/span><\/div><\/button><button data-item=\"http:\/\/bonus_link\" data-group=\"website_links\" class=\"goto m-button m-gradient-border m-button--secondary m-button--medium promotion-card__info-btn\" aria-label=\"More information\"><div class=\"m-button-content\"><svg viewBox=\"0 0 24 24\" fill=\"none\" xmlns=\"http:\/\/www.w3.org\/2000\/svg\" class=\"m-icon m-icon-loadable\" name=\"Attention\" loading=\"false\" aria-hidden=\"true\"><path d=\"M12 22C6.477 22 2 17.522 2 12S6.477 2 12 2s10 4.478 10 10-4.477 10-10 10m-.002-13.004a.999.999 0 1 0 0-1.997.999.999 0 0 0 0 1.997M12 17a1 1 0 0 0 .993-.884L13 16l-.002-5.001-.007-.117a1 1 0 0 0-1.986 0l-.007.117L11 16l.007.117A1 1 0 0 0 12 17\" fill=\"currentColor\"><\/path><\/svg><\/div><\/button><\/div><\/div><div class=\"promotion-card\" style=\"background-image: url(https:\/\/loot-zino.org\/wp-content\/uploads\/2025\/12\/third-deposit.webp);\"><h2 class=\"promotion-card__title\">Bonus sul terzo deposito<\/h2><label class=\"promotion-card__offer\">100% fino a 500 \u20ac<\/label><label class=\"promotion-card__description\"><\/label><div class=\"promotion-card__actions\"><button data-item=\"payments_link\" data-group=\"website_links\" class=\"goto btn btn-orange rounded-pill fw-bold px-4 m-button m-gradient-border m-button--primary m-button--large promotion-button promotion-card__action-btn\" aria-label=\"Iscriviti\"><div class=\"m-button-content\"><span class=\"promotion-button__content\">Iscriviti<\/span><\/div><\/button><button data-item=\"http:\/\/bonus_link\" data-group=\"website_links\" class=\"goto m-button m-gradient-border m-button--secondary m-button--medium promotion-card__info-btn\" aria-label=\"More information\"><div class=\"m-button-content\"><svg viewBox=\"0 0 24 24\" fill=\"none\" xmlns=\"http:\/\/www.w3.org\/2000\/svg\" class=\"m-icon m-icon-loadable\" name=\"Attention\" loading=\"false\" aria-hidden=\"true\"><path d=\"M12 22C6.477 22 2 17.522 2 12S6.477 2 12 2s10 4.478 10 10-4.477 10-10 10m-.002-13.004a.999.999 0 1 0 0-1.997.999.999 0 0 0 0 1.997M12 17a1 1 0 0 0 .993-.884L13 16l-.002-5.001-.007-.117a1 1 0 0 0-1.986 0l-.007.117L11 16l.007.117A1 1 0 0 0 12 17\" fill=\"currentColor\"><\/path><\/svg><\/div><\/button><\/div><\/div><div class=\"promotion-card\" style=\"background-image: url(https:\/\/loot-zino.org\/wp-content\/uploads\/2025\/12\/cashback.webp);\"><h2 class=\"promotion-card__title\">Cashback settimanale<\/h2><label class=\"promotion-card__offer\">fino al 25%<\/label><label class=\"promotion-card__description\"><\/label><div class=\"promotion-card__actions\"><button data-item=\"payments_link\" data-group=\"website_links\" class=\"goto btn btn-orange rounded-pill fw-bold px-4 m-button m-gradient-border m-button--primary m-button--large promotion-button promotion-card__action-btn\" aria-label=\"Iscriviti\"><div class=\"m-button-content\"><span class=\"promotion-button__content\">Iscriviti<\/span><\/div><\/button><button data-item=\"http:\/\/bonus_link\" data-group=\"website_links\" class=\"goto m-button m-gradient-border m-button--secondary m-button--medium promotion-card__info-btn\" aria-label=\"More information\"><div class=\"m-button-content\"><svg viewBox=\"0 0 24 24\" fill=\"none\" xmlns=\"http:\/\/www.w3.org\/2000\/svg\" class=\"m-icon m-icon-loadable\" name=\"Attention\" loading=\"false\" aria-hidden=\"true\"><path d=\"M12 22C6.477 22 2 17.522 2 12S6.477 2 12 2s10 4.478 10 10-4.477 10-10 10m-.002-13.004a.999.999 0 1 0 0-1.997.999.999 0 0 0 0 1.997M12 17a1 1 0 0 0 .993-.884L13 16l-.002-5.001-.007-.117a1 1 0 0 0-1.986 0l-.007.117L11 16l.007.117A1 1 0 0 0 12 17\" fill=\"currentColor\"><\/path><\/svg><\/div><\/button><\/div><\/div><div class=\"promotion-card\" style=\"background-image: url(https:\/\/loot-zino.org\/wp-content\/uploads\/2025\/12\/rakeback.webp);\"><h2 class=\"promotion-card__title\">Rakeback<\/h2><label class=\"promotion-card__offer\">fino al 17%<\/label><label class=\"promotion-card__description\"><\/label><div class=\"promotion-card__actions\"><button data-item=\"payments_link\" data-group=\"website_links\" class=\"goto btn btn-orange rounded-pill fw-bold px-4 m-button m-gradient-border m-button--primary m-button--large promotion-button promotion-card__action-btn\" aria-label=\"Iscriviti\"><div class=\"m-button-content\"><span class=\"promotion-button__content\">Iscriviti<\/span><\/div><\/button><button data-item=\"http:\/\/bonus_link\" data-group=\"website_links\" class=\"goto m-button m-gradient-border m-button--secondary m-button--medium promotion-card__info-btn\" aria-label=\"More information\"><div class=\"m-button-content\"><svg viewBox=\"0 0 24 24\" fill=\"none\" xmlns=\"http:\/\/www.w3.org\/2000\/svg\" class=\"m-icon m-icon-loadable\" name=\"Attention\" loading=\"false\" aria-hidden=\"true\"><path d=\"M12 22C6.477 22 2 17.522 2 12S6.477 2 12 2s10 4.478 10 10-4.477 10-10 10m-.002-13.004a.999.999 0 1 0 0-1.997.999.999 0 0 0 0 1.997M12 17a1 1 0 0 0 .993-.884L13 16l-.002-5.001-.007-.117a1 1 0 0 0-1.986 0l-.007.117L11 16l.007.117A1 1 0 0 0 12 17\" fill=\"currentColor\"><\/path><\/svg><\/div><\/button><\/div><\/div><div class=\"promotion-card\" style=\"background-image: url(https:\/\/loot-zino.org\/wp-content\/uploads\/2025\/12\/sunday-reload.webp);\"><h2 class=\"promotion-card__title\">Ricarica domenicale<\/h2><label class=\"promotion-card__offer\">20% fino a \u20ac\u200b\u200b150<\/label><label class=\"promotion-card__description\"><\/label><div class=\"promotion-card__actions\"><button data-item=\"payments_link\" data-group=\"website_links\" class=\"goto btn btn-orange rounded-pill fw-bold px-4 m-button m-gradient-border m-button--primary m-button--large promotion-button promotion-card__action-btn\" aria-label=\"Iscriviti\"><div class=\"m-button-content\"><span class=\"promotion-button__content\">Iscriviti<\/span><\/div><\/button><button data-item=\"http:\/\/bonus_link\" data-group=\"website_links\" class=\"goto m-button m-gradient-border m-button--secondary m-button--medium promotion-card__info-btn\" aria-label=\"More information\"><div class=\"m-button-content\"><svg viewBox=\"0 0 24 24\" fill=\"none\" xmlns=\"http:\/\/www.w3.org\/2000\/svg\" class=\"m-icon m-icon-loadable\" name=\"Attention\" loading=\"false\" aria-hidden=\"true\"><path d=\"M12 22C6.477 22 2 17.522 2 12S6.477 2 12 2s10 4.478 10 10-4.477 10-10 10m-.002-13.004a.999.999 0 1 0 0-1.997.999.999 0 0 0 0 1.997M12 17a1 1 0 0 0 .993-.884L13 16l-.002-5.001-.007-.117a1 1 0 0 0-1.986 0l-.007.117L11 16l.007.117A1 1 0 0 0 12 17\" fill=\"currentColor\"><\/path><\/svg><\/div><\/button><\/div><\/div><div class=\"promotion-card\" style=\"background-image: url(https:\/\/loot-zino.org\/wp-content\/uploads\/2025\/12\/highroller.webp);\"><h2 class=\"promotion-card__title\">Bonus Highroller<\/h2><label class=\"promotion-card__offer\">50% fino a 500 \u20ac<\/label><label class=\"promotion-card__description\"><\/label><div class=\"promotion-card__actions\"><button data-item=\"payments_link\" data-group=\"website_links\" class=\"goto btn btn-orange rounded-pill fw-bold px-4 m-button m-gradient-border m-button--primary m-button--large promotion-button promotion-card__action-btn\" aria-label=\"Iscriviti\"><div class=\"m-button-content\"><span class=\"promotion-button__content\">Iscriviti<\/span><\/div><\/button><button data-item=\"http:\/\/bonus_link\" data-group=\"website_links\" class=\"goto m-button m-gradient-border m-button--secondary m-button--medium promotion-card__info-btn\" aria-label=\"More information\"><div class=\"m-button-content\"><svg viewBox=\"0 0 24 24\" fill=\"none\" xmlns=\"http:\/\/www.w3.org\/2000\/svg\" class=\"m-icon m-icon-loadable\" name=\"Attention\" loading=\"false\" aria-hidden=\"true\"><path d=\"M12 22C6.477 22 2 17.522 2 12S6.477 2 12 2s10 4.478 10 10-4.477 10-10 10m-.002-13.004a.999.999 0 1 0 0-1.997.999.999 0 0 0 0 1.997M12 17a1 1 0 0 0 .993-.884L13 16l-.002-5.001-.007-.117a1 1 0 0 0-1.986 0l-.007.117L11 16l.007.117A1 1 0 0 0 12 17\" fill=\"currentColor\"><\/path><\/svg><\/div><\/button><\/div><\/div><\/div><div class=\"scrollable-content-wrap my-5\"><div class=\"scrollable-content-inner\"><h2>Promozioni esclusive<\/h2>\n<p>Ogni utente desidera avere non solo tanti titoli interessanti, ma anche offerte vantaggiose in un casin\u00f2 online. Ecco perch\u00e9 abbiamo creato un entusiasmante sistema di bonus Lootzino. \u00c8 il nostro modo per ringraziarti di aver scelto la nostra piattaforma e di esserci rimasto fedele. In cambio, ti offriamo l&#8217;opportunit\u00e0 di prolungare il tuo tempo con Lootzino Casino e ricevere fantastici premi.<\/p>\n<p>Dopo esserti registrato su Loot Zino, riceverai automaticamente il pacchetto di benvenuto fino a \u20ac 1.500 + 250 giri gratuiti. \u00c8 un ottimo inizio sul nostro sito web. Con i giri gratuiti, puoi provare nuovi titoli e vincere alla grande senza spendere i tuoi soldi.<\/p>\n<p>Ai clienti abituali della piattaforma Lootzino offriamo uno speciale programma di cashback settimanale che consente di recuperare fino al 25% delle perdite. C&#8217;\u00e8 anche il Sunday Reload, che offre il 25% fino a \u20ac 100. \u00c8 un&#8217;ottima opportunit\u00e0 per concludere la settimana con successo. Per chi preferisce depositi e scommesse elevati, abbiamo un bonus Highroller Lootzino del 50% fino a \u20ac 500.<\/p>\n<h2>Loot Zino tornei competitivi<\/h2>\n<p>Comprendiamo che limitarsi ad attivare la promozione e ricevere il premio potrebbe non essere cos\u00ec entusiasmante come competere con altri per aggiudicarsi il premio. Ecco perch\u00e9 abbiamo una vasta selezione di tornei per tutti i gusti. Devi giocare a giochi specifici o di determinati fornitori di software, guadagnare punti e ottenere migliaia o addirittura milioni di euro.<\/p>\n<p>La maggior parte dei tornei Lootzino Casino sono dedicati a giochi come le slot machine e i titoli con croupier dal vivo. Uno dei tornei pi\u00f9 popolari \u00e8 Spinoleague, con un montepremi di \u20ac 12.000.000. \u00c8 necessario giocare alle slot del fornitore di software Spinomenal. Gli utenti ottengono punti in base alle loro vincite.<\/p>\n<p>C&#8217;\u00e8 anche un Torneo Bronzo Giornaliero, dove hai la possibilit\u00e0 di vincere \u20ac 2.500 ogni giorno su Loot Zino. Per gli appassionati di casin\u00f2 dal vivo, c&#8217;\u00e8 un Torneo Live con un montepremi di \u20ac 10.000. Si tratta di un evento settimanale sulla nostra piattaforma.<\/p>\n<h2>Inizia con Lootzino offerta di benvenuto<\/h2>\n<p>Per tutti i nostri nuovi clienti, abbiamo preparato un pacchetto di benvenuto suddiviso nei primi tre depositi. Questa \u00e8 la tua occasione per iniziare alla grande con Lootzino Casino e trarre profitto fin dai primi passi. Dopo esserti registrato ed aver effettuato il primo deposito, riceverai automaticamente il pacchetto di benvenuto fino a \u20ac 1.500 + 250 giri gratuiti. Sar\u00e0 suddiviso tra i tuoi primi tre depositi come segue:<\/p>\n<ul>\n<li>Bonus sul primo deposito \u2013 \u20ac 500 + 150 giri gratuiti<\/li>\n<li>Bonus sul secondo deposito \u2013 \u20ac 500 + 100 giri gratuiti<\/li>\n<li>Bonus sul terzo deposito \u2013 \u20ac 500<\/li>\n<\/ul>\n<p>Per garantire il fair play e prevenire le frodi, tutte le opzioni bonus Loot Zino hanno i propri termini e condizioni. Ci\u00f2 vale anche per il pacchetto di benvenuto. Nella tabella sottostante \u00e8 possibile familiarizzare con le regole principali.<\/p>\n<table>\n<tbody>\n<tr>\n<td>Periodo di validit\u00e0 del bonus<\/td>\n<td>Il bonus rimane attivo per 7 giorni dopo l&#8217;attivazione.<\/td>\n<\/tr>\n<tr>\n<td>Importo massimo del bonus<\/td>\n<td>Puoi ricevere fino a \u20ac 500 in fondi bonus.<\/td>\n<\/tr>\n<tr>\n<td>Requisiti di scommessa<\/td>\n<td>Il bonus deve essere scommesso 35 volte (importo del bonus).<\/td>\n<\/tr>\n<tr>\n<td>Percentuale bonus<\/td>\n<td>Riceverai un bonus del 100% sul tuo deposito.<\/td>\n<\/tr>\n<tr>\n<td>Deposito minimo<\/td>\n<td>Il deposito minimo richiesto per richiedere il bonus \u00e8 di \u20ac 20.<\/td>\n<\/tr>\n<\/tbody>\n<\/table>\n<h2>Termini e condizioni dei bonus per i giocatori<\/h2>\n<p>Per garantire la sicurezza della piattaforma ed eliminare le frodi, abbiamo creato termini e condizioni chiari per ogni offerta di bonus. \u00c8 possibile consultarli in qualsiasi momento cliccando su un&#8217;offerta specifica. Inoltre, abbiamo una pagina separata, \u201cAccount, pagamenti e bonus\u201d, dove gli utenti possono sempre trovare le informazioni generali sulle promozioni.<\/p>\n<p>Assicurati sempre di leggere le regole del bonus Lootzino prima di attivarlo. Tutte le nostre offerte hanno un periodo di validit\u00e0, che di solito \u00e8 di 7-1-4 giorni. Tutte le offerte bonus Lootzino prevedono un deposito minimo compreso tra \u20ac 15 e \u20ac 20. La maggior parte delle promozioni ha un requisito di scommessa compreso tra x35 e x40. Per ricevere il premio, \u00e8 necessario soddisfare tutti i termini e le condizioni del bonus.<\/p>\n<h2>Domande frequenti<\/h2>\n<h3>Come posso riscattare il bonus di benvenuto su Lootzino Casino?<\/h3>\n<p>Ogni nuovo utente riceve automaticamente il pacchetto di benvenuto dopo essersi registrato sulla piattaforma ed aver effettuato il primo deposito. Il deposito minimo in questo caso \u00e8 di \u20ac 20.<\/p>\n<h3>I bonus di Lootzino Casino sono validi per tutti i giochi?<\/h3>\n<p>Di solito, Lootzino offre lavoro solo per titoli specifici. Oltre a ci\u00f2, ci sono condizioni per il contributo di ciascuna categoria di gioco. Ad esempio, le slot contano al 100%, mentre i giochi da tavolo possono contare meno.<\/p>\n<h3>Cosa devo fare se la promozione non compare nel mio account?<\/h3>\n<p>Per prima cosa, verifica di aver soddisfatto tutti i requisiti per l&#8217;offerta Loot Zino Casino. Se s\u00ec, contatta il nostro team di assistenza. Esamineranno la questione e ti forniranno una soluzione.<\/p>\n<\/div><\/div><\/p>\n","protected":false},"excerpt":{"rendered":"<p>Bonus Lootzino offerte e premi Uno dei punti importanti nella scelta di un casin\u00f2 online in Italia \u00e8 rappresentato dalle promozioni. Il programma Lootzino bonus \u00e8 uno dei principali vantaggi del nostro sito web. Ci impegniamo per offrire offerte vantaggiose ai nostri giocatori nuovi e abituali. Il nostro obiettivo \u00e8 fornirti regole e condizioni chiare [&hellip;]<\/p>\n","protected":false},"author":1,"featured_media":0,"parent":0,"menu_order":0,"comment_status":"closed","ping_status":"closed","template":"template-builder.php","meta":{"_acf_changed":false,"inline_featured_image":false,"footnotes":""},"class_list":["post-1436","page","type-page","status-publish","hentry"],"acf":[],"yoast_head":"<!-- This site is optimized with the Yoast SEO plugin v27.3 - https:\/\/yoast.com\/product\/yoast-seo-wordpress\/ -->\n<title>Lootzino casin\u00f2 Bonus e offerte speciali<\/title>\n<meta name=\"description\" content=\"Scopri i bonus esclusivi di Lootzino Casino, tra cui generose offerte di benvenuto, premi sui depositi, promozioni continue ed emozionanti tornei. Accedi facilmente a tutti i termini dei bonus e alle istruzioni per richiederli in un unico posto comodo.\" \/>\n<meta name=\"robots\" content=\"index, follow, max-snippet:-1, max-image-preview:large, max-video-preview:-1\" \/>\n<link rel=\"canonical\" href=\"https:\/\/loot-zino.org\/it\/bonus\/\" \/>\n<meta property=\"og:locale\" content=\"it_IT\" \/>\n<meta property=\"og:type\" content=\"article\" \/>\n<meta property=\"og:title\" content=\"Lootzino casin\u00f2 Bonus e offerte speciali\" \/>\n<meta property=\"og:description\" content=\"Scopri i bonus esclusivi di Lootzino Casino, tra cui generose offerte di benvenuto, premi sui depositi, promozioni continue ed emozionanti tornei. Accedi facilmente a tutti i termini dei bonus e alle istruzioni per richiederli in un unico posto comodo.\" \/>\n<meta property=\"og:url\" content=\"https:\/\/loot-zino.org\/it\/bonus\/\" \/>\n<meta property=\"og:site_name\" content=\"lootzino\" \/>\n<meta property=\"article:modified_time\" content=\"2025-12-23T06:43:03+00:00\" \/>\n<meta name=\"twitter:card\" content=\"summary_large_image\" \/>\n<meta name=\"twitter:label1\" content=\"Est. reading time\" \/>\n\t<meta name=\"twitter:data1\" content=\"1 minuto\" \/>\n<script type=\"application\/ld+json\" class=\"yoast-schema-graph\">{\"@context\":\"https:\\\/\\\/schema.org\",\"@graph\":[{\"@type\":\"WebPage\",\"@id\":\"https:\\\/\\\/loot-zino.org\\\/it\\\/bonus\\\/\",\"url\":\"https:\\\/\\\/loot-zino.org\\\/it\\\/bonus\\\/\",\"name\":\"Lootzino casin\u00f2 Bonus e offerte speciali\",\"isPartOf\":{\"@id\":\"https:\\\/\\\/loot-zino.org\\\/it\\\/#website\"},\"datePublished\":\"2025-12-22T13:03:30+00:00\",\"dateModified\":\"2025-12-23T06:43:03+00:00\",\"description\":\"Scopri i bonus esclusivi di Lootzino Casino, tra cui generose offerte di benvenuto, premi sui depositi, promozioni continue ed emozionanti tornei. Accedi facilmente a tutti i termini dei bonus e alle istruzioni per richiederli in un unico posto comodo.\",\"breadcrumb\":{\"@id\":\"https:\\\/\\\/loot-zino.org\\\/it\\\/bonus\\\/#breadcrumb\"},\"inLanguage\":\"it-IT\",\"potentialAction\":[{\"@type\":\"ReadAction\",\"target\":[\"https:\\\/\\\/loot-zino.org\\\/it\\\/bonus\\\/\"]}]},{\"@type\":\"BreadcrumbList\",\"@id\":\"https:\\\/\\\/loot-zino.org\\\/it\\\/bonus\\\/#breadcrumb\",\"itemListElement\":[{\"@type\":\"ListItem\",\"position\":1,\"name\":\"Lootzino\",\"item\":\"https:\\\/\\\/loot-zino.org\\\/it\\\/\"},{\"@type\":\"ListItem\",\"position\":2,\"name\":\"Bonus\"}]},{\"@type\":\"WebSite\",\"@id\":\"https:\\\/\\\/loot-zino.org\\\/it\\\/#website\",\"url\":\"https:\\\/\\\/loot-zino.org\\\/it\\\/\",\"name\":\"Lootzino\",\"description\":\"\",\"publisher\":{\"@id\":\"https:\\\/\\\/loot-zino.org\\\/it\\\/#organization\"},\"potentialAction\":[{\"@type\":\"SearchAction\",\"target\":{\"@type\":\"EntryPoint\",\"urlTemplate\":\"https:\\\/\\\/loot-zino.org\\\/it\\\/?s={search_term_string}\"},\"query-input\":{\"@type\":\"PropertyValueSpecification\",\"valueRequired\":true,\"valueName\":\"search_term_string\"}}],\"inLanguage\":\"it-IT\"},{\"@type\":\"Organization\",\"@id\":\"https:\\\/\\\/loot-zino.org\\\/it\\\/#organization\",\"name\":\"Lootzino\",\"url\":\"https:\\\/\\\/loot-zino.org\\\/it\\\/\",\"logo\":{\"@type\":\"ImageObject\",\"inLanguage\":\"it-IT\",\"@id\":\"https:\\\/\\\/loot-zino.org\\\/it\\\/#\\\/schema\\\/logo\\\/image\\\/\",\"url\":\"https:\\\/\\\/loot-zino.org\\\/wp-content\\\/uploads\\\/2025\\\/12\\\/lootzino.svg\",\"contentUrl\":\"https:\\\/\\\/loot-zino.org\\\/wp-content\\\/uploads\\\/2025\\\/12\\\/lootzino.svg\",\"width\":16,\"height\":20,\"caption\":\"Lootzino\"},\"image\":{\"@id\":\"https:\\\/\\\/loot-zino.org\\\/it\\\/#\\\/schema\\\/logo\\\/image\\\/\"}}]}<\/script>\n<!-- \/ Yoast SEO plugin. -->","yoast_head_json":{"title":"Lootzino casin\u00f2 Bonus e offerte speciali","description":"Scopri i bonus esclusivi di Lootzino Casino, tra cui generose offerte di benvenuto, premi sui depositi, promozioni continue ed emozionanti tornei. Accedi facilmente a tutti i termini dei bonus e alle istruzioni per richiederli in un unico posto comodo.","robots":{"index":"index","follow":"follow","max-snippet":"max-snippet:-1","max-image-preview":"max-image-preview:large","max-video-preview":"max-video-preview:-1"},"canonical":"https:\/\/loot-zino.org\/it\/bonus\/","og_locale":"it_IT","og_type":"article","og_title":"Lootzino casin\u00f2 Bonus e offerte speciali","og_description":"Scopri i bonus esclusivi di Lootzino Casino, tra cui generose offerte di benvenuto, premi sui depositi, promozioni continue ed emozionanti tornei. Accedi facilmente a tutti i termini dei bonus e alle istruzioni per richiederli in un unico posto comodo.","og_url":"https:\/\/loot-zino.org\/it\/bonus\/","og_site_name":"lootzino","article_modified_time":"2025-12-23T06:43:03+00:00","twitter_card":"summary_large_image","twitter_misc":{"Est. reading time":"1 minuto"},"schema":{"@context":"https:\/\/schema.org","@graph":[{"@type":"WebPage","@id":"https:\/\/loot-zino.org\/it\/bonus\/","url":"https:\/\/loot-zino.org\/it\/bonus\/","name":"Lootzino casin\u00f2 Bonus e offerte speciali","isPartOf":{"@id":"https:\/\/loot-zino.org\/it\/#website"},"datePublished":"2025-12-22T13:03:30+00:00","dateModified":"2025-12-23T06:43:03+00:00","description":"Scopri i bonus esclusivi di Lootzino Casino, tra cui generose offerte di benvenuto, premi sui depositi, promozioni continue ed emozionanti tornei. Accedi facilmente a tutti i termini dei bonus e alle istruzioni per richiederli in un unico posto comodo.","breadcrumb":{"@id":"https:\/\/loot-zino.org\/it\/bonus\/#breadcrumb"},"inLanguage":"it-IT","potentialAction":[{"@type":"ReadAction","target":["https:\/\/loot-zino.org\/it\/bonus\/"]}]},{"@type":"BreadcrumbList","@id":"https:\/\/loot-zino.org\/it\/bonus\/#breadcrumb","itemListElement":[{"@type":"ListItem","position":1,"name":"Lootzino","item":"https:\/\/loot-zino.org\/it\/"},{"@type":"ListItem","position":2,"name":"Bonus"}]},{"@type":"WebSite","@id":"https:\/\/loot-zino.org\/it\/#website","url":"https:\/\/loot-zino.org\/it\/","name":"Lootzino","description":"","publisher":{"@id":"https:\/\/loot-zino.org\/it\/#organization"},"potentialAction":[{"@type":"SearchAction","target":{"@type":"EntryPoint","urlTemplate":"https:\/\/loot-zino.org\/it\/?s={search_term_string}"},"query-input":{"@type":"PropertyValueSpecification","valueRequired":true,"valueName":"search_term_string"}}],"inLanguage":"it-IT"},{"@type":"Organization","@id":"https:\/\/loot-zino.org\/it\/#organization","name":"Lootzino","url":"https:\/\/loot-zino.org\/it\/","logo":{"@type":"ImageObject","inLanguage":"it-IT","@id":"https:\/\/loot-zino.org\/it\/#\/schema\/logo\/image\/","url":"https:\/\/loot-zino.org\/wp-content\/uploads\/2025\/12\/lootzino.svg","contentUrl":"https:\/\/loot-zino.org\/wp-content\/uploads\/2025\/12\/lootzino.svg","width":16,"height":20,"caption":"Lootzino"},"image":{"@id":"https:\/\/loot-zino.org\/it\/#\/schema\/logo\/image\/"}}]}},"_links":{"self":[{"href":"https:\/\/loot-zino.org\/it\/wp-json\/wp\/v2\/pages\/1436","targetHints":{"allow":["GET"]}}],"collection":[{"href":"https:\/\/loot-zino.org\/it\/wp-json\/wp\/v2\/pages"}],"about":[{"href":"https:\/\/loot-zino.org\/it\/wp-json\/wp\/v2\/types\/page"}],"author":[{"embeddable":true,"href":"https:\/\/loot-zino.org\/it\/wp-json\/wp\/v2\/users\/1"}],"replies":[{"embeddable":true,"href":"https:\/\/loot-zino.org\/it\/wp-json\/wp\/v2\/comments?post=1436"}],"version-history":[{"count":2,"href":"https:\/\/loot-zino.org\/it\/wp-json\/wp\/v2\/pages\/1436\/revisions"}],"predecessor-version":[{"id":1712,"href":"https:\/\/loot-zino.org\/it\/wp-json\/wp\/v2\/pages\/1436\/revisions\/1712"}],"wp:attachment":[{"href":"https:\/\/loot-zino.org\/it\/wp-json\/wp\/v2\/media?parent=1436"}],"curies":[{"name":"wp","href":"https:\/\/api.w.org\/{rel}","templated":true}]}}