{"id":1424,"date":"2025-12-22T12:41:17","date_gmt":"2025-12-22T12:41:17","guid":{"rendered":"https:\/\/loot-zino.org\/app\/"},"modified":"2025-12-23T06:39:11","modified_gmt":"2025-12-23T06:39:11","slug":"applicazione","status":"publish","type":"page","link":"https:\/\/loot-zino.org\/it\/applicazione\/","title":{"rendered":"Applicazione"},"content":{"rendered":"<h1>App Lootzino: giochi da casin\u00f2 per dispositivi mobili<\/h1>\n<p>Lootzino App \u00e8 stata sviluppata per tutti i nostri utenti Android e iOS che preferiscono giocare dai propri dispositivi mobili in Italia. Con il nostro casin\u00f2 online, \u00e8 possibile. Il software mobile ha tutte le funzionalit\u00e0 della versione desktop principale, inclusi giochi, pagamenti, promozioni e molto altro ancora. Consigliamo a tutti di provare almeno una volta l&#8217;esperienza mobile di Lootzino Casino!<\/p>\n<div class=\"banner-wrap\" aria-label=\"Banner\"><img src=\"https:\/\/loot-zino.org\/wp-content\/uploads\/2025\/12\/Lootzino-banner-carousel-800\u0445400.webp\" class=\"w-100 d-none d-lg-block img-pc main-banner-img\" alt=\"Lootzino banner desktop\" fetchpriority=\"high\" decoding=\"async\"><img src=\"https:\/\/loot-zino.org\/wp-content\/uploads\/2025\/12\/Lootzino-banner-mobile-1.webp\" class=\"w-100 d-none d-md-block d-lg-none main-banner-img\" alt=\"Lootzino banner mobile\" fetchpriority=\"high\" decoding=\"async\"><img src=\"https:\/\/loot-zino.org\/wp-content\/uploads\/2025\/12\/Lootzino-banner-mobile-1.webp\" class=\"w-100 d-md-none\" alt=\"Lootzino banner mobile\" fetchpriority=\"high\" decoding=\"async\"><div class=\"banner-description\">\n<div class=\"banner-title\">Bonus di benvenuto<\/div>\n<p class=\"banner-header-title\">1500 \u20ac<\/p>\n<div class=\"banner-header-AdditionalText\">+ 250 Giri gratuiti<\/div>\n<button data-item=\"homepage_banner_link\" class=\"goto m-button m-gradient-border m-button--primary m-button--large banner-button btn-orange\">\n            <div class=\"m-button-content\">\n                <span>Iscriviti ora<\/span>\n                <span><\/span>\n            <\/div>\n        <\/button>\n<\/div>\n<div class=\"WelcomePack\">\n<p><img loading=\"lazy\" decoding=\"async\" class=\"alignnone size-full wp-image-1338\" src=\"https:\/\/loot-zino.org\/wp-content\/uploads\/2025\/12\/welcome-crown.svg\" alt=\"crown\" width=\"25\" height=\"26\" \/><\/p>\n<div class=\"WelcomePack-Info\">Cashback settimanale fino al 25%<\/div>\n<p><img loading=\"lazy\" decoding=\"async\" class=\"alignnone size-full wp-image-1338\" src=\"https:\/\/loot-zino.org\/wp-content\/uploads\/2025\/12\/welcome-crown.svg\" alt=\"crown\" width=\"25\" height=\"26\" \/><\/p>\n<\/div>\n<\/div>\n<h2>Piattaforma mobile Lootzino<\/h2>\n<p>Le statistiche mostrano che l&#8217;80% dei giocatori di Lootzino Casino preferisce smartphone e tablet per i propri giochi preferiti. Questo \u00e8 comprensibile, poich\u00e9 non sono vincolati a un luogo specifico e i dispositivi mobili sono sempre a portata di mano. Naturalmente, anche l&#8217;aspetto e la funzionalit\u00e0 del software mobile hanno un ruolo importante. Tuttavia, l&#8217;app Loot Zino non presenta alcun problema in tal senso.<\/p>\n<p>La nostra collezione di oltre 6.000 titoli \u00e8 disponibile per tutti su dispositivi mobili. I giochi con croupier dal vivo sono tradotti in qualit\u00e0 HD e completamente ottimizzati per smartphone e tablet, in modo che non ti perda nulla del processo. Tutti i fornitori di software con cui collaboriamo sviluppano titoli perfetti per i dispositivi mobili. Ecco perch\u00e9 hai pieno accesso a essi da qualsiasi gadget.<\/p>\n<p>Nella tabella sottostante troverete gli elementi dell&#8217;app Lootzino che rendono il processo pi\u00f9 facile e migliore nel complesso per i nostri giocatori.<\/p>\n<table>\n<tbody>\n<tr>\n<td>Elemento esperienza<\/td>\n<td>Come funziona<\/td>\n<td>Perch\u00e9 \u00e8 meglio per te<\/td>\n<\/tr>\n<tr>\n<td>Velocit\u00e0<\/td>\n<td>I dati memorizzati nella cache garantiscono un caricamento istantaneo.<\/td>\n<td>Questo ti garantisce meno tempo di attesa e pi\u00f9 tempo per giocare.<\/td>\n<\/tr>\n<tr>\n<td>Accessibilit\u00e0<\/td>\n<td>\u00c8 compatibile con un&#8217;ampia gamma di dispositivi e browser.<\/td>\n<td>Non ci sono problemi di compatibilit\u00e0.<\/td>\n<\/tr>\n<tr>\n<td>Privacy<\/td>\n<td>Non \u00e8 necessario un account App Store.<\/td>\n<td>Mantiene privata la tua attivit\u00e0 di gioco.<\/td>\n<\/tr>\n<tr>\n<td>Aggiornamenti<\/td>\n<td>Il sistema si aggiorna senza interruzioni.<\/td>\n<td>Gli utenti hanno sempre l&#8217;ultima versione.<\/td>\n<\/tr>\n<\/tbody>\n<\/table>\n<p><div class=\"scrollable-content-wrap my-5\"><div class=\"scrollable-content-inner\"><h2>App mobile Lootzino Casino per Android<\/h2>\n<p>Se hai un telefono o un tablet Android, abbiamo una soluzione eccellente per te. Non devi scaricare alcun file APK sconosciuto Lootzino n\u00e9 preoccuparti di esaurire lo spazio di archiviazione sul tuo dispositivo. Abbiamo sviluppato un&#8217;applicazione web progressiva (PWA) per tutti gli utenti Android.<\/p>\n<p>L&#8217;app Lootzino offre un&#8217;esperienza mobile indimenticabile con migliaia di slot online, pagamenti rapidi e un team di assistenza multilingue disponibile 24 ore su 24, 7 giorni su 7. Il software \u00e8 progettato per adattarsi perfettamente alle dimensioni del tuo dispositivo e al touchscreen. La velocit\u00e0 e l&#8217;accessibilit\u00e0 in questo caso sono semplicemente perfette.<\/p>\n<p>Poich\u00e9 Google Play Store applica alcune restrizioni ai marchi di gioco d&#8217;azzardo, puoi installare l&#8217;app Lootzino dal nostro sito web ufficiale. Non ci vorr\u00e0 molto tempo e avrai tutti i tuoi titoli preferiti a portata di mano:<\/p>\n<ol>\n<li>Vai al pi\u00e8 di pagina del sito web.<\/li>\n<li>Clicca sul pulsante \u201cApp Casin\u00f2\u201d. L&#8217;installazione inizier\u00e0 automaticamente dopo questo passaggio.<\/li>\n<li>Dopo aver installato il software, l&#8217;icona Loot Zino apparir\u00e0 sulla schermata iniziale.<\/li>\n<\/ol>\n<p><img loading=\"lazy\" decoding=\"async\" src=\"https:\/\/loot-zino.org\/wp-content\/uploads\/2025\/12\/Lootzino-Android-App.webp\" alt=\"Lootzino Android App\" width=\"1248\" height=\"536\" \/><\/p>\n<\/div><\/div><div style=\"clear: both\"><\/div><div class=\"d-flex justify-content-center\"><button data-item=\"decouvrez_link\" data-group=\"website_links\" class=\"goto fw-bold rounded-pill btn btn-orange\" aria-label=\"Scarica l&#039;app LootZino\" >Scarica l&#039;app LootZino<\/button><\/div><div class=\"scrollable-content-wrap my-5\"><div class=\"scrollable-content-inner\"><h2>Lootzino Casino App mobile per iOS<\/h2>\n<p>Gli utenti iOS non hanno meno opportunit\u00e0 quando si parla del casin\u00f2 mobile Lootzino Casino. Hai tre opzioni principali: versione browser, PWA o icona di collegamento. Tutte e tre le versioni sono compatibili con i moderni iPhone e iPad.<\/p>\n<p>L&#8217;app Lootzino per iOS ha lo stesso design e la stessa navigazione della versione desktop. Ecco perch\u00e9 i nostri clienti abituali si sentiranno a proprio agio nell&#8217;utilizzarla sui propri dispositivi mobili. Il nostro software mobile \u00e8 disponibile per l&#8217;installazione sul nostro sito web. L&#8217;intero processo richieder\u00e0 solo pochi minuti.<\/p>\n<p>Puoi sempre utilizzare semplicemente la versione browser. Per un accesso pi\u00f9 rapido, tutti i browser mobili offrono la possibilit\u00e0 di installare un&#8217;icona di collegamento sulla schermata iniziale, che ti consentir\u00e0 di accedere alla piattaforma con un solo clic. Se questa opzione fa al caso tuo, segui le nostre istruzioni riportate di seguito:<\/p>\n<ol>\n<li>Apri il nostro sito web nel browser mobile preferito (Safari, Google Chrome, ecc.).<\/li>\n<li>Clicca sul pulsante \u201cCondividi\u201d.<\/li>\n<li>Scorri verso il basso e clicca su \u201cAggiungi alla schermata iniziale\u201d.<\/li>\n<li>Conferma l&#8217;azione selezionando \u201cAggiungi\u201d. Successivamente, l&#8217;icona apparir\u00e0 sulla schermata principale. Puoi modificarne la posizione in qualsiasi momento.<\/li>\n<\/ol>\n<p><img loading=\"lazy\" decoding=\"async\" src=\"https:\/\/loot-zino.org\/wp-content\/uploads\/2025\/12\/Lootzino-iOS-App.webp\" alt=\"Lootzino iOS App\" width=\"1248\" height=\"536\" \/><\/p>\n<\/div><\/div><div style=\"clear: both\"><\/div><div class=\"d-flex justify-content-center\"><button data-item=\"decouvrez_link\" data-group=\"website_links\" class=\"goto fw-bold rounded-pill btn btn-orange\" aria-label=\"Scarica LootZino\" >Scarica LootZino<\/button><\/div><div class=\"scrollable-content-wrap my-5\"><div class=\"scrollable-content-inner\"><h2>Download delle app per Windows e macOS<\/h2>\n<p>Il desktop classico \u00e8 sempre disponibile per te in qualsiasi browser. Non \u00e8 necessario scaricare alcuna app aggiuntiva per accedere a Lootzino Casino. Tuttavia, molti utenti preferiscono uno schermo grande per essere ancora pi\u00f9 coinvolti nell&#8217;esperienza di gioco.<\/p>\n<p>Per accedere ancora pi\u00f9 rapidamente al sito web Loot Zino, puoi installare un&#8217;icona di collegamento sulla schermata principale. Per farlo, basta visitare il nostro sito web e, nelle impostazioni della pagina, trovare il pulsante \u201cAggiungi alla schermata Home\u201d. In questo modo sarai a un solo clic di distanza da noi.<\/p>\n<p><img loading=\"lazy\" decoding=\"async\" src=\"https:\/\/loot-zino.org\/wp-content\/uploads\/2025\/12\/Lootzino-Desktop.webp\" alt=\"Lootzino Desktop\" width=\"1248\" height=\"536\" \/><\/p>\n<\/div><\/div><div style=\"clear: both\"><\/div><div class=\"d-flex justify-content-center\"><button data-item=\"decouvrez_link\" data-group=\"website_links\" class=\"goto fw-bold rounded-pill btn btn-orange\" aria-label=\"Scarica l&#039;app LootZino\" >Scarica l&#039;app LootZino<\/button><\/div><div class=\"scrollable-content-wrap my-5\"><div class=\"scrollable-content-inner\"><h2>Domande frequenti<\/h2>\n<h3>L&#8217;app Loot Zino Casino offre assistenza clienti?<\/h3>\n<p>Lootzino Casino \u00e8 una versione speculare della versione desktop principale e include anche il servizio clienti. Puoi contattare il nostro team di assistenza 24 ore su 24, 7 giorni su 7, tramite live chat o e-mail.<\/p>\n<h3>\u00c8 necessario creare un account per utilizzare l&#8217;app Loot Zino?<\/h3>\n<p>Per accedere a tutti i giochi e alle funzionalit\u00e0 dell&#8217;app Lootzino, devi creare o accedere al tuo account. Se ti sei gi\u00e0 registrato sulla nostra piattaforma, tutti i tuoi dati e i tuoi risultati saranno sincronizzati su tutti i dispositivi. Prima del tuo primo prelievo dall&#8217;app mobile, ti chiederemo anche di completare una rapida procedura di verifica.<\/p>\n<h3>Tutti i giochi sono disponibili nell&#8217;app?<\/h3>\n<p>Tutti gli oltre 6.000 titoli dei fornitori di software affidabili sono disponibili anche nel casin\u00f2 mobile. Vogliamo che tu non perda nulla dal processo, ma che lo renda ancora migliore.<\/p>\n<h3>Come posso aggiornare l&#8217;app Lootzino Casino?<\/h3>\n<p>Trattandosi di una PWA, si aggiorna automaticamente senza richiedere alcun intervento da parte tua. Tuttavia, in caso di modifiche significative, riceverai una notifica push che ti inviter\u00e0 a installare l&#8217;ultima versione dal nostro sito web ufficiale.<\/p>\n<\/div><\/div><\/p>\n","protected":false},"excerpt":{"rendered":"<p>App Lootzino: giochi da casin\u00f2 per dispositivi mobili Lootzino App \u00e8 stata sviluppata per tutti i nostri utenti Android e iOS che preferiscono giocare dai propri dispositivi mobili in Italia. Con il nostro casin\u00f2 online, \u00e8 possibile. Il software mobile ha tutte le funzionalit\u00e0 della versione desktop principale, inclusi giochi, pagamenti, promozioni e molto altro [&hellip;]<\/p>\n","protected":false},"author":1,"featured_media":0,"parent":0,"menu_order":0,"comment_status":"closed","ping_status":"closed","template":"template-builder.php","meta":{"_acf_changed":false,"inline_featured_image":false,"footnotes":""},"class_list":["post-1424","page","type-page","status-publish","hentry"],"acf":[],"yoast_head":"<!-- This site is optimized with the Yoast SEO plugin v27.3 - https:\/\/yoast.com\/product\/yoast-seo-wordpress\/ -->\n<title>Lootzino l&#039;app Scarica | iOS e Android<\/title>\n<meta name=\"description\" content=\"L&#039;app Lootzino garantisce un&#039;esperienza di gioco impeccabile su piattaforme Android, iOS, Windows e macOS, completa di sincronizzazione dell&#039;account, aggiornamenti regolari e assistenza clienti integrata per una maggiore facilit\u00e0 d&#039;uso.\" \/>\n<meta name=\"robots\" content=\"index, follow, max-snippet:-1, max-image-preview:large, max-video-preview:-1\" \/>\n<link rel=\"canonical\" href=\"https:\/\/loot-zino.org\/it\/applicazione\/\" \/>\n<meta property=\"og:locale\" content=\"it_IT\" \/>\n<meta property=\"og:type\" content=\"article\" \/>\n<meta property=\"og:title\" content=\"Lootzino l&#039;app Scarica | iOS e Android\" \/>\n<meta property=\"og:description\" content=\"L&#039;app Lootzino garantisce un&#039;esperienza di gioco impeccabile su piattaforme Android, iOS, Windows e macOS, completa di sincronizzazione dell&#039;account, aggiornamenti regolari e assistenza clienti integrata per una maggiore facilit\u00e0 d&#039;uso.\" \/>\n<meta property=\"og:url\" content=\"https:\/\/loot-zino.org\/it\/applicazione\/\" \/>\n<meta property=\"og:site_name\" content=\"lootzino\" \/>\n<meta property=\"article:modified_time\" content=\"2025-12-23T06:39:11+00:00\" \/>\n<meta name=\"twitter:card\" content=\"summary_large_image\" \/>\n<meta name=\"twitter:label1\" content=\"Est. reading time\" \/>\n\t<meta name=\"twitter:data1\" content=\"2 minuti\" \/>\n<script type=\"application\/ld+json\" class=\"yoast-schema-graph\">{\"@context\":\"https:\\\/\\\/schema.org\",\"@graph\":[{\"@type\":\"WebPage\",\"@id\":\"https:\\\/\\\/loot-zino.org\\\/it\\\/applicazione\\\/\",\"url\":\"https:\\\/\\\/loot-zino.org\\\/it\\\/applicazione\\\/\",\"name\":\"Lootzino l'app Scarica | iOS e Android\",\"isPartOf\":{\"@id\":\"https:\\\/\\\/loot-zino.org\\\/it\\\/#website\"},\"datePublished\":\"2025-12-22T12:41:17+00:00\",\"dateModified\":\"2025-12-23T06:39:11+00:00\",\"description\":\"L'app Lootzino garantisce un'esperienza di gioco impeccabile su piattaforme Android, iOS, Windows e macOS, completa di sincronizzazione dell'account, aggiornamenti regolari e assistenza clienti integrata per una maggiore facilit\u00e0 d'uso.\",\"breadcrumb\":{\"@id\":\"https:\\\/\\\/loot-zino.org\\\/it\\\/applicazione\\\/#breadcrumb\"},\"inLanguage\":\"it-IT\",\"potentialAction\":[{\"@type\":\"ReadAction\",\"target\":[\"https:\\\/\\\/loot-zino.org\\\/it\\\/applicazione\\\/\"]}]},{\"@type\":\"BreadcrumbList\",\"@id\":\"https:\\\/\\\/loot-zino.org\\\/it\\\/applicazione\\\/#breadcrumb\",\"itemListElement\":[{\"@type\":\"ListItem\",\"position\":1,\"name\":\"Lootzino\",\"item\":\"https:\\\/\\\/loot-zino.org\\\/it\\\/\"},{\"@type\":\"ListItem\",\"position\":2,\"name\":\"Applicazione\"}]},{\"@type\":\"WebSite\",\"@id\":\"https:\\\/\\\/loot-zino.org\\\/it\\\/#website\",\"url\":\"https:\\\/\\\/loot-zino.org\\\/it\\\/\",\"name\":\"Lootzino\",\"description\":\"\",\"publisher\":{\"@id\":\"https:\\\/\\\/loot-zino.org\\\/it\\\/#organization\"},\"potentialAction\":[{\"@type\":\"SearchAction\",\"target\":{\"@type\":\"EntryPoint\",\"urlTemplate\":\"https:\\\/\\\/loot-zino.org\\\/it\\\/?s={search_term_string}\"},\"query-input\":{\"@type\":\"PropertyValueSpecification\",\"valueRequired\":true,\"valueName\":\"search_term_string\"}}],\"inLanguage\":\"it-IT\"},{\"@type\":\"Organization\",\"@id\":\"https:\\\/\\\/loot-zino.org\\\/it\\\/#organization\",\"name\":\"Lootzino\",\"url\":\"https:\\\/\\\/loot-zino.org\\\/it\\\/\",\"logo\":{\"@type\":\"ImageObject\",\"inLanguage\":\"it-IT\",\"@id\":\"https:\\\/\\\/loot-zino.org\\\/it\\\/#\\\/schema\\\/logo\\\/image\\\/\",\"url\":\"https:\\\/\\\/loot-zino.org\\\/wp-content\\\/uploads\\\/2025\\\/12\\\/lootzino.svg\",\"contentUrl\":\"https:\\\/\\\/loot-zino.org\\\/wp-content\\\/uploads\\\/2025\\\/12\\\/lootzino.svg\",\"width\":16,\"height\":20,\"caption\":\"Lootzino\"},\"image\":{\"@id\":\"https:\\\/\\\/loot-zino.org\\\/it\\\/#\\\/schema\\\/logo\\\/image\\\/\"}}]}<\/script>\n<!-- \/ Yoast SEO plugin. -->","yoast_head_json":{"title":"Lootzino l'app Scarica | iOS e Android","description":"L'app Lootzino garantisce un'esperienza di gioco impeccabile su piattaforme Android, iOS, Windows e macOS, completa di sincronizzazione dell'account, aggiornamenti regolari e assistenza clienti integrata per una maggiore facilit\u00e0 d'uso.","robots":{"index":"index","follow":"follow","max-snippet":"max-snippet:-1","max-image-preview":"max-image-preview:large","max-video-preview":"max-video-preview:-1"},"canonical":"https:\/\/loot-zino.org\/it\/applicazione\/","og_locale":"it_IT","og_type":"article","og_title":"Lootzino l'app Scarica | iOS e Android","og_description":"L'app Lootzino garantisce un'esperienza di gioco impeccabile su piattaforme Android, iOS, Windows e macOS, completa di sincronizzazione dell'account, aggiornamenti regolari e assistenza clienti integrata per una maggiore facilit\u00e0 d'uso.","og_url":"https:\/\/loot-zino.org\/it\/applicazione\/","og_site_name":"lootzino","article_modified_time":"2025-12-23T06:39:11+00:00","twitter_card":"summary_large_image","twitter_misc":{"Est. reading time":"2 minuti"},"schema":{"@context":"https:\/\/schema.org","@graph":[{"@type":"WebPage","@id":"https:\/\/loot-zino.org\/it\/applicazione\/","url":"https:\/\/loot-zino.org\/it\/applicazione\/","name":"Lootzino l'app Scarica | iOS e Android","isPartOf":{"@id":"https:\/\/loot-zino.org\/it\/#website"},"datePublished":"2025-12-22T12:41:17+00:00","dateModified":"2025-12-23T06:39:11+00:00","description":"L'app Lootzino garantisce un'esperienza di gioco impeccabile su piattaforme Android, iOS, Windows e macOS, completa di sincronizzazione dell'account, aggiornamenti regolari e assistenza clienti integrata per una maggiore facilit\u00e0 d'uso.","breadcrumb":{"@id":"https:\/\/loot-zino.org\/it\/applicazione\/#breadcrumb"},"inLanguage":"it-IT","potentialAction":[{"@type":"ReadAction","target":["https:\/\/loot-zino.org\/it\/applicazione\/"]}]},{"@type":"BreadcrumbList","@id":"https:\/\/loot-zino.org\/it\/applicazione\/#breadcrumb","itemListElement":[{"@type":"ListItem","position":1,"name":"Lootzino","item":"https:\/\/loot-zino.org\/it\/"},{"@type":"ListItem","position":2,"name":"Applicazione"}]},{"@type":"WebSite","@id":"https:\/\/loot-zino.org\/it\/#website","url":"https:\/\/loot-zino.org\/it\/","name":"Lootzino","description":"","publisher":{"@id":"https:\/\/loot-zino.org\/it\/#organization"},"potentialAction":[{"@type":"SearchAction","target":{"@type":"EntryPoint","urlTemplate":"https:\/\/loot-zino.org\/it\/?s={search_term_string}"},"query-input":{"@type":"PropertyValueSpecification","valueRequired":true,"valueName":"search_term_string"}}],"inLanguage":"it-IT"},{"@type":"Organization","@id":"https:\/\/loot-zino.org\/it\/#organization","name":"Lootzino","url":"https:\/\/loot-zino.org\/it\/","logo":{"@type":"ImageObject","inLanguage":"it-IT","@id":"https:\/\/loot-zino.org\/it\/#\/schema\/logo\/image\/","url":"https:\/\/loot-zino.org\/wp-content\/uploads\/2025\/12\/lootzino.svg","contentUrl":"https:\/\/loot-zino.org\/wp-content\/uploads\/2025\/12\/lootzino.svg","width":16,"height":20,"caption":"Lootzino"},"image":{"@id":"https:\/\/loot-zino.org\/it\/#\/schema\/logo\/image\/"}}]}},"_links":{"self":[{"href":"https:\/\/loot-zino.org\/it\/wp-json\/wp\/v2\/pages\/1424","targetHints":{"allow":["GET"]}}],"collection":[{"href":"https:\/\/loot-zino.org\/it\/wp-json\/wp\/v2\/pages"}],"about":[{"href":"https:\/\/loot-zino.org\/it\/wp-json\/wp\/v2\/types\/page"}],"author":[{"embeddable":true,"href":"https:\/\/loot-zino.org\/it\/wp-json\/wp\/v2\/users\/1"}],"replies":[{"embeddable":true,"href":"https:\/\/loot-zino.org\/it\/wp-json\/wp\/v2\/comments?post=1424"}],"version-history":[{"count":2,"href":"https:\/\/loot-zino.org\/it\/wp-json\/wp\/v2\/pages\/1424\/revisions"}],"predecessor-version":[{"id":1703,"href":"https:\/\/loot-zino.org\/it\/wp-json\/wp\/v2\/pages\/1424\/revisions\/1703"}],"wp:attachment":[{"href":"https:\/\/loot-zino.org\/it\/wp-json\/wp\/v2\/media?parent=1424"}],"curies":[{"name":"wp","href":"https:\/\/api.w.org\/{rel}","templated":true}]}}