{"id":1461,"date":"2025-12-22T12:46:29","date_gmt":"2025-12-22T12:46:29","guid":{"rendered":"https:\/\/loot-zino.org\/login-and-registration\/"},"modified":"2025-12-25T09:02:30","modified_gmt":"2025-12-25T09:02:30","slug":"connexion-et-inscription","status":"publish","type":"page","link":"https:\/\/loot-zino.org\/fr\/connexion-et-inscription\/","title":{"rendered":"Connexion et inscription"},"content":{"rendered":"<h1>Connexion \u00e0 Lootzino : inscription rapide et gestion du compte<\/h1>\n<p>Pour commencer \u00e0 jouer \u00e0 vos jeux pr\u00e9f\u00e9r\u00e9s, vous n&rsquo;aurez besoin que de quelques minutes pour suivre une proc\u00e9dure simple de Lootzino login. Vous aurez ensuite acc\u00e8s \u00e0 toutes les fonctionnalit\u00e9s disponibles sur notre site web, y compris tous les titres, les paiements, les bonus, le service client et bien plus encore. Les utilisateurs doivent \u00eatre \u00e2g\u00e9s d&rsquo;au moins 18 ans pour s&rsquo;inscrire sur Lootzino Casino.<\/p>\n<p><div class=\"banner-wrap\" aria-label=\"Banner\"><img src=\"https:\/\/loot-zino.org\/wp-content\/uploads\/2025\/12\/Lootzino-banner-carousel-800\u0445400.webp\" class=\"w-100 d-none d-lg-block img-pc main-banner-img\" alt=\"Lootzino banner desktop\" fetchpriority=\"high\" decoding=\"async\"><img src=\"https:\/\/loot-zino.org\/wp-content\/uploads\/2025\/12\/Lootzino-banner-mobile-1.webp\" class=\"w-100 d-none d-md-block d-lg-none main-banner-img\" alt=\"Lootzino banner mobile\" fetchpriority=\"high\" decoding=\"async\"><img src=\"https:\/\/loot-zino.org\/wp-content\/uploads\/2025\/12\/Lootzino-banner-mobile-1.webp\" class=\"w-100 d-md-none\" alt=\"Lootzino banner mobile\" fetchpriority=\"high\" decoding=\"async\"><div class=\"banner-description\">\n<div class=\"banner-title\">Bonus de bienvenue<\/div>\n<p class=\"banner-header-title\">1000 \u20ac<\/p>\n<div class=\"banner-header-AdditionalText\">+ 100 Tours gratuits<\/div>\n<button data-item=\"homepage_banner_link\" class=\"goto m-button m-gradient-border m-button--primary m-button--large banner-button btn-orange\">\n            <div class=\"m-button-content\">\n                <span>Inscrivez-vous d\u00e8s maintenant<\/span>\n                <span><\/span>\n            <\/div>\n        <\/button>\n<\/div>\n<div class=\"WelcomePack\">\n<p><img loading=\"lazy\" decoding=\"async\" class=\"alignnone size-full wp-image-1338\" src=\"https:\/\/loot-zino.org\/wp-content\/uploads\/2025\/12\/welcome-crown.svg\" alt=\"crown\" width=\"25\" height=\"26\" \/><\/p>\n<div class=\"WelcomePack-Info\">Cashback hebdomadaire jusqu&rsquo;\u00e0 25 %<\/div>\n<p><img loading=\"lazy\" decoding=\"async\" class=\"alignnone size-full wp-image-1338\" src=\"https:\/\/loot-zino.org\/wp-content\/uploads\/2025\/12\/welcome-crown.svg\" alt=\"crown\" width=\"25\" height=\"26\" \/><\/p>\n<\/div>\n<\/div><div class=\"scrollable-content-wrap my-5\"><div class=\"scrollable-content-inner\"><h2>Loot Zino Casino : Inscription d&rsquo;un nouveau joueur<\/h2>\n<p>L&rsquo;inscription sur Lootzino Casino vous ouvre les portes des meilleures fonctionnalit\u00e9s des plateformes de jeux d&rsquo;argent modernes. Vous pouvez commencer \u00e0 choisir parmi plus de 6 000 jeux, notamment des machines \u00e0 sous en ligne, des jeux de table, des options avec croupier en direct, des titres instantan\u00e9s et bien plus encore. Les d\u00e9p\u00f4ts et les retraits ne sont \u00e9galement disponibles qu&rsquo;apr\u00e8s avoir suivi les \u00e9tapes de connexion \u00e0 Lootzino.<\/p>\n<p>Le compte vous offre de nombreuses options pour g\u00e9rer vos donn\u00e9es et profiter pleinement de l&rsquo;exp\u00e9rience de jeu. Veuillez lire attentivement les conditions g\u00e9n\u00e9rales avant de proc\u00e9der \u00e0 la connexion \u00e0 Lootzino. Par exemple, une personne ne peut avoir qu&rsquo;un seul compte sur notre site web. En outre, conform\u00e9ment \u00e0 la loi, vous devez \u00eatre \u00e2g\u00e9 d&rsquo;au moins 18 ans pour vous inscrire et jouer dans un casino en ligne.<\/p>\n<h3>Cr\u00e9ez votre compte<\/h3>\n<p>Notre objectif \u00e9tait de simplifier le processus d&rsquo;inscription afin que m\u00eame les nouveaux utilisateurs puissent s&rsquo;y retrouver rapidement. Nous ne vous demandons pas de fournir des informations inutiles : seuls votre adresse e-mail et votre mot de passe sont n\u00e9cessaires. Dans le tableau ci-dessous, vous trouverez un guide \u00e9tape par \u00e9tape pour cr\u00e9er un compte sur Loot Zino.<\/p>\n<table>\n<tbody>\n<tr>\n<td>\u00c9tape<\/td>\n<td>D\u00e9tails<\/td>\n<\/tr>\n<tr>\n<td>Cliquez sur le bouton \u00ab S&rsquo;inscrire \u00bb.<\/td>\n<td>Le bouton se trouve dans le coin sup\u00e9rieur droit de l&rsquo;\u00e9cran d&rsquo;accueil.<\/td>\n<\/tr>\n<tr>\n<td>Remplissez les informations principales<\/td>\n<td>Vous devez entrer votre adresse e-mail et cr\u00e9er un mot de passe. Le mot de passe doit comporter plus de 6 caract\u00e8res.<\/td>\n<\/tr>\n<tr>\n<td>Acceptez les r\u00e8gles de notre plateforme<\/td>\n<td>Chaque utilisateur doit confirmer son \u00e2ge et accepter les conditions g\u00e9n\u00e9rales de Lootzino Casino.<\/td>\n<\/tr>\n<tr>\n<td>Cliquez sur le bouton \u00ab S&rsquo;inscrire \u00bb.<\/td>\n<td>Il est n\u00e9cessaire de finaliser le processus d&rsquo;inscription principal.<\/td>\n<\/tr>\n<tr>\n<td>Remplissez les informations personnelles suppl\u00e9mentaires<\/td>\n<td>Vous devez saisir votre nom complet, votre date de naissance et votre adresse personnelle. Vous pouvez ignorer cette \u00e9tape et la r\u00e9aliser ult\u00e9rieurement.<\/td>\n<\/tr>\n<tr>\n<td>Cliquez sur le bouton \u00ab Enregistrer \u00bb.<\/td>\n<td>Apr\u00e8s cette \u00e9tape, vous \u00eates compl\u00e8tement inscrit sur la plateforme et pouvez commencer \u00e0 jouer avec de l&rsquo;argent r\u00e9el.<\/td>\n<\/tr>\n<\/tbody>\n<\/table>\n<h2>Premiers pas avec le compte Lootzino<\/h2>\n<p>Si vous avez d\u00e9j\u00e0 visit\u00e9 notre plateforme, il vous suffit de suivre la proc\u00e9dure de connexion \u00e0 Lootzino. Nous vous demanderons les informations que vous avez utilis\u00e9es lors de votre inscription : votre adresse e-mail et votre mot de passe. Le bouton de connexion se trouve dans le coin sup\u00e9rieur droit de la page principale. Votre compte et ses param\u00e8tres offrent de nombreuses fonctionnalit\u00e9s, notamment les suivantes :<\/p>\n<ul>\n<li>Gestion du compte \u2013 vous pouvez modifier vos informations personnelles et vos informations de paiement.<\/li>\n<li>Outils de jeu responsable : il existe des options de limitation du temps et des d\u00e9penses, ainsi qu&rsquo;un outil d&rsquo;auto-exclusion.<\/li>\n<li>Historique des activit\u00e9s : suivez votre historique de jeu, de d\u00e9p\u00f4t et de gains pour voir vos progr\u00e8s.<\/li>\n<li>Processus de v\u00e9rification \u2013 avant le premier retrait, vous devez t\u00e9l\u00e9charger des documents qui v\u00e9rifient votre identit\u00e9.<\/li>\n<\/ul>\n<h3>Mot de passe oubli\u00e9 ?<\/h3>\n<p>Tout d&rsquo;abord, dans les param\u00e8tres du compte, vous pouvez mettre \u00e0 jour vos informations personnelles, y compris votre mot de passe. Mais si vous l&rsquo;avez oubli\u00e9 avant le processus de connexion \u00e0 Loot Zino, nous avons \u00e9galement une solution pour vous. \u00c0 la fin du formulaire de connexion, vous trouverez le lien \u00ab Mot de passe oubli\u00e9 ? \u00bb. Apr\u00e8s avoir cliqu\u00e9 dessus et saisi votre adresse e-mail, nous vous enverrons un lien pour r\u00e9initialiser votre mot de passe. Il vous suffira alors d&rsquo;en cr\u00e9er un nouveau et de l&rsquo;utiliser la prochaine fois que vous souhaiterez acc\u00e9der \u00e0 votre compte Lootzino Casino.<\/p>\n<h3>Loot Zino Casino : S\u00e9curisation et v\u00e9rification du compte<\/h3>\n<p>En tant que casino agr\u00e9\u00e9, nous respectons tous les protocoles et r\u00e9glementations requis pour garantir la s\u00e9curit\u00e9 de vos informations personnelles et bancaires. Vous pouvez renforcer encore davantage la s\u00e9curit\u00e9 de votre compte en configurant l&rsquo;authentification \u00e0 deux facteurs.<\/p>\n<p>Afin de pr\u00e9venir toute fraude et de garantir la s\u00e9curit\u00e9 de la plateforme, Lootzino Casino exige que tous les utilisateurs effectuent le processus de v\u00e9rification avant leur premier retrait. Pour ce faire, vous devez t\u00e9l\u00e9charger des documents prouvant votre identit\u00e9, votre \u00e2ge, votre adresse postale et que vous \u00eates bien le titulaire du compte ou de la carte de paiement. Nos responsables v\u00e9rifieront les documents t\u00e9l\u00e9charg\u00e9s dans les 48 heures et vous donneront une r\u00e9ponse.<\/p>\n<h2>FAQ<\/h2>\n<h3>Comment puis-je terminer le processus de v\u00e9rification du compte ?<\/h3>\n<p>Pour terminer le processus de v\u00e9rification, nous vous demanderons de t\u00e9l\u00e9charger des copies ou des photos de vos documents, notamment votre carte d&rsquo;identit\u00e9, votre passeport, votre permis de conduire, une facture de services publics et un relev\u00e9 bancaire. Une fois que vous aurez re\u00e7u le feu vert de nos responsables, vous pourrez retirer vos fonds sans plus attendre.<\/p>\n<h3>Comment mettre \u00e0 jour votre mot de passe ou votre adresse e-mail ?<\/h3>\n<p>Dans les param\u00e8tres du compte personnel sur Lootzino Casino, vous pouvez modifier vos donn\u00e9es personnelles, y compris votre mot de passe et votre adresse e-mail. Cela ne prend que quelques minutes et, la prochaine fois que vous vous connecterez \u00e0 Lootzino, vous devrez utiliser les nouvelles donn\u00e9es.<\/p>\n<h3>Que dois-je faire si mon compte est bloqu\u00e9 ?<\/h3>\n<p>Si vous n&rsquo;avez pas re\u00e7u d&rsquo;e-mail concernant le verrouillage de votre compte, veuillez contacter notre \u00e9quipe d&rsquo;assistance via le chat en direct ou par e-mail. Les responsables du casino Loot Zino vous expliqueront pourquoi votre compte a \u00e9t\u00e9 verrouill\u00e9, ce qui peut \u00eatre fait et quand.<\/p>\n<h3>Comment puis-je fermer ou suspendre temporairement mon compte ?<\/h3>\n<p>Pour ce faire, vous devez contacter notre service d&rsquo;assistance multilingue. Ils vous demanderont les raisons et prendront toutes les mesures n\u00e9cessaires. Aucune d\u00e9marche suppl\u00e9mentaire n&rsquo;est requise de votre part.<\/p>\n<\/div><\/div><\/p>\n","protected":false},"excerpt":{"rendered":"<p>Connexion \u00e0 Lootzino : inscription rapide et gestion du compte Pour commencer \u00e0 jouer \u00e0 vos jeux pr\u00e9f\u00e9r\u00e9s, vous n&rsquo;aurez besoin que de quelques minutes pour suivre une proc\u00e9dure simple de Lootzino login. Vous aurez ensuite acc\u00e8s \u00e0 toutes les fonctionnalit\u00e9s disponibles sur notre site web, y compris tous les titres, les paiements, les bonus, [&hellip;]<\/p>\n","protected":false},"author":1,"featured_media":0,"parent":0,"menu_order":0,"comment_status":"closed","ping_status":"closed","template":"template-builder.php","meta":{"_acf_changed":false,"inline_featured_image":false,"footnotes":""},"class_list":["post-1461","page","type-page","status-publish","hentry"],"acf":[],"yoast_head":"<!-- This site is optimized with the Yoast SEO plugin v27.3 - https:\/\/yoast.com\/product\/yoast-seo-wordpress\/ -->\n<title>Lootzino Connexion \u2013 Inscription et gestion du compte<\/title>\n<meta name=\"description\" content=\"Cr\u00e9ez, g\u00e9rez et v\u00e9rifiez facilement votre compte Lootzino Casino gr\u00e2ce \u00e0 une inscription rapide, une r\u00e9cup\u00e9ration de compte transparente et une fermeture de compte s\u00e9curis\u00e9e, garantissant une protection 24 heures sur 24, 7 jours sur 7 gr\u00e2ce \u00e0 Lootzino Login.\" \/>\n<meta name=\"robots\" content=\"index, follow, max-snippet:-1, max-image-preview:large, max-video-preview:-1\" \/>\n<link rel=\"canonical\" href=\"https:\/\/loot-zino.org\/fr\/connexion-et-inscription\/\" \/>\n<meta property=\"og:locale\" content=\"fr_FR\" \/>\n<meta property=\"og:type\" content=\"article\" \/>\n<meta property=\"og:title\" content=\"Lootzino Connexion \u2013 Inscription et gestion du compte\" \/>\n<meta property=\"og:description\" content=\"Cr\u00e9ez, g\u00e9rez et v\u00e9rifiez facilement votre compte Lootzino Casino gr\u00e2ce \u00e0 une inscription rapide, une r\u00e9cup\u00e9ration de compte transparente et une fermeture de compte s\u00e9curis\u00e9e, garantissant une protection 24 heures sur 24, 7 jours sur 7 gr\u00e2ce \u00e0 Lootzino Login.\" \/>\n<meta property=\"og:url\" content=\"https:\/\/loot-zino.org\/fr\/connexion-et-inscription\/\" \/>\n<meta property=\"og:site_name\" content=\"lootzino\" \/>\n<meta property=\"article:modified_time\" content=\"2025-12-25T09:02:30+00:00\" \/>\n<meta name=\"twitter:card\" content=\"summary_large_image\" \/>\n<meta name=\"twitter:label1\" content=\"Dur\u00e9e de lecture estim\u00e9e\" \/>\n\t<meta name=\"twitter:data1\" content=\"1 minute\" \/>\n<script type=\"application\/ld+json\" class=\"yoast-schema-graph\">{\"@context\":\"https:\\\/\\\/schema.org\",\"@graph\":[{\"@type\":\"WebPage\",\"@id\":\"https:\\\/\\\/loot-zino.org\\\/fr\\\/connexion-et-inscription\\\/\",\"url\":\"https:\\\/\\\/loot-zino.org\\\/fr\\\/connexion-et-inscription\\\/\",\"name\":\"Lootzino Connexion \u2013 Inscription et gestion du compte\",\"isPartOf\":{\"@id\":\"https:\\\/\\\/loot-zino.org\\\/fr\\\/#website\"},\"datePublished\":\"2025-12-22T12:46:29+00:00\",\"dateModified\":\"2025-12-25T09:02:30+00:00\",\"description\":\"Cr\u00e9ez, g\u00e9rez et v\u00e9rifiez facilement votre compte Lootzino Casino gr\u00e2ce \u00e0 une inscription rapide, une r\u00e9cup\u00e9ration de compte transparente et une fermeture de compte s\u00e9curis\u00e9e, garantissant une protection 24 heures sur 24, 7 jours sur 7 gr\u00e2ce \u00e0 Lootzino Login.\",\"breadcrumb\":{\"@id\":\"https:\\\/\\\/loot-zino.org\\\/fr\\\/connexion-et-inscription\\\/#breadcrumb\"},\"inLanguage\":\"fr-FR\",\"potentialAction\":[{\"@type\":\"ReadAction\",\"target\":[\"https:\\\/\\\/loot-zino.org\\\/fr\\\/connexion-et-inscription\\\/\"]}]},{\"@type\":\"BreadcrumbList\",\"@id\":\"https:\\\/\\\/loot-zino.org\\\/fr\\\/connexion-et-inscription\\\/#breadcrumb\",\"itemListElement\":[{\"@type\":\"ListItem\",\"position\":1,\"name\":\"Lootzino\",\"item\":\"https:\\\/\\\/loot-zino.org\\\/fr\\\/\"},{\"@type\":\"ListItem\",\"position\":2,\"name\":\"Connexion et inscription\"}]},{\"@type\":\"WebSite\",\"@id\":\"https:\\\/\\\/loot-zino.org\\\/fr\\\/#website\",\"url\":\"https:\\\/\\\/loot-zino.org\\\/fr\\\/\",\"name\":\"Lootzino\",\"description\":\"\",\"publisher\":{\"@id\":\"https:\\\/\\\/loot-zino.org\\\/fr\\\/#organization\"},\"potentialAction\":[{\"@type\":\"SearchAction\",\"target\":{\"@type\":\"EntryPoint\",\"urlTemplate\":\"https:\\\/\\\/loot-zino.org\\\/fr\\\/?s={search_term_string}\"},\"query-input\":{\"@type\":\"PropertyValueSpecification\",\"valueRequired\":true,\"valueName\":\"search_term_string\"}}],\"inLanguage\":\"fr-FR\"},{\"@type\":\"Organization\",\"@id\":\"https:\\\/\\\/loot-zino.org\\\/fr\\\/#organization\",\"name\":\"Lootzino\",\"url\":\"https:\\\/\\\/loot-zino.org\\\/fr\\\/\",\"logo\":{\"@type\":\"ImageObject\",\"inLanguage\":\"fr-FR\",\"@id\":\"https:\\\/\\\/loot-zino.org\\\/fr\\\/#\\\/schema\\\/logo\\\/image\\\/\",\"url\":\"https:\\\/\\\/loot-zino.org\\\/wp-content\\\/uploads\\\/2025\\\/12\\\/lootzino.svg\",\"contentUrl\":\"https:\\\/\\\/loot-zino.org\\\/wp-content\\\/uploads\\\/2025\\\/12\\\/lootzino.svg\",\"width\":16,\"height\":20,\"caption\":\"Lootzino\"},\"image\":{\"@id\":\"https:\\\/\\\/loot-zino.org\\\/fr\\\/#\\\/schema\\\/logo\\\/image\\\/\"}}]}<\/script>\n<!-- \/ Yoast SEO plugin. -->","yoast_head_json":{"title":"Lootzino Connexion \u2013 Inscription et gestion du compte","description":"Cr\u00e9ez, g\u00e9rez et v\u00e9rifiez facilement votre compte Lootzino Casino gr\u00e2ce \u00e0 une inscription rapide, une r\u00e9cup\u00e9ration de compte transparente et une fermeture de compte s\u00e9curis\u00e9e, garantissant une protection 24 heures sur 24, 7 jours sur 7 gr\u00e2ce \u00e0 Lootzino Login.","robots":{"index":"index","follow":"follow","max-snippet":"max-snippet:-1","max-image-preview":"max-image-preview:large","max-video-preview":"max-video-preview:-1"},"canonical":"https:\/\/loot-zino.org\/fr\/connexion-et-inscription\/","og_locale":"fr_FR","og_type":"article","og_title":"Lootzino Connexion \u2013 Inscription et gestion du compte","og_description":"Cr\u00e9ez, g\u00e9rez et v\u00e9rifiez facilement votre compte Lootzino Casino gr\u00e2ce \u00e0 une inscription rapide, une r\u00e9cup\u00e9ration de compte transparente et une fermeture de compte s\u00e9curis\u00e9e, garantissant une protection 24 heures sur 24, 7 jours sur 7 gr\u00e2ce \u00e0 Lootzino Login.","og_url":"https:\/\/loot-zino.org\/fr\/connexion-et-inscription\/","og_site_name":"lootzino","article_modified_time":"2025-12-25T09:02:30+00:00","twitter_card":"summary_large_image","twitter_misc":{"Dur\u00e9e de lecture estim\u00e9e":"1 minute"},"schema":{"@context":"https:\/\/schema.org","@graph":[{"@type":"WebPage","@id":"https:\/\/loot-zino.org\/fr\/connexion-et-inscription\/","url":"https:\/\/loot-zino.org\/fr\/connexion-et-inscription\/","name":"Lootzino Connexion \u2013 Inscription et gestion du compte","isPartOf":{"@id":"https:\/\/loot-zino.org\/fr\/#website"},"datePublished":"2025-12-22T12:46:29+00:00","dateModified":"2025-12-25T09:02:30+00:00","description":"Cr\u00e9ez, g\u00e9rez et v\u00e9rifiez facilement votre compte Lootzino Casino gr\u00e2ce \u00e0 une inscription rapide, une r\u00e9cup\u00e9ration de compte transparente et une fermeture de compte s\u00e9curis\u00e9e, garantissant une protection 24 heures sur 24, 7 jours sur 7 gr\u00e2ce \u00e0 Lootzino Login.","breadcrumb":{"@id":"https:\/\/loot-zino.org\/fr\/connexion-et-inscription\/#breadcrumb"},"inLanguage":"fr-FR","potentialAction":[{"@type":"ReadAction","target":["https:\/\/loot-zino.org\/fr\/connexion-et-inscription\/"]}]},{"@type":"BreadcrumbList","@id":"https:\/\/loot-zino.org\/fr\/connexion-et-inscription\/#breadcrumb","itemListElement":[{"@type":"ListItem","position":1,"name":"Lootzino","item":"https:\/\/loot-zino.org\/fr\/"},{"@type":"ListItem","position":2,"name":"Connexion et inscription"}]},{"@type":"WebSite","@id":"https:\/\/loot-zino.org\/fr\/#website","url":"https:\/\/loot-zino.org\/fr\/","name":"Lootzino","description":"","publisher":{"@id":"https:\/\/loot-zino.org\/fr\/#organization"},"potentialAction":[{"@type":"SearchAction","target":{"@type":"EntryPoint","urlTemplate":"https:\/\/loot-zino.org\/fr\/?s={search_term_string}"},"query-input":{"@type":"PropertyValueSpecification","valueRequired":true,"valueName":"search_term_string"}}],"inLanguage":"fr-FR"},{"@type":"Organization","@id":"https:\/\/loot-zino.org\/fr\/#organization","name":"Lootzino","url":"https:\/\/loot-zino.org\/fr\/","logo":{"@type":"ImageObject","inLanguage":"fr-FR","@id":"https:\/\/loot-zino.org\/fr\/#\/schema\/logo\/image\/","url":"https:\/\/loot-zino.org\/wp-content\/uploads\/2025\/12\/lootzino.svg","contentUrl":"https:\/\/loot-zino.org\/wp-content\/uploads\/2025\/12\/lootzino.svg","width":16,"height":20,"caption":"Lootzino"},"image":{"@id":"https:\/\/loot-zino.org\/fr\/#\/schema\/logo\/image\/"}}]}},"_links":{"self":[{"href":"https:\/\/loot-zino.org\/fr\/wp-json\/wp\/v2\/pages\/1461","targetHints":{"allow":["GET"]}}],"collection":[{"href":"https:\/\/loot-zino.org\/fr\/wp-json\/wp\/v2\/pages"}],"about":[{"href":"https:\/\/loot-zino.org\/fr\/wp-json\/wp\/v2\/types\/page"}],"author":[{"embeddable":true,"href":"https:\/\/loot-zino.org\/fr\/wp-json\/wp\/v2\/users\/1"}],"replies":[{"embeddable":true,"href":"https:\/\/loot-zino.org\/fr\/wp-json\/wp\/v2\/comments?post=1461"}],"version-history":[{"count":2,"href":"https:\/\/loot-zino.org\/fr\/wp-json\/wp\/v2\/pages\/1461\/revisions"}],"predecessor-version":[{"id":1793,"href":"https:\/\/loot-zino.org\/fr\/wp-json\/wp\/v2\/pages\/1461\/revisions\/1793"}],"wp:attachment":[{"href":"https:\/\/loot-zino.org\/fr\/wp-json\/wp\/v2\/media?parent=1461"}],"curies":[{"name":"wp","href":"https:\/\/api.w.org\/{rel}","templated":true}]}}