{"id":1419,"date":"2025-12-22T12:41:17","date_gmt":"2025-12-22T12:41:17","guid":{"rendered":"https:\/\/loot-zino.org\/app\/"},"modified":"2025-12-25T08:57:17","modified_gmt":"2025-12-25T08:57:17","slug":"app","status":"publish","type":"page","link":"https:\/\/loot-zino.org\/fr\/app\/","title":{"rendered":"App"},"content":{"rendered":"<h1>Application Lootzino : jeux de casino mobiles<\/h1>\n<p>Lootzino App a \u00e9t\u00e9 d\u00e9velopp\u00e9e pour tous nos utilisateurs Android et iOS qui pr\u00e9f\u00e8rent jouer depuis leurs appareils mobiles. Avec notre casino en ligne, c&rsquo;est possible. Le logiciel mobile dispose de toutes les fonctionnalit\u00e9s de la version principale pour ordinateur, y compris les jeux, les paiements, les promotions et bien plus encore. Nous recommandons \u00e0 tout le monde d&rsquo;essayer au moins une fois l&rsquo;exp\u00e9rience mobile Lootzino Casino !<\/p>\n<div class=\"banner-wrap\" aria-label=\"Banner\"><img src=\"https:\/\/loot-zino.org\/wp-content\/uploads\/2025\/12\/Lootzino-banner-carousel-800\u0445400.webp\" class=\"w-100 d-none d-lg-block img-pc main-banner-img\" alt=\"Lootzino banner desktop\" fetchpriority=\"high\" decoding=\"async\"><img src=\"https:\/\/loot-zino.org\/wp-content\/uploads\/2025\/12\/Lootzino-banner-mobile-1.webp\" class=\"w-100 d-none d-md-block d-lg-none main-banner-img\" alt=\"Lootzino banner mobile\" fetchpriority=\"high\" decoding=\"async\"><img src=\"https:\/\/loot-zino.org\/wp-content\/uploads\/2025\/12\/Lootzino-banner-mobile-1.webp\" class=\"w-100 d-md-none\" alt=\"Lootzino banner mobile\" fetchpriority=\"high\" decoding=\"async\"><div class=\"banner-description\">\n<div class=\"banner-title\">Bonus de bienvenue<\/div>\n<p class=\"banner-header-title\">1000 \u20ac<\/p>\n<div class=\"banner-header-AdditionalText\">+ 100 Tours gratuits<\/div>\n<button data-item=\"homepage_banner_link\" class=\"goto m-button m-gradient-border m-button--primary m-button--large banner-button btn-orange\">\n            <div class=\"m-button-content\">\n                <span>Inscrivez-vous d\u00e8s maintenant<\/span>\n                <span><\/span>\n            <\/div>\n        <\/button>\n<\/div>\n<div class=\"WelcomePack\">\n<p><img loading=\"lazy\" decoding=\"async\" class=\"alignnone size-full wp-image-1338\" src=\"https:\/\/loot-zino.org\/wp-content\/uploads\/2025\/12\/welcome-crown.svg\" alt=\"crown\" width=\"25\" height=\"26\" \/><\/p>\n<div class=\"WelcomePack-Info\">Cashback hebdomadaire jusqu&rsquo;\u00e0 25 %<\/div>\n<p><img loading=\"lazy\" decoding=\"async\" class=\"alignnone size-full wp-image-1338\" src=\"https:\/\/loot-zino.org\/wp-content\/uploads\/2025\/12\/welcome-crown.svg\" alt=\"crown\" width=\"25\" height=\"26\" \/><\/p>\n<\/div>\n<\/div>\n<h2>Plateforme mobile Lootzino<\/h2>\n<p>Les statistiques montrent que 80 % des joueurs du Lootzino Casino pr\u00e9f\u00e8rent utiliser leur smartphone ou leur tablette pour jouer \u00e0 leurs jeux pr\u00e9f\u00e9r\u00e9s. Cela est logique, car ils ne sont pas li\u00e9s \u00e0 un endroit sp\u00e9cifique et les appareils mobiles sont toujours \u00e0 port\u00e9e de main. Bien s\u00fbr, l&rsquo;apparence et les fonctionnalit\u00e9s du logiciel mobile jouent \u00e9galement un r\u00f4le. Cependant, l&rsquo;application Loot Zino ne pose aucun probl\u00e8me \u00e0 cet \u00e9gard.<\/p>\n<p>Notre collection de plus de 6 000 jeux est accessible \u00e0 tous sur mobile. Les jeux avec croupier en direct sont traduits en qualit\u00e9 HD et enti\u00e8rement optimis\u00e9s pour les smartphones et les tablettes afin que vous ne manquiez rien du processus. Tous les fournisseurs de logiciels avec lesquels nous travaillons d\u00e9veloppent des titres parfaitement adapt\u00e9s aux appareils mobiles. C&rsquo;est pourquoi vous y avez pleinement acc\u00e8s depuis n&rsquo;importe quel gadget.<\/p>\n<p>Dans le tableau ci-dessous, vous trouverez les \u00e9l\u00e9ments de l&rsquo;application Lootzino qui facilitent et am\u00e9liorent globalement le processus pour nos joueurs.<\/p>\n<table>\n<tbody>\n<tr>\n<td>\u00c9l\u00e9ment d&rsquo;exp\u00e9rience<\/td>\n<td>Comment \u00e7a marche<\/td>\n<td>Pourquoi c&rsquo;est mieux pour vous<\/td>\n<\/tr>\n<tr>\n<td>Vitesse<\/td>\n<td>Les donn\u00e9es mises en cache garantissent un chargement instantan\u00e9.<\/td>\n<td>Cela vous permet de passer moins de temps \u00e0 attendre et plus de temps \u00e0 jouer.<\/td>\n<\/tr>\n<tr>\n<td>Accessibilit\u00e9<\/td>\n<td>Il est compatible avec une large gamme d&rsquo;appareils et de navigateurs.<\/td>\n<td>Il n&rsquo;y a aucun probl\u00e8me de compatibilit\u00e9.<\/td>\n<\/tr>\n<tr>\n<td>Confidentialit\u00e9<\/td>\n<td>Il n&rsquo;est pas n\u00e9cessaire d&rsquo;avoir un compte sur l&rsquo;App Store.<\/td>\n<td>Il pr\u00e9serve la confidentialit\u00e9 de votre activit\u00e9 de jeu.<\/td>\n<\/tr>\n<tr>\n<td>Mises \u00e0 jour<\/td>\n<td>Le syst\u00e8me se met \u00e0 jour de mani\u00e8re transparente.<\/td>\n<td>Les utilisateurs disposent toujours de la derni\u00e8re version.<\/td>\n<\/tr>\n<\/tbody>\n<\/table>\n<p><div class=\"scrollable-content-wrap my-5\"><div class=\"scrollable-content-inner\"><h2>Application mobile Lootzino Casino pour Android<\/h2>\n<p>Si vous poss\u00e9dez un t\u00e9l\u00e9phone ou une tablette Android, nous avons une excellente solution pour vous. Vous n&rsquo;avez pas besoin de t\u00e9l\u00e9charger des fichiers APK Lootzino inconnus ni de vous soucier de manquer d&rsquo;espace de stockage sur votre appareil. Nous avons d\u00e9velopp\u00e9 une application web progressive (PWA) pour tous les utilisateurs d&rsquo;Android.<\/p>\n<p>L&rsquo;application Lootzino offre une exp\u00e9rience mobile inoubliable avec des milliers de machines \u00e0 sous en ligne, des paiements rapides et une \u00e9quipe d&rsquo;assistance multilingue disponible 24 heures sur 24, 7 jours sur 7. Le logiciel est con\u00e7u pour s&rsquo;adapter parfaitement \u00e0 la taille de votre appareil et \u00e0 votre \u00e9cran tactile. La vitesse et l&rsquo;accessibilit\u00e9 sont tout simplement parfaites.<\/p>\n<p>Le Google Play Store imposant certaines restrictions aux marques de jeux d&rsquo;argent, vous pouvez installer l&rsquo;application Lootzino depuis notre site officiel. Cela ne vous prendra que quelques instants et vous aurez tous vos titres pr\u00e9f\u00e9r\u00e9s \u00e0 port\u00e9e de main :<\/p>\n<ol>\n<li>Allez au pied de page du site web.<\/li>\n<li>Cliquez sur le bouton \u00ab Application Casino \u00bb. L&rsquo;installation d\u00e9marrera automatiquement apr\u00e8s cette \u00e9tape.<\/li>\n<li>Une fois le logiciel install\u00e9, l&rsquo;ic\u00f4ne Loot Zino appara\u00eetra sur votre \u00e9cran d&rsquo;accueil.<\/li>\n<\/ol>\n<p><img loading=\"lazy\" decoding=\"async\" src=\"https:\/\/loot-zino.org\/wp-content\/uploads\/2025\/12\/Lootzino-Android-App.webp\" alt=\"Lootzino Android App\" width=\"1248\" height=\"536\" \/><\/p>\n<\/div><\/div><div style=\"clear: both\"><\/div><div class=\"d-flex justify-content-center\"><button data-item=\"decouvrez_link\" data-group=\"website_links\" class=\"goto fw-bold rounded-pill btn btn-orange\" aria-label=\"T\u00e9l\u00e9chargez l&#039;application LootZino\" >T\u00e9l\u00e9chargez l&#039;application LootZino<\/button><\/div><div class=\"scrollable-content-wrap my-5\"><div class=\"scrollable-content-inner\"><h2>Application mobile Lootzino Casino pour iOS<\/h2>\n<p>Les utilisateurs d&rsquo;iOS ne sont pas en reste lorsqu&rsquo;il s&rsquo;agit du casino mobile Lootzino Casino. Vous avez trois options principales : la version navigateur, l&rsquo;application web progressive (PWA) ou une ic\u00f4ne de raccourci. Les trois versions sont compatibles avec les iPhone et iPad modernes.<\/p>\n<p>L&rsquo;application Lootzino pour iOS pr\u00e9sente le m\u00eame design et la m\u00eame navigation que la version pour ordinateur. C&rsquo;est pourquoi nos clients r\u00e9guliers se sentiront \u00e0 l&rsquo;aise en l&rsquo;utilisant sur leurs appareils mobiles. Notre logiciel mobile est disponible en t\u00e9l\u00e9chargement sur notre site web. L&rsquo;installation ne prend que quelques minutes.<\/p>\n<p>Vous pouvez toujours utiliser la version navigateur. Pour un acc\u00e8s plus rapide, tous les navigateurs mobiles proposent d&rsquo;installer une ic\u00f4ne de raccourci sur votre \u00e9cran d&rsquo;accueil, qui vous permettra d&rsquo;acc\u00e9der \u00e0 la plateforme en un seul clic. Si cette option vous convient, suivez nos instructions ci-dessous :<\/p>\n<ol>\n<li>Ouvrez notre site Web dans le navigateur mobile de votre choix (Safari, Google Chrome, etc.).<\/li>\n<li>Cliquez sur le bouton \u00ab Partager \u00bb.<\/li>\n<li>Faites d\u00e9filer vers le bas et cliquez sur \u00ab Ajouter \u00e0 l&rsquo;\u00e9cran d&rsquo;accueil \u00bb.<\/li>\n<li>Confirmez l&rsquo;action en s\u00e9lectionnant \u00ab Ajouter \u00bb. L&rsquo;ic\u00f4ne appara\u00eetra alors sur votre \u00e9cran principal. Vous pouvez modifier son emplacement \u00e0 tout moment.<\/li>\n<\/ol>\n<p><img loading=\"lazy\" decoding=\"async\" src=\"https:\/\/loot-zino.org\/wp-content\/uploads\/2025\/12\/Lootzino-iOS-App.webp\" alt=\"Lootzino iOS App\" width=\"1248\" height=\"536\" \/><\/p>\n<\/div><\/div><div style=\"clear: both\"><\/div><div class=\"d-flex justify-content-center\"><button data-item=\"decouvrez_link\" data-group=\"website_links\" class=\"goto fw-bold rounded-pill btn btn-orange\" aria-label=\"T\u00e9l\u00e9charger LootZino\" >T\u00e9l\u00e9charger LootZino<\/button><\/div><div class=\"scrollable-content-wrap my-5\"><div class=\"scrollable-content-inner\"><h2>T\u00e9l\u00e9chargements d&rsquo;applications Windows et macOS<\/h2>\n<p>Le bureau classique est toujours disponible pour vous dans n&rsquo;importe quel navigateur. Vous n&rsquo;avez pas besoin de t\u00e9l\u00e9charger d&rsquo;applications suppl\u00e9mentaires pour acc\u00e9der \u00e0 Lootzino Casino. Mais de nombreux utilisateurs pr\u00e9f\u00e8rent un grand \u00e9cran pour \u00eatre encore plus impliqu\u00e9s dans l&rsquo;exp\u00e9rience de jeu.<\/p>\n<p>Pour acc\u00e9der encore plus rapidement au site web Loot Zino, vous pouvez installer une ic\u00f4ne de raccourci sur votre \u00e9cran principal. Pour ce faire, il vous suffit de vous rendre sur notre site web et, dans les param\u00e8tres de la page, de cliquer sur le bouton \u00ab Ajouter \u00e0 l&rsquo;\u00e9cran d&rsquo;accueil \u00bb. Vous n&rsquo;\u00eates alors plus qu&rsquo;\u00e0 un clic de nous.<\/p>\n<p><img loading=\"lazy\" decoding=\"async\" src=\"https:\/\/loot-zino.org\/wp-content\/uploads\/2025\/12\/Lootzino-Desktop.webp\" alt=\"Lootzino Desktop\" width=\"1248\" height=\"536\" \/><\/p>\n<\/div><\/div><div style=\"clear: both\"><\/div><div class=\"d-flex justify-content-center\"><button data-item=\"decouvrez_link\" data-group=\"website_links\" class=\"goto fw-bold rounded-pill btn btn-orange\" aria-label=\"T\u00e9l\u00e9chargez l&#039;application LootZino\" >T\u00e9l\u00e9chargez l&#039;application LootZino<\/button><\/div><div class=\"scrollable-content-wrap my-5\"><div class=\"scrollable-content-inner\"><h2>FAQ<\/h2>\n<h3>L&rsquo;application Loot Zino Casino offre-t-elle un service client ?<\/h3>\n<p>Lootzino Casino est le reflet de la version principale pour ordinateur de bureau et comprend \u00e9galement un service client\u00e8le. Vous pouvez contacter notre \u00e9quipe d&rsquo;assistance 24 heures sur 24, 7 jours sur 7, via le chat en direct ou par e-mail.<\/p>\n<h3>Faut-il cr\u00e9er un compte pour utiliser l&rsquo;application Loot Zino ?<\/h3>\n<p>Pour acc\u00e9der \u00e0 tous les jeux et fonctionnalit\u00e9s de l&rsquo;application Lootzino, vous devez cr\u00e9er un compte ou vous connecter \u00e0 votre compte. Si vous \u00eates d\u00e9j\u00e0 inscrit sur notre plateforme, toutes vos donn\u00e9es et vos r\u00e9sultats seront synchronis\u00e9s sur tous vos appareils. Avant votre premier retrait depuis l&rsquo;application mobile, nous vous demanderons \u00e9galement de suivre une proc\u00e9dure de v\u00e9rification rapide.<\/p>\n<h3>Tous les jeux sont-ils disponibles dans l&rsquo;application ?<\/h3>\n<p>Les plus de 6 000 titres propos\u00e9s par des fournisseurs de logiciels de confiance sont \u00e9galement disponibles dans le casino mobile. Nous voulons que vous ne perdiez rien dans le processus, mais que vous en tiriez le meilleur parti.<\/p>\n<h3>Comment puis-je mettre \u00e0 jour l&rsquo;application Lootzino Casino ?<\/h3>\n<p>Comme il s&rsquo;agit d&rsquo;une PWA, elle se met \u00e0 jour automatiquement sans aucune intervention de votre part. Cependant, si nous apportons des modifications importantes, vous recevrez une notification push vous invitant \u00e0 installer la derni\u00e8re version depuis notre site officiel.<\/p>\n<\/div><\/div><\/p>\n","protected":false},"excerpt":{"rendered":"<p>Application Lootzino : jeux de casino mobiles Lootzino App a \u00e9t\u00e9 d\u00e9velopp\u00e9e pour tous nos utilisateurs Android et iOS qui pr\u00e9f\u00e8rent jouer depuis leurs appareils mobiles. Avec notre casino en ligne, c&rsquo;est possible. Le logiciel mobile dispose de toutes les fonctionnalit\u00e9s de la version principale pour ordinateur, y compris les jeux, les paiements, les promotions [&hellip;]<\/p>\n","protected":false},"author":1,"featured_media":0,"parent":0,"menu_order":0,"comment_status":"closed","ping_status":"closed","template":"template-builder.php","meta":{"_acf_changed":false,"inline_featured_image":false,"footnotes":""},"class_list":["post-1419","page","type-page","status-publish","hentry"],"acf":[],"yoast_head":"<!-- This site is optimized with the Yoast SEO plugin v27.3 - https:\/\/yoast.com\/product\/yoast-seo-wordpress\/ -->\n<title>Lootzino app T\u00e9l\u00e9chargement | iOS et Android<\/title>\n<meta name=\"description\" content=\"L&#039;application Lootzino garantit une exp\u00e9rience de jeu fluide sur les plateformes Android, iOS, Windows et macOS, avec synchronisation des comptes, mises \u00e0 jour r\u00e9guli\u00e8res et assistance client int\u00e9gr\u00e9e pour une utilisation simplifi\u00e9e.\" \/>\n<meta name=\"robots\" content=\"index, follow, max-snippet:-1, max-image-preview:large, max-video-preview:-1\" \/>\n<link rel=\"canonical\" href=\"https:\/\/loot-zino.org\/fr\/app\/\" \/>\n<meta property=\"og:locale\" content=\"fr_FR\" \/>\n<meta property=\"og:type\" content=\"article\" \/>\n<meta property=\"og:title\" content=\"Lootzino app T\u00e9l\u00e9chargement | iOS et Android\" \/>\n<meta property=\"og:description\" content=\"L&#039;application Lootzino garantit une exp\u00e9rience de jeu fluide sur les plateformes Android, iOS, Windows et macOS, avec synchronisation des comptes, mises \u00e0 jour r\u00e9guli\u00e8res et assistance client int\u00e9gr\u00e9e pour une utilisation simplifi\u00e9e.\" \/>\n<meta property=\"og:url\" content=\"https:\/\/loot-zino.org\/fr\/app\/\" \/>\n<meta property=\"og:site_name\" content=\"lootzino\" \/>\n<meta property=\"article:modified_time\" content=\"2025-12-25T08:57:17+00:00\" \/>\n<meta name=\"twitter:card\" content=\"summary_large_image\" \/>\n<meta name=\"twitter:label1\" content=\"Dur\u00e9e de lecture estim\u00e9e\" \/>\n\t<meta name=\"twitter:data1\" content=\"2 minutes\" \/>\n<script type=\"application\/ld+json\" class=\"yoast-schema-graph\">{\"@context\":\"https:\\\/\\\/schema.org\",\"@graph\":[{\"@type\":\"WebPage\",\"@id\":\"https:\\\/\\\/loot-zino.org\\\/fr\\\/app\\\/\",\"url\":\"https:\\\/\\\/loot-zino.org\\\/fr\\\/app\\\/\",\"name\":\"Lootzino app T\u00e9l\u00e9chargement | iOS et Android\",\"isPartOf\":{\"@id\":\"https:\\\/\\\/loot-zino.org\\\/fr\\\/#website\"},\"datePublished\":\"2025-12-22T12:41:17+00:00\",\"dateModified\":\"2025-12-25T08:57:17+00:00\",\"description\":\"L'application Lootzino garantit une exp\u00e9rience de jeu fluide sur les plateformes Android, iOS, Windows et macOS, avec synchronisation des comptes, mises \u00e0 jour r\u00e9guli\u00e8res et assistance client int\u00e9gr\u00e9e pour une utilisation simplifi\u00e9e.\",\"breadcrumb\":{\"@id\":\"https:\\\/\\\/loot-zino.org\\\/fr\\\/app\\\/#breadcrumb\"},\"inLanguage\":\"fr-FR\",\"potentialAction\":[{\"@type\":\"ReadAction\",\"target\":[\"https:\\\/\\\/loot-zino.org\\\/fr\\\/app\\\/\"]}]},{\"@type\":\"BreadcrumbList\",\"@id\":\"https:\\\/\\\/loot-zino.org\\\/fr\\\/app\\\/#breadcrumb\",\"itemListElement\":[{\"@type\":\"ListItem\",\"position\":1,\"name\":\"Lootzino\",\"item\":\"https:\\\/\\\/loot-zino.org\\\/fr\\\/\"},{\"@type\":\"ListItem\",\"position\":2,\"name\":\"App\"}]},{\"@type\":\"WebSite\",\"@id\":\"https:\\\/\\\/loot-zino.org\\\/fr\\\/#website\",\"url\":\"https:\\\/\\\/loot-zino.org\\\/fr\\\/\",\"name\":\"Lootzino\",\"description\":\"\",\"publisher\":{\"@id\":\"https:\\\/\\\/loot-zino.org\\\/fr\\\/#organization\"},\"potentialAction\":[{\"@type\":\"SearchAction\",\"target\":{\"@type\":\"EntryPoint\",\"urlTemplate\":\"https:\\\/\\\/loot-zino.org\\\/fr\\\/?s={search_term_string}\"},\"query-input\":{\"@type\":\"PropertyValueSpecification\",\"valueRequired\":true,\"valueName\":\"search_term_string\"}}],\"inLanguage\":\"fr-FR\"},{\"@type\":\"Organization\",\"@id\":\"https:\\\/\\\/loot-zino.org\\\/fr\\\/#organization\",\"name\":\"Lootzino\",\"url\":\"https:\\\/\\\/loot-zino.org\\\/fr\\\/\",\"logo\":{\"@type\":\"ImageObject\",\"inLanguage\":\"fr-FR\",\"@id\":\"https:\\\/\\\/loot-zino.org\\\/fr\\\/#\\\/schema\\\/logo\\\/image\\\/\",\"url\":\"https:\\\/\\\/loot-zino.org\\\/wp-content\\\/uploads\\\/2025\\\/12\\\/lootzino.svg\",\"contentUrl\":\"https:\\\/\\\/loot-zino.org\\\/wp-content\\\/uploads\\\/2025\\\/12\\\/lootzino.svg\",\"width\":16,\"height\":20,\"caption\":\"Lootzino\"},\"image\":{\"@id\":\"https:\\\/\\\/loot-zino.org\\\/fr\\\/#\\\/schema\\\/logo\\\/image\\\/\"}}]}<\/script>\n<!-- \/ Yoast SEO plugin. -->","yoast_head_json":{"title":"Lootzino app T\u00e9l\u00e9chargement | iOS et Android","description":"L'application Lootzino garantit une exp\u00e9rience de jeu fluide sur les plateformes Android, iOS, Windows et macOS, avec synchronisation des comptes, mises \u00e0 jour r\u00e9guli\u00e8res et assistance client int\u00e9gr\u00e9e pour une utilisation simplifi\u00e9e.","robots":{"index":"index","follow":"follow","max-snippet":"max-snippet:-1","max-image-preview":"max-image-preview:large","max-video-preview":"max-video-preview:-1"},"canonical":"https:\/\/loot-zino.org\/fr\/app\/","og_locale":"fr_FR","og_type":"article","og_title":"Lootzino app T\u00e9l\u00e9chargement | iOS et Android","og_description":"L'application Lootzino garantit une exp\u00e9rience de jeu fluide sur les plateformes Android, iOS, Windows et macOS, avec synchronisation des comptes, mises \u00e0 jour r\u00e9guli\u00e8res et assistance client int\u00e9gr\u00e9e pour une utilisation simplifi\u00e9e.","og_url":"https:\/\/loot-zino.org\/fr\/app\/","og_site_name":"lootzino","article_modified_time":"2025-12-25T08:57:17+00:00","twitter_card":"summary_large_image","twitter_misc":{"Dur\u00e9e de lecture estim\u00e9e":"2 minutes"},"schema":{"@context":"https:\/\/schema.org","@graph":[{"@type":"WebPage","@id":"https:\/\/loot-zino.org\/fr\/app\/","url":"https:\/\/loot-zino.org\/fr\/app\/","name":"Lootzino app T\u00e9l\u00e9chargement | iOS et Android","isPartOf":{"@id":"https:\/\/loot-zino.org\/fr\/#website"},"datePublished":"2025-12-22T12:41:17+00:00","dateModified":"2025-12-25T08:57:17+00:00","description":"L'application Lootzino garantit une exp\u00e9rience de jeu fluide sur les plateformes Android, iOS, Windows et macOS, avec synchronisation des comptes, mises \u00e0 jour r\u00e9guli\u00e8res et assistance client int\u00e9gr\u00e9e pour une utilisation simplifi\u00e9e.","breadcrumb":{"@id":"https:\/\/loot-zino.org\/fr\/app\/#breadcrumb"},"inLanguage":"fr-FR","potentialAction":[{"@type":"ReadAction","target":["https:\/\/loot-zino.org\/fr\/app\/"]}]},{"@type":"BreadcrumbList","@id":"https:\/\/loot-zino.org\/fr\/app\/#breadcrumb","itemListElement":[{"@type":"ListItem","position":1,"name":"Lootzino","item":"https:\/\/loot-zino.org\/fr\/"},{"@type":"ListItem","position":2,"name":"App"}]},{"@type":"WebSite","@id":"https:\/\/loot-zino.org\/fr\/#website","url":"https:\/\/loot-zino.org\/fr\/","name":"Lootzino","description":"","publisher":{"@id":"https:\/\/loot-zino.org\/fr\/#organization"},"potentialAction":[{"@type":"SearchAction","target":{"@type":"EntryPoint","urlTemplate":"https:\/\/loot-zino.org\/fr\/?s={search_term_string}"},"query-input":{"@type":"PropertyValueSpecification","valueRequired":true,"valueName":"search_term_string"}}],"inLanguage":"fr-FR"},{"@type":"Organization","@id":"https:\/\/loot-zino.org\/fr\/#organization","name":"Lootzino","url":"https:\/\/loot-zino.org\/fr\/","logo":{"@type":"ImageObject","inLanguage":"fr-FR","@id":"https:\/\/loot-zino.org\/fr\/#\/schema\/logo\/image\/","url":"https:\/\/loot-zino.org\/wp-content\/uploads\/2025\/12\/lootzino.svg","contentUrl":"https:\/\/loot-zino.org\/wp-content\/uploads\/2025\/12\/lootzino.svg","width":16,"height":20,"caption":"Lootzino"},"image":{"@id":"https:\/\/loot-zino.org\/fr\/#\/schema\/logo\/image\/"}}]}},"_links":{"self":[{"href":"https:\/\/loot-zino.org\/fr\/wp-json\/wp\/v2\/pages\/1419","targetHints":{"allow":["GET"]}}],"collection":[{"href":"https:\/\/loot-zino.org\/fr\/wp-json\/wp\/v2\/pages"}],"about":[{"href":"https:\/\/loot-zino.org\/fr\/wp-json\/wp\/v2\/types\/page"}],"author":[{"embeddable":true,"href":"https:\/\/loot-zino.org\/fr\/wp-json\/wp\/v2\/users\/1"}],"replies":[{"embeddable":true,"href":"https:\/\/loot-zino.org\/fr\/wp-json\/wp\/v2\/comments?post=1419"}],"version-history":[{"count":3,"href":"https:\/\/loot-zino.org\/fr\/wp-json\/wp\/v2\/pages\/1419\/revisions"}],"predecessor-version":[{"id":1791,"href":"https:\/\/loot-zino.org\/fr\/wp-json\/wp\/v2\/pages\/1419\/revisions\/1791"}],"wp:attachment":[{"href":"https:\/\/loot-zino.org\/fr\/wp-json\/wp\/v2\/media?parent=1419"}],"curies":[{"name":"wp","href":"https:\/\/api.w.org\/{rel}","templated":true}]}}