{"id":1466,"date":"2025-12-22T12:46:29","date_gmt":"2025-12-22T12:46:29","guid":{"rendered":"https:\/\/loot-zino.org\/login-and-registration\/"},"modified":"2025-12-23T07:24:28","modified_gmt":"2025-12-23T07:24:28","slug":"inicio-de-sesion-y-registro","status":"publish","type":"page","link":"https:\/\/loot-zino.org\/es\/inicio-de-sesion-y-registro\/","title":{"rendered":"Inicio de sesi\u00f3n y Registro"},"content":{"rendered":"<h1>Inicio de sesi\u00f3n en Lootzino: Registro r\u00e1pido y gesti\u00f3n de cuentas<\/h1>\n<p>Para empezar a jugar a tus juegos favoritos desde Espa\u00f1a, solo tendr\u00e1s que dedicar unos minutos a completar un sencillo proceso de Lootzino login. Despu\u00e9s, tendr\u00e1s acceso a todas las funciones disponibles de nuestro sitio web, incluyendo todos los t\u00edtulos, pagos, bonificaciones, atenci\u00f3n al cliente y mucho m\u00e1s. Los usuarios deben ser mayores de 18 a\u00f1os para registrarse en Lootzino Casino.<\/p>\n<p><div class=\"banner-wrap\" aria-label=\"Banner\"><img src=\"https:\/\/loot-zino.org\/wp-content\/uploads\/2025\/12\/Lootzino-banner-carousel-800\u0445400.webp\" class=\"w-100 d-none d-lg-block img-pc main-banner-img\" alt=\"Lootzino banner desktop\" fetchpriority=\"high\" decoding=\"async\"><img src=\"https:\/\/loot-zino.org\/wp-content\/uploads\/2025\/12\/Lootzino-banner-mobile-1.webp\" class=\"w-100 d-none d-md-block d-lg-none main-banner-img\" alt=\"Lootzino banner mobile\" fetchpriority=\"high\" decoding=\"async\"><img src=\"https:\/\/loot-zino.org\/wp-content\/uploads\/2025\/12\/Lootzino-banner-mobile-1.webp\" class=\"w-100 d-md-none\" alt=\"Lootzino banner mobile\" fetchpriority=\"high\" decoding=\"async\"><div class=\"banner-description\">\n<div class=\"banner-title\">Bonos de bienvenida<\/div>\n<p class=\"banner-header-title\">1500 \u20ac<\/p>\n<div class=\"banner-header-AdditionalText\">+ 250 Tiradas gratis<\/div>\n<button data-item=\"homepage_banner_link\" class=\"goto m-button m-gradient-border m-button--primary m-button--large banner-button btn-orange\">\n            <div class=\"m-button-content\">\n                <span>Reg\u00edstrate ahora<\/span>\n                <span><\/span>\n            <\/div>\n        <\/button>\n<\/div>\n<div class=\"WelcomePack\">\n<p><img loading=\"lazy\" decoding=\"async\" class=\"alignnone size-full wp-image-1338\" src=\"https:\/\/loot-zino.org\/wp-content\/uploads\/2025\/12\/welcome-crown.svg\" alt=\"crown\" width=\"25\" height=\"26\" \/><\/p>\n<div class=\"WelcomePack-Info\">Reembolso semanal de hasta el 25 %<\/div>\n<p><img loading=\"lazy\" decoding=\"async\" class=\"alignnone size-full wp-image-1338\" src=\"https:\/\/loot-zino.org\/wp-content\/uploads\/2025\/12\/welcome-crown.svg\" alt=\"crown\" width=\"25\" height=\"26\" \/><\/p>\n<\/div>\n<\/div><div class=\"scrollable-content-wrap my-5\"><div class=\"scrollable-content-inner\"><h2>Loot Zino Casino: Registro de nuevos jugadores<\/h2>\n<p>El registro en Lootzino Casino te abre las puertas a las mejores caracter\u00edsticas de las plataformas de juego modernas. Podr\u00e1s elegir entre m\u00e1s de 6000 juegos, incluyendo tragaperras online, juegos de mesa, opciones con crupier en vivo, t\u00edtulos instant\u00e1neos y mucho m\u00e1s. Los dep\u00f3sitos y retiradas tambi\u00e9n est\u00e1n disponibles solo despu\u00e9s de completar los pasos de inicio de sesi\u00f3n en Lootzino.<\/p>\n<p>La cuenta te ofrece muchas opciones para gestionar tus datos y disfrutar de una experiencia de juego completa. Lee atentamente los t\u00e9rminos y condiciones antes de continuar con el proceso de inicio de sesi\u00f3n en Lootzino. Por ejemplo, cada persona solo puede tener una cuenta en nuestro sitio web. Adem\u00e1s, de acuerdo con la ley, debes tener 18 a\u00f1os o m\u00e1s para registrarte y jugar en un casino online.<\/p>\n<h3>Crea tu cuenta<\/h3>\n<p>Nuestro objetivo era simplificar el proceso de registro para que incluso los nuevos usuarios pudieran orientarse y hacerlo r\u00e1pidamente. No te pedimos datos innecesarios, solo tu direcci\u00f3n de correo electr\u00f3nico y contrase\u00f1a. En la tabla siguiente encontrar\u00e1s una gu\u00eda paso a paso sobre c\u00f3mo crear una cuenta en Loot Zino.<\/p>\n<table>\n<tbody>\n<tr>\n<td>Paso<\/td>\n<td>Detalles<\/td>\n<\/tr>\n<tr>\n<td>Haga clic en el bot\u00f3n \u00abRegistrarse\u00bb.<\/td>\n<td>El bot\u00f3n se encuentra en la esquina superior derecha de la pantalla de inicio.<\/td>\n<\/tr>\n<tr>\n<td>Rellene la informaci\u00f3n principal.<\/td>\n<td>Debes introducir tu direcci\u00f3n de correo electr\u00f3nico y crear una contrase\u00f1a. La contrase\u00f1a debe tener m\u00e1s de 6 caracteres.<\/td>\n<\/tr>\n<tr>\n<td>Acepta las reglas de nuestra plataforma.<\/td>\n<td>Todos los usuarios deben confirmar su edad y aceptar los t\u00e9rminos y condiciones de Lootzino Casino.<\/td>\n<\/tr>\n<tr>\n<td>Haga clic en el bot\u00f3n \u00abRegistrarse\u00bb.<\/td>\n<td>Es necesario para finalizar el proceso de registro principal.<\/td>\n<\/tr>\n<tr>\n<td>Rellene la informaci\u00f3n personal adicional.<\/td>\n<td>Debes introducir tu nombre completo, fecha de nacimiento y direcci\u00f3n postal. Puedes omitir este paso y hacerlo m\u00e1s tarde.<\/td>\n<\/tr>\n<tr>\n<td>Haga clic en el bot\u00f3n \u00abGuardar\u00bb.<\/td>\n<td>Despu\u00e9s de este paso, ya est\u00e1s completamente registrado en la plataforma y puedes empezar a jugar con dinero real.<\/td>\n<\/tr>\n<\/tbody>\n<\/table>\n<h2>Introducci\u00f3n a la cuenta Lootzino<\/h2>\n<p>Si ya ha visitado nuestra plataforma anteriormente, solo tiene que seguir el proceso de inicio de sesi\u00f3n en Lootzino. Le pediremos los datos que utiliz\u00f3 al registrarse: su direcci\u00f3n de correo electr\u00f3nico y contrase\u00f1a. El bot\u00f3n de inicio de sesi\u00f3n se encuentra en la esquina superior derecha de la p\u00e1gina principal. Su cuenta y su configuraci\u00f3n tienen muchas funcionalidades, entre las que se incluyen las siguientes:<\/p>\n<ul>\n<li>Gesti\u00f3n de la cuenta: puede modificar su informaci\u00f3n personal y de pago.<\/li>\n<li>Herramientas para el juego responsable: hay opciones de l\u00edmites de tiempo y dinero, y una herramienta de autoexclusi\u00f3n.<\/li>\n<li>Historial de actividad: sigue tu historial de juego, dep\u00f3sitos y ganancias para ver tu progreso.<\/li>\n<li>Proceso de verificaci\u00f3n: antes de realizar el primer retiro, debe cargar documentos que verifiquen su identidad.<\/li>\n<\/ul>\n<h3>\u00bfOlvid\u00f3 su contrase\u00f1a?<\/h3>\n<p>En primer lugar, en la configuraci\u00f3n de la cuenta, puedes actualizar tu informaci\u00f3n personal, incluida tu contrase\u00f1a. Pero si la has olvidado antes del proceso de inicio de sesi\u00f3n en Loot Zino, tambi\u00e9n tenemos una soluci\u00f3n para ti. Al final del formulario de inicio de sesi\u00f3n, encontrar\u00e1s el enlace \u00ab\u00bfHas olvidado tu contrase\u00f1a?\u00bb. Despu\u00e9s de hacer clic en \u00e9l e introducir tu correo electr\u00f3nico, te enviaremos un enlace para restablecer la contrase\u00f1a. Ahora solo tienes que crear una nueva y utilizarla la pr\u00f3xima vez que quieras acceder a tu cuenta de Lootzino Casino.<\/p>\n<h3>Loot Zino Casino: Seguridad y verificaci\u00f3n de la cuenta<\/h3>\n<p>Como casino con licencia, seguimos todos los protocolos y normativas necesarios para mantener segura tu informaci\u00f3n personal y de pago. Puedes hacer que tu cuenta sea a\u00fan m\u00e1s segura configurando la autenticaci\u00f3n de dos factores.<\/p>\n<p>Para prevenir el fraude y garantizar una plataforma segura, Lootzino Casino exige a todos los usuarios que completen el proceso de verificaci\u00f3n antes de realizar su primer retiro. Para ello, debe cargar documentos que acrediten su identidad, edad, domicilio y titularidad de la cuenta o tarjeta de pago. Nuestros gestores comprobar\u00e1n los documentos cargados en un plazo de 48 horas y le dar\u00e1n una respuesta.<\/p>\n<h2>Preguntas frecuentes<\/h2>\n<h3>\u00bfC\u00f3mo completo el proceso de verificaci\u00f3n de la cuenta?<\/h3>\n<p>Para completar el proceso de verificaci\u00f3n, le pediremos que suba copias o fotos de sus documentos, incluyendo su documento de identidad, pasaporte, permiso de conducir, factura de servicios p\u00fablicos y extracto bancario. Una vez que reciba la autorizaci\u00f3n de nuestros gestores, podr\u00e1 retirar sus fondos sin m\u00e1s demora.<\/p>\n<h3>\u00bfC\u00f3mo actualizar la contrase\u00f1a o la direcci\u00f3n de correo electr\u00f3nico?<\/h3>\n<p>En la configuraci\u00f3n de la cuenta personal en Lootzino Casino, puede cambiar sus datos personales, incluyendo su contrase\u00f1a y correo electr\u00f3nico. Se puede hacer en unos minutos y la pr\u00f3xima vez, al pasar por el proceso de inicio de sesi\u00f3n en Lootzino, tendr\u00e1 que utilizar los nuevos datos.<\/p>\n<h3>\u00bfQu\u00e9 debo hacer si mi cuenta est\u00e1 bloqueada?<\/h3>\n<p>Si no ha recibido un correo electr\u00f3nico sobre el bloqueo de su cuenta, p\u00f3ngase en contacto con nuestro equipo de asistencia a trav\u00e9s del chat en vivo o por correo electr\u00f3nico. Los responsables de Loot Zino Casino le explicar\u00e1n por qu\u00e9 se ha bloqueado su cuenta, qu\u00e9 se puede hacer al respecto y cu\u00e1ndo.<\/p>\n<h3>\u00bfC\u00f3mo cierro o suspendo temporalmente mi cuenta?<\/h3>\n<p>Para ello, debe ponerse en contacto con nuestro servicio de asistencia multiling\u00fce. Le preguntar\u00e1n los motivos y tomar\u00e1n todas las medidas necesarias. No es necesario que realice ning\u00fan tr\u00e1mite adicional.<\/p>\n<\/div><\/div><\/p>\n","protected":false},"excerpt":{"rendered":"<p>Inicio de sesi\u00f3n en Lootzino: Registro r\u00e1pido y gesti\u00f3n de cuentas Para empezar a jugar a tus juegos favoritos desde Espa\u00f1a, solo tendr\u00e1s que dedicar unos minutos a completar un sencillo proceso de Lootzino login. Despu\u00e9s, tendr\u00e1s acceso a todas las funciones disponibles de nuestro sitio web, incluyendo todos los t\u00edtulos, pagos, bonificaciones, atenci\u00f3n al [&hellip;]<\/p>\n","protected":false},"author":1,"featured_media":0,"parent":0,"menu_order":0,"comment_status":"closed","ping_status":"closed","template":"template-builder.php","meta":{"_acf_changed":false,"inline_featured_image":false,"footnotes":""},"class_list":["post-1466","page","type-page","status-publish","hentry"],"acf":[],"yoast_head":"<!-- This site is optimized with the Yoast SEO plugin v27.3 - https:\/\/yoast.com\/product\/yoast-seo-wordpress\/ -->\n<title>Lootzino Inicio de sesi\u00f3n: registrarse y gestionar la cuenta<\/title>\n<meta name=\"description\" content=\"Crea, gestiona y verifica f\u00e1cilmente tu cuenta de Lootzino Casino con un registro r\u00e1pido, una recuperaci\u00f3n de cuenta sin complicaciones y un cierre de cuenta seguro, lo que garantiza una protecci\u00f3n 24\/7 a trav\u00e9s de Lootzino Login.\" \/>\n<meta name=\"robots\" content=\"index, follow, max-snippet:-1, max-image-preview:large, max-video-preview:-1\" \/>\n<link rel=\"canonical\" href=\"https:\/\/loot-zino.org\/es\/inicio-de-sesion-y-registro\/\" \/>\n<meta property=\"og:locale\" content=\"es_ES\" \/>\n<meta property=\"og:type\" content=\"article\" \/>\n<meta property=\"og:title\" content=\"Lootzino Inicio de sesi\u00f3n: registrarse y gestionar la cuenta\" \/>\n<meta property=\"og:description\" content=\"Crea, gestiona y verifica f\u00e1cilmente tu cuenta de Lootzino Casino con un registro r\u00e1pido, una recuperaci\u00f3n de cuenta sin complicaciones y un cierre de cuenta seguro, lo que garantiza una protecci\u00f3n 24\/7 a trav\u00e9s de Lootzino Login.\" \/>\n<meta property=\"og:url\" content=\"https:\/\/loot-zino.org\/es\/inicio-de-sesion-y-registro\/\" \/>\n<meta property=\"og:site_name\" content=\"lootzino\" \/>\n<meta property=\"article:modified_time\" content=\"2025-12-23T07:24:28+00:00\" \/>\n<meta name=\"twitter:card\" content=\"summary_large_image\" \/>\n<meta name=\"twitter:label1\" content=\"Est. reading time\" \/>\n\t<meta name=\"twitter:data1\" content=\"1 minuto\" \/>\n<script type=\"application\/ld+json\" class=\"yoast-schema-graph\">{\"@context\":\"https:\\\/\\\/schema.org\",\"@graph\":[{\"@type\":\"WebPage\",\"@id\":\"https:\\\/\\\/loot-zino.org\\\/es\\\/inicio-de-sesion-y-registro\\\/\",\"url\":\"https:\\\/\\\/loot-zino.org\\\/es\\\/inicio-de-sesion-y-registro\\\/\",\"name\":\"Lootzino Inicio de sesi\u00f3n: registrarse y gestionar la cuenta\",\"isPartOf\":{\"@id\":\"https:\\\/\\\/loot-zino.org\\\/es\\\/#website\"},\"datePublished\":\"2025-12-22T12:46:29+00:00\",\"dateModified\":\"2025-12-23T07:24:28+00:00\",\"description\":\"Crea, gestiona y verifica f\u00e1cilmente tu cuenta de Lootzino Casino con un registro r\u00e1pido, una recuperaci\u00f3n de cuenta sin complicaciones y un cierre de cuenta seguro, lo que garantiza una protecci\u00f3n 24\\\/7 a trav\u00e9s de Lootzino Login.\",\"breadcrumb\":{\"@id\":\"https:\\\/\\\/loot-zino.org\\\/es\\\/inicio-de-sesion-y-registro\\\/#breadcrumb\"},\"inLanguage\":\"es\",\"potentialAction\":[{\"@type\":\"ReadAction\",\"target\":[\"https:\\\/\\\/loot-zino.org\\\/es\\\/inicio-de-sesion-y-registro\\\/\"]}]},{\"@type\":\"BreadcrumbList\",\"@id\":\"https:\\\/\\\/loot-zino.org\\\/es\\\/inicio-de-sesion-y-registro\\\/#breadcrumb\",\"itemListElement\":[{\"@type\":\"ListItem\",\"position\":1,\"name\":\"Lootzino\",\"item\":\"https:\\\/\\\/loot-zino.org\\\/es\\\/\"},{\"@type\":\"ListItem\",\"position\":2,\"name\":\"Inicio de sesi\u00f3n y Registro\"}]},{\"@type\":\"WebSite\",\"@id\":\"https:\\\/\\\/loot-zino.org\\\/es\\\/#website\",\"url\":\"https:\\\/\\\/loot-zino.org\\\/es\\\/\",\"name\":\"Lootzino\",\"description\":\"\",\"publisher\":{\"@id\":\"https:\\\/\\\/loot-zino.org\\\/es\\\/#organization\"},\"potentialAction\":[{\"@type\":\"SearchAction\",\"target\":{\"@type\":\"EntryPoint\",\"urlTemplate\":\"https:\\\/\\\/loot-zino.org\\\/es\\\/?s={search_term_string}\"},\"query-input\":{\"@type\":\"PropertyValueSpecification\",\"valueRequired\":true,\"valueName\":\"search_term_string\"}}],\"inLanguage\":\"es\"},{\"@type\":\"Organization\",\"@id\":\"https:\\\/\\\/loot-zino.org\\\/es\\\/#organization\",\"name\":\"Lootzino\",\"url\":\"https:\\\/\\\/loot-zino.org\\\/es\\\/\",\"logo\":{\"@type\":\"ImageObject\",\"inLanguage\":\"es\",\"@id\":\"https:\\\/\\\/loot-zino.org\\\/es\\\/#\\\/schema\\\/logo\\\/image\\\/\",\"url\":\"https:\\\/\\\/loot-zino.org\\\/wp-content\\\/uploads\\\/2025\\\/12\\\/lootzino.svg\",\"contentUrl\":\"https:\\\/\\\/loot-zino.org\\\/wp-content\\\/uploads\\\/2025\\\/12\\\/lootzino.svg\",\"width\":16,\"height\":20,\"caption\":\"Lootzino\"},\"image\":{\"@id\":\"https:\\\/\\\/loot-zino.org\\\/es\\\/#\\\/schema\\\/logo\\\/image\\\/\"}}]}<\/script>\n<!-- \/ Yoast SEO plugin. -->","yoast_head_json":{"title":"Lootzino Inicio de sesi\u00f3n: registrarse y gestionar la cuenta","description":"Crea, gestiona y verifica f\u00e1cilmente tu cuenta de Lootzino Casino con un registro r\u00e1pido, una recuperaci\u00f3n de cuenta sin complicaciones y un cierre de cuenta seguro, lo que garantiza una protecci\u00f3n 24\/7 a trav\u00e9s de Lootzino Login.","robots":{"index":"index","follow":"follow","max-snippet":"max-snippet:-1","max-image-preview":"max-image-preview:large","max-video-preview":"max-video-preview:-1"},"canonical":"https:\/\/loot-zino.org\/es\/inicio-de-sesion-y-registro\/","og_locale":"es_ES","og_type":"article","og_title":"Lootzino Inicio de sesi\u00f3n: registrarse y gestionar la cuenta","og_description":"Crea, gestiona y verifica f\u00e1cilmente tu cuenta de Lootzino Casino con un registro r\u00e1pido, una recuperaci\u00f3n de cuenta sin complicaciones y un cierre de cuenta seguro, lo que garantiza una protecci\u00f3n 24\/7 a trav\u00e9s de Lootzino Login.","og_url":"https:\/\/loot-zino.org\/es\/inicio-de-sesion-y-registro\/","og_site_name":"lootzino","article_modified_time":"2025-12-23T07:24:28+00:00","twitter_card":"summary_large_image","twitter_misc":{"Est. reading time":"1 minuto"},"schema":{"@context":"https:\/\/schema.org","@graph":[{"@type":"WebPage","@id":"https:\/\/loot-zino.org\/es\/inicio-de-sesion-y-registro\/","url":"https:\/\/loot-zino.org\/es\/inicio-de-sesion-y-registro\/","name":"Lootzino Inicio de sesi\u00f3n: registrarse y gestionar la cuenta","isPartOf":{"@id":"https:\/\/loot-zino.org\/es\/#website"},"datePublished":"2025-12-22T12:46:29+00:00","dateModified":"2025-12-23T07:24:28+00:00","description":"Crea, gestiona y verifica f\u00e1cilmente tu cuenta de Lootzino Casino con un registro r\u00e1pido, una recuperaci\u00f3n de cuenta sin complicaciones y un cierre de cuenta seguro, lo que garantiza una protecci\u00f3n 24\/7 a trav\u00e9s de Lootzino Login.","breadcrumb":{"@id":"https:\/\/loot-zino.org\/es\/inicio-de-sesion-y-registro\/#breadcrumb"},"inLanguage":"es","potentialAction":[{"@type":"ReadAction","target":["https:\/\/loot-zino.org\/es\/inicio-de-sesion-y-registro\/"]}]},{"@type":"BreadcrumbList","@id":"https:\/\/loot-zino.org\/es\/inicio-de-sesion-y-registro\/#breadcrumb","itemListElement":[{"@type":"ListItem","position":1,"name":"Lootzino","item":"https:\/\/loot-zino.org\/es\/"},{"@type":"ListItem","position":2,"name":"Inicio de sesi\u00f3n y Registro"}]},{"@type":"WebSite","@id":"https:\/\/loot-zino.org\/es\/#website","url":"https:\/\/loot-zino.org\/es\/","name":"Lootzino","description":"","publisher":{"@id":"https:\/\/loot-zino.org\/es\/#organization"},"potentialAction":[{"@type":"SearchAction","target":{"@type":"EntryPoint","urlTemplate":"https:\/\/loot-zino.org\/es\/?s={search_term_string}"},"query-input":{"@type":"PropertyValueSpecification","valueRequired":true,"valueName":"search_term_string"}}],"inLanguage":"es"},{"@type":"Organization","@id":"https:\/\/loot-zino.org\/es\/#organization","name":"Lootzino","url":"https:\/\/loot-zino.org\/es\/","logo":{"@type":"ImageObject","inLanguage":"es","@id":"https:\/\/loot-zino.org\/es\/#\/schema\/logo\/image\/","url":"https:\/\/loot-zino.org\/wp-content\/uploads\/2025\/12\/lootzino.svg","contentUrl":"https:\/\/loot-zino.org\/wp-content\/uploads\/2025\/12\/lootzino.svg","width":16,"height":20,"caption":"Lootzino"},"image":{"@id":"https:\/\/loot-zino.org\/es\/#\/schema\/logo\/image\/"}}]}},"_links":{"self":[{"href":"https:\/\/loot-zino.org\/es\/wp-json\/wp\/v2\/pages\/1466","targetHints":{"allow":["GET"]}}],"collection":[{"href":"https:\/\/loot-zino.org\/es\/wp-json\/wp\/v2\/pages"}],"about":[{"href":"https:\/\/loot-zino.org\/es\/wp-json\/wp\/v2\/types\/page"}],"author":[{"embeddable":true,"href":"https:\/\/loot-zino.org\/es\/wp-json\/wp\/v2\/users\/1"}],"replies":[{"embeddable":true,"href":"https:\/\/loot-zino.org\/es\/wp-json\/wp\/v2\/comments?post=1466"}],"version-history":[{"count":1,"href":"https:\/\/loot-zino.org\/es\/wp-json\/wp\/v2\/pages\/1466\/revisions"}],"predecessor-version":[{"id":1778,"href":"https:\/\/loot-zino.org\/es\/wp-json\/wp\/v2\/pages\/1466\/revisions\/1778"}],"wp:attachment":[{"href":"https:\/\/loot-zino.org\/es\/wp-json\/wp\/v2\/media?parent=1466"}],"curies":[{"name":"wp","href":"https:\/\/api.w.org\/{rel}","templated":true}]}}