{"id":1428,"date":"2025-12-22T12:41:17","date_gmt":"2025-12-22T12:41:17","guid":{"rendered":"https:\/\/loot-zino.org\/app-2\/"},"modified":"2025-12-23T07:23:21","modified_gmt":"2025-12-23T07:23:21","slug":"aplicacion","status":"publish","type":"page","link":"https:\/\/loot-zino.org\/es\/aplicacion\/","title":{"rendered":"Aplicaci\u00f3n"},"content":{"rendered":"<h1>Aplicaci\u00f3n Lootzino: Juegos de casino para m\u00f3viles<\/h1>\n<p>La Lootzino app se ha desarrollado para todos nuestros usuarios espa\u00f1oles de Android e iOS que prefieren jugar desde sus dispositivos m\u00f3viles. Con nuestro casino online, es posible. El software m\u00f3vil tiene todas las funcionalidades de la versi\u00f3n principal para ordenador, incluyendo juegos, pagos, promociones y mucho m\u00e1s. \u00a1Recomendamos a todo el mundo que pruebe la experiencia m\u00f3vil de Lootzino Casino al menos una vez!<\/p>\n<div class=\"banner-wrap\" aria-label=\"Banner\"><img src=\"https:\/\/loot-zino.org\/wp-content\/uploads\/2025\/12\/Lootzino-banner-carousel-800\u0445400.webp\" class=\"w-100 d-none d-lg-block img-pc main-banner-img\" alt=\"Lootzino banner desktop\" fetchpriority=\"high\" decoding=\"async\"><img src=\"https:\/\/loot-zino.org\/wp-content\/uploads\/2025\/12\/Lootzino-banner-mobile-1.webp\" class=\"w-100 d-none d-md-block d-lg-none main-banner-img\" alt=\"Lootzino banner mobile\" fetchpriority=\"high\" decoding=\"async\"><img src=\"https:\/\/loot-zino.org\/wp-content\/uploads\/2025\/12\/Lootzino-banner-mobile-1.webp\" class=\"w-100 d-md-none\" alt=\"Lootzino banner mobile\" fetchpriority=\"high\" decoding=\"async\"><div class=\"banner-description\">\n<div class=\"banner-title\">Bonos de bienvenida<\/div>\n<p class=\"banner-header-title\">1500 \u20ac<\/p>\n<div class=\"banner-header-AdditionalText\">+ 250 Tiradas gratis<\/div>\n<button data-item=\"homepage_banner_link\" class=\"goto m-button m-gradient-border m-button--primary m-button--large banner-button btn-orange\">\n            <div class=\"m-button-content\">\n                <span>Reg\u00edstrate ahora<\/span>\n                <span><\/span>\n            <\/div>\n        <\/button>\n<\/div>\n<div class=\"WelcomePack\">\n<p><img loading=\"lazy\" decoding=\"async\" class=\"alignnone size-full wp-image-1338\" src=\"https:\/\/loot-zino.org\/wp-content\/uploads\/2025\/12\/welcome-crown.svg\" alt=\"crown\" width=\"25\" height=\"26\" \/><\/p>\n<div class=\"WelcomePack-Info\">Reembolso semanal de hasta el 25 %<\/div>\n<p><img loading=\"lazy\" decoding=\"async\" class=\"alignnone size-full wp-image-1338\" src=\"https:\/\/loot-zino.org\/wp-content\/uploads\/2025\/12\/welcome-crown.svg\" alt=\"crown\" width=\"25\" height=\"26\" \/><\/p>\n<\/div>\n<\/div>\n<h2>Plataforma m\u00f3vil Lootzino<\/h2>\n<p>Las estad\u00edsticas muestran que el 80 % de los jugadores de Lootzino Casino prefieren los tel\u00e9fonos inteligentes y las tabletas para sus juegos favoritos. Esto tiene sentido, ya que no est\u00e1n vinculados a una ubicaci\u00f3n espec\u00edfica y los dispositivos m\u00f3viles siempre est\u00e1n contigo. Por supuesto, la apariencia y la funcionalidad del software m\u00f3vil tambi\u00e9n influyen. Sin embargo, la aplicaci\u00f3n Loot Zino no tiene ning\u00fan problema en este sentido.<\/p>\n<p>Nuestra colecci\u00f3n de m\u00e1s de 6.000 juegos est\u00e1 disponible para todos en dispositivos m\u00f3viles. Los juegos con crupier en vivo se traducen en calidad HD y est\u00e1n totalmente optimizados para smartphones y tabletas, para que no te pierdas nada del proceso. Todos los proveedores de software con los que trabajamos desarrollan t\u00edtulos que son ideales para dispositivos m\u00f3viles. Por eso tienes acceso completo a ellos desde cualquier dispositivo.<\/p>\n<p>En la tabla siguiente, encontrar\u00e1s elementos de la aplicaci\u00f3n Lootzino que facilitan y mejoran el proceso para nuestros jugadores en general.<\/p>\n<table>\n<tbody>\n<tr>\n<td>Elemento de experiencia<\/td>\n<td>C\u00f3mo funciona<\/td>\n<td>Por qu\u00e9 es mejor para ti<\/td>\n<\/tr>\n<tr>\n<td>Velocidad<\/td>\n<td>Los datos almacenados en cach\u00e9 garantizan una carga instant\u00e1nea.<\/td>\n<td>Esto garantiza que pases menos tiempo esperando y m\u00e1s tiempo jugando.<\/td>\n<\/tr>\n<tr>\n<td>Accesibilidad<\/td>\n<td>Es compatible con una amplia gama de dispositivos y navegadores.<\/td>\n<td>No hay problemas de compatibilidad.<\/td>\n<\/tr>\n<tr>\n<td>Privacidad<\/td>\n<td>No es necesario tener una cuenta en la tienda de aplicaciones.<\/td>\n<td>Mantiene tu actividad de juego privada.<\/td>\n<\/tr>\n<tr>\n<td>Actualizaciones<\/td>\n<td>El sistema se actualiza sin problemas.<\/td>\n<td>Los usuarios siempre tienen la \u00faltima versi\u00f3n.<\/td>\n<\/tr>\n<\/tbody>\n<\/table>\n<p><div class=\"scrollable-content-wrap my-5\"><div class=\"scrollable-content-inner\"><h2>Aplicaci\u00f3n m\u00f3vil Lootzino Casino para Android<\/h2>\n<p>Si tienes un tel\u00e9fono o tableta Android, tenemos una soluci\u00f3n excelente para ti. No tienes que descargar ning\u00fan archivo APK desconocido de Lootzino ni preocuparte por quedarte sin espacio de almacenamiento en tu dispositivo. Hemos desarrollado una aplicaci\u00f3n web progresiva (PWA) para todos los usuarios de Android.<\/p>\n<p>La aplicaci\u00f3n Lootzino ofrece una experiencia m\u00f3vil inolvidable con miles de tragamonedas en l\u00ednea, pagos r\u00e1pidos y un equipo de asistencia multiling\u00fce disponible las 24 horas del d\u00eda, los 7 d\u00edas de la semana. El software est\u00e1 dise\u00f1ado para adaptarse perfectamente al tama\u00f1o de su dispositivo y a la pantalla t\u00e1ctil. La velocidad y la accesibilidad en este caso son simplemente perfectas.<\/p>\n<p>Debido a que Google Play Store tiene algunas restricciones sobre las marcas de juegos de azar, puedes instalar la aplicaci\u00f3n Lootzino desde nuestro sitio web oficial. No te llevar\u00e1 mucho tiempo y tendr\u00e1s todos tus t\u00edtulos favoritos en tu bolsillo:<\/p>\n<ol>\n<li>Ve al pie de p\u00e1gina del sitio web.<\/li>\n<li>Haga clic en el bot\u00f3n \u00abAplicaci\u00f3n del casino\u00bb. La instalaci\u00f3n comenzar\u00e1 autom\u00e1ticamente despu\u00e9s de este paso.<\/li>\n<li>Una vez instalado el software, aparecer\u00e1 el icono Loot Zino en la pantalla de inicio.<\/li>\n<\/ol>\n<p><img loading=\"lazy\" decoding=\"async\" src=\"https:\/\/loot-zino.org\/wp-content\/uploads\/2025\/12\/Lootzino-Android-App.webp\" alt=\"Lootzino Android App\" width=\"1248\" height=\"536\" \/><\/p>\n<\/div><\/div><div style=\"clear: both\"><\/div><div class=\"d-flex justify-content-center\"><button data-item=\"decouvrez_link\" data-group=\"website_links\" class=\"goto fw-bold rounded-pill btn btn-orange\" aria-label=\"Descarga la aplicaci\u00f3n LootZino\" >Descarga la aplicaci\u00f3n LootZino<\/button><\/div><div class=\"scrollable-content-wrap my-5\"><div class=\"scrollable-content-inner\"><h2>Lootzino Casino app m\u00f3vil para iOS<\/h2>\n<p>Los usuarios de iOS no tienen menos oportunidades cuando se trata del casino m\u00f3vil Lootzino Casino. Tienes tres opciones principales: versi\u00f3n para navegador, PWA o un icono de acceso directo. Las tres versiones son compatibles con los iPhone y iPad modernos.<\/p>\n<p>La aplicaci\u00f3n Lootzino para iOS tiene el mismo dise\u00f1o y navegaci\u00f3n que la versi\u00f3n para ordenador. Por eso, nuestros clientes habituales se sentir\u00e1n c\u00f3modos utiliz\u00e1ndola en sus dispositivos m\u00f3viles. Nuestro software m\u00f3vil est\u00e1 disponible para su instalaci\u00f3n en nuestro sitio web. El proceso completo solo le llevar\u00e1 unos minutos.<\/p>\n<p>Siempre puedes utilizar la versi\u00f3n para navegador. Para acceder m\u00e1s r\u00e1pidamente, todos los navegadores m\u00f3viles ofrecen la posibilidad de instalar un icono de acceso directo en la pantalla de inicio, que te llevar\u00e1 a la plataforma con un solo clic. Si esta opci\u00f3n te interesa, sigue nuestras instrucciones a continuaci\u00f3n:<\/p>\n<ol>\n<li>Abre nuestro sitio web en el navegador m\u00f3vil que prefieras (Safari, Google Chrome, etc.).<\/li>\n<li>Haga clic en el bot\u00f3n \u00abCompartir\u00bb.<\/li>\n<li>Despl\u00e1zate hacia abajo y haz clic en \u00abA\u00f1adir a la pantalla de inicio\u00bb.<\/li>\n<li>Confirma la acci\u00f3n seleccionando \u00abA\u00f1adir\u00bb. A continuaci\u00f3n, el icono aparecer\u00e1 en tu pantalla principal. Puedes cambiar su ubicaci\u00f3n en cualquier momento.<\/li>\n<\/ol>\n<p><img loading=\"lazy\" decoding=\"async\" src=\"https:\/\/loot-zino.org\/wp-content\/uploads\/2025\/12\/Lootzino-iOS-App.webp\" alt=\"Lootzino iOS App\" width=\"1248\" height=\"536\" \/><\/p>\n<\/div><\/div><div style=\"clear: both\"><\/div><div class=\"d-flex justify-content-center\"><button data-item=\"decouvrez_link\" data-group=\"website_links\" class=\"goto fw-bold rounded-pill btn btn-orange\" aria-label=\"Descargar LootZino\" >Descargar LootZino<\/button><\/div><div class=\"scrollable-content-wrap my-5\"><div class=\"scrollable-content-inner\"><h2>Descargas de aplicaciones para Windows y macOS<\/h2>\n<p>El escritorio cl\u00e1sico est\u00e1 siempre disponible para ti en cualquier navegador. No es necesario descargar ninguna aplicaci\u00f3n adicional para acceder a Lootzino Casino. Sin embargo, muchos usuarios prefieren una pantalla grande para involucrarse a\u00fan m\u00e1s en la experiencia de juego.<\/p>\n<p>Para acceder a\u00fan m\u00e1s r\u00e1pido al sitio web Loot Zino, puedes instalar un icono de acceso directo en tu pantalla principal. Para ello, solo tienes que visitar nuestro sitio web y, en la configuraci\u00f3n de la p\u00e1gina, buscar el bot\u00f3n \u00abA\u00f1adir a la pantalla de inicio\u00bb. As\u00ed estar\u00e1s a solo un clic de nosotros.<\/p>\n<p><img loading=\"lazy\" decoding=\"async\" src=\"https:\/\/loot-zino.org\/wp-content\/uploads\/2025\/12\/Lootzino-Desktop.webp\" alt=\"Lootzino Desktop\" width=\"1248\" height=\"536\" \/><\/p>\n<\/div><\/div><div style=\"clear: both\"><\/div><div class=\"d-flex justify-content-center\"><button data-item=\"decouvrez_link\" data-group=\"website_links\" class=\"goto fw-bold rounded-pill btn btn-orange\" aria-label=\"Descarga la aplicaci\u00f3n LootZino\" >Descarga la aplicaci\u00f3n LootZino<\/button><\/div><div class=\"scrollable-content-wrap my-5\"><div class=\"scrollable-content-inner\"><h2>Preguntas frecuentes<\/h2>\n<h3>\u00bfLa aplicaci\u00f3n Loot Zino Casino ofrece atenci\u00f3n al cliente?<\/h3>\n<p>Lootzino Casino es un reflejo de la versi\u00f3n principal para ordenador y tambi\u00e9n incluye servicio de atenci\u00f3n al cliente. Puede ponerse en contacto con nuestro equipo de asistencia las 24 horas del d\u00eda, los 7 d\u00edas de la semana, a trav\u00e9s del chat en vivo o por correo electr\u00f3nico.<\/p>\n<h3>\u00bfEs necesario crear una cuenta para utilizar la aplicaci\u00f3n Loot Zino?<\/h3>\n<p>Para acceder a todos los juegos y funciones de la aplicaci\u00f3n Lootzino, debes crear una cuenta o iniciar sesi\u00f3n en tu cuenta. Si ya te has registrado en nuestra plataforma, todos tus datos y logros se sincronizar\u00e1n entre dispositivos. Antes de tu primer retiro desde la aplicaci\u00f3n m\u00f3vil, tambi\u00e9n te pediremos que realices un r\u00e1pido proceso de verificaci\u00f3n.<\/p>\n<h3>\u00bfTodos los juegos est\u00e1n disponibles en la aplicaci\u00f3n?<\/h3>\n<p>Los m\u00e1s de 6.000 t\u00edtulos de proveedores de software de confianza tambi\u00e9n est\u00e1n disponibles en el casino m\u00f3vil. Queremos que no pierdas nada en el proceso, sino que este sea a\u00fan mejor.<\/p>\n<h3>\u00bfC\u00f3mo puedo actualizar la aplicaci\u00f3n Lootzino Casino?<\/h3>\n<p>Al tratarse de una PWA, se actualiza autom\u00e1ticamente sin necesidad de realizar ning\u00fan paso adicional por tu parte. Sin embargo, si realizamos cambios importantes, recibir\u00e1s una notificaci\u00f3n push para instalar la \u00faltima versi\u00f3n desde nuestro sitio web oficial.<\/p>\n<\/div><\/div><\/p>\n","protected":false},"excerpt":{"rendered":"<p>Aplicaci\u00f3n Lootzino: Juegos de casino para m\u00f3viles La Lootzino app se ha desarrollado para todos nuestros usuarios espa\u00f1oles de Android e iOS que prefieren jugar desde sus dispositivos m\u00f3viles. Con nuestro casino online, es posible. El software m\u00f3vil tiene todas las funcionalidades de la versi\u00f3n principal para ordenador, incluyendo juegos, pagos, promociones y mucho m\u00e1s. [&hellip;]<\/p>\n","protected":false},"author":1,"featured_media":0,"parent":0,"menu_order":0,"comment_status":"closed","ping_status":"closed","template":"template-builder.php","meta":{"_acf_changed":false,"inline_featured_image":false,"footnotes":""},"class_list":["post-1428","page","type-page","status-publish","hentry"],"acf":[],"yoast_head":"<!-- This site is optimized with the Yoast SEO plugin v27.3 - https:\/\/yoast.com\/product\/yoast-seo-wordpress\/ -->\n<title>Lootzino App Descargar| iOS y Android<\/title>\n<meta name=\"description\" content=\"La aplicaci\u00f3n Lootzino garantiza una experiencia de juego impecable en las plataformas Android, iOS, Windows y macOS, con sincronizaci\u00f3n de cuentas, actualizaciones peri\u00f3dicas y asistencia al cliente integrada para facilitar su uso.\" \/>\n<meta name=\"robots\" content=\"index, follow, max-snippet:-1, max-image-preview:large, max-video-preview:-1\" \/>\n<link rel=\"canonical\" href=\"https:\/\/loot-zino.org\/es\/aplicacion\/\" \/>\n<meta property=\"og:locale\" content=\"es_ES\" \/>\n<meta property=\"og:type\" content=\"article\" \/>\n<meta property=\"og:title\" content=\"Lootzino App Descargar| iOS y Android\" \/>\n<meta property=\"og:description\" content=\"La aplicaci\u00f3n Lootzino garantiza una experiencia de juego impecable en las plataformas Android, iOS, Windows y macOS, con sincronizaci\u00f3n de cuentas, actualizaciones peri\u00f3dicas y asistencia al cliente integrada para facilitar su uso.\" \/>\n<meta property=\"og:url\" content=\"https:\/\/loot-zino.org\/es\/aplicacion\/\" \/>\n<meta property=\"og:site_name\" content=\"lootzino\" \/>\n<meta property=\"article:modified_time\" content=\"2025-12-23T07:23:21+00:00\" \/>\n<meta name=\"twitter:card\" content=\"summary_large_image\" \/>\n<meta name=\"twitter:label1\" content=\"Est. reading time\" \/>\n\t<meta name=\"twitter:data1\" content=\"2 minutos\" \/>\n<script type=\"application\/ld+json\" class=\"yoast-schema-graph\">{\"@context\":\"https:\\\/\\\/schema.org\",\"@graph\":[{\"@type\":\"WebPage\",\"@id\":\"https:\\\/\\\/loot-zino.org\\\/es\\\/aplicacion\\\/\",\"url\":\"https:\\\/\\\/loot-zino.org\\\/es\\\/aplicacion\\\/\",\"name\":\"Lootzino App Descargar| iOS y Android\",\"isPartOf\":{\"@id\":\"https:\\\/\\\/loot-zino.org\\\/es\\\/#website\"},\"datePublished\":\"2025-12-22T12:41:17+00:00\",\"dateModified\":\"2025-12-23T07:23:21+00:00\",\"description\":\"La aplicaci\u00f3n Lootzino garantiza una experiencia de juego impecable en las plataformas Android, iOS, Windows y macOS, con sincronizaci\u00f3n de cuentas, actualizaciones peri\u00f3dicas y asistencia al cliente integrada para facilitar su uso.\",\"breadcrumb\":{\"@id\":\"https:\\\/\\\/loot-zino.org\\\/es\\\/aplicacion\\\/#breadcrumb\"},\"inLanguage\":\"es\",\"potentialAction\":[{\"@type\":\"ReadAction\",\"target\":[\"https:\\\/\\\/loot-zino.org\\\/es\\\/aplicacion\\\/\"]}]},{\"@type\":\"BreadcrumbList\",\"@id\":\"https:\\\/\\\/loot-zino.org\\\/es\\\/aplicacion\\\/#breadcrumb\",\"itemListElement\":[{\"@type\":\"ListItem\",\"position\":1,\"name\":\"Lootzino\",\"item\":\"https:\\\/\\\/loot-zino.org\\\/es\\\/\"},{\"@type\":\"ListItem\",\"position\":2,\"name\":\"Aplicaci\u00f3n\"}]},{\"@type\":\"WebSite\",\"@id\":\"https:\\\/\\\/loot-zino.org\\\/es\\\/#website\",\"url\":\"https:\\\/\\\/loot-zino.org\\\/es\\\/\",\"name\":\"Lootzino\",\"description\":\"\",\"publisher\":{\"@id\":\"https:\\\/\\\/loot-zino.org\\\/es\\\/#organization\"},\"potentialAction\":[{\"@type\":\"SearchAction\",\"target\":{\"@type\":\"EntryPoint\",\"urlTemplate\":\"https:\\\/\\\/loot-zino.org\\\/es\\\/?s={search_term_string}\"},\"query-input\":{\"@type\":\"PropertyValueSpecification\",\"valueRequired\":true,\"valueName\":\"search_term_string\"}}],\"inLanguage\":\"es\"},{\"@type\":\"Organization\",\"@id\":\"https:\\\/\\\/loot-zino.org\\\/es\\\/#organization\",\"name\":\"Lootzino\",\"url\":\"https:\\\/\\\/loot-zino.org\\\/es\\\/\",\"logo\":{\"@type\":\"ImageObject\",\"inLanguage\":\"es\",\"@id\":\"https:\\\/\\\/loot-zino.org\\\/es\\\/#\\\/schema\\\/logo\\\/image\\\/\",\"url\":\"https:\\\/\\\/loot-zino.org\\\/wp-content\\\/uploads\\\/2025\\\/12\\\/lootzino.svg\",\"contentUrl\":\"https:\\\/\\\/loot-zino.org\\\/wp-content\\\/uploads\\\/2025\\\/12\\\/lootzino.svg\",\"width\":16,\"height\":20,\"caption\":\"Lootzino\"},\"image\":{\"@id\":\"https:\\\/\\\/loot-zino.org\\\/es\\\/#\\\/schema\\\/logo\\\/image\\\/\"}}]}<\/script>\n<!-- \/ Yoast SEO plugin. -->","yoast_head_json":{"title":"Lootzino App Descargar| iOS y Android","description":"La aplicaci\u00f3n Lootzino garantiza una experiencia de juego impecable en las plataformas Android, iOS, Windows y macOS, con sincronizaci\u00f3n de cuentas, actualizaciones peri\u00f3dicas y asistencia al cliente integrada para facilitar su uso.","robots":{"index":"index","follow":"follow","max-snippet":"max-snippet:-1","max-image-preview":"max-image-preview:large","max-video-preview":"max-video-preview:-1"},"canonical":"https:\/\/loot-zino.org\/es\/aplicacion\/","og_locale":"es_ES","og_type":"article","og_title":"Lootzino App Descargar| iOS y Android","og_description":"La aplicaci\u00f3n Lootzino garantiza una experiencia de juego impecable en las plataformas Android, iOS, Windows y macOS, con sincronizaci\u00f3n de cuentas, actualizaciones peri\u00f3dicas y asistencia al cliente integrada para facilitar su uso.","og_url":"https:\/\/loot-zino.org\/es\/aplicacion\/","og_site_name":"lootzino","article_modified_time":"2025-12-23T07:23:21+00:00","twitter_card":"summary_large_image","twitter_misc":{"Est. reading time":"2 minutos"},"schema":{"@context":"https:\/\/schema.org","@graph":[{"@type":"WebPage","@id":"https:\/\/loot-zino.org\/es\/aplicacion\/","url":"https:\/\/loot-zino.org\/es\/aplicacion\/","name":"Lootzino App Descargar| iOS y Android","isPartOf":{"@id":"https:\/\/loot-zino.org\/es\/#website"},"datePublished":"2025-12-22T12:41:17+00:00","dateModified":"2025-12-23T07:23:21+00:00","description":"La aplicaci\u00f3n Lootzino garantiza una experiencia de juego impecable en las plataformas Android, iOS, Windows y macOS, con sincronizaci\u00f3n de cuentas, actualizaciones peri\u00f3dicas y asistencia al cliente integrada para facilitar su uso.","breadcrumb":{"@id":"https:\/\/loot-zino.org\/es\/aplicacion\/#breadcrumb"},"inLanguage":"es","potentialAction":[{"@type":"ReadAction","target":["https:\/\/loot-zino.org\/es\/aplicacion\/"]}]},{"@type":"BreadcrumbList","@id":"https:\/\/loot-zino.org\/es\/aplicacion\/#breadcrumb","itemListElement":[{"@type":"ListItem","position":1,"name":"Lootzino","item":"https:\/\/loot-zino.org\/es\/"},{"@type":"ListItem","position":2,"name":"Aplicaci\u00f3n"}]},{"@type":"WebSite","@id":"https:\/\/loot-zino.org\/es\/#website","url":"https:\/\/loot-zino.org\/es\/","name":"Lootzino","description":"","publisher":{"@id":"https:\/\/loot-zino.org\/es\/#organization"},"potentialAction":[{"@type":"SearchAction","target":{"@type":"EntryPoint","urlTemplate":"https:\/\/loot-zino.org\/es\/?s={search_term_string}"},"query-input":{"@type":"PropertyValueSpecification","valueRequired":true,"valueName":"search_term_string"}}],"inLanguage":"es"},{"@type":"Organization","@id":"https:\/\/loot-zino.org\/es\/#organization","name":"Lootzino","url":"https:\/\/loot-zino.org\/es\/","logo":{"@type":"ImageObject","inLanguage":"es","@id":"https:\/\/loot-zino.org\/es\/#\/schema\/logo\/image\/","url":"https:\/\/loot-zino.org\/wp-content\/uploads\/2025\/12\/lootzino.svg","contentUrl":"https:\/\/loot-zino.org\/wp-content\/uploads\/2025\/12\/lootzino.svg","width":16,"height":20,"caption":"Lootzino"},"image":{"@id":"https:\/\/loot-zino.org\/es\/#\/schema\/logo\/image\/"}}]}},"_links":{"self":[{"href":"https:\/\/loot-zino.org\/es\/wp-json\/wp\/v2\/pages\/1428","targetHints":{"allow":["GET"]}}],"collection":[{"href":"https:\/\/loot-zino.org\/es\/wp-json\/wp\/v2\/pages"}],"about":[{"href":"https:\/\/loot-zino.org\/es\/wp-json\/wp\/v2\/types\/page"}],"author":[{"embeddable":true,"href":"https:\/\/loot-zino.org\/es\/wp-json\/wp\/v2\/users\/1"}],"replies":[{"embeddable":true,"href":"https:\/\/loot-zino.org\/es\/wp-json\/wp\/v2\/comments?post=1428"}],"version-history":[{"count":2,"href":"https:\/\/loot-zino.org\/es\/wp-json\/wp\/v2\/pages\/1428\/revisions"}],"predecessor-version":[{"id":1777,"href":"https:\/\/loot-zino.org\/es\/wp-json\/wp\/v2\/pages\/1428\/revisions\/1777"}],"wp:attachment":[{"href":"https:\/\/loot-zino.org\/es\/wp-json\/wp\/v2\/media?parent=1428"}],"curies":[{"name":"wp","href":"https:\/\/api.w.org\/{rel}","templated":true}]}}