{"id":1462,"date":"2025-12-22T12:46:29","date_gmt":"2025-12-22T12:46:29","guid":{"rendered":"https:\/\/loot-zino.org\/login-and-registration\/"},"modified":"2025-12-22T14:34:56","modified_gmt":"2025-12-22T14:34:56","slug":"anmeldung-und-registrierung","status":"publish","type":"page","link":"https:\/\/loot-zino.org\/de\/anmeldung-und-registrierung\/","title":{"rendered":"Anmeldung und Registrierung"},"content":{"rendered":"<h1>Lootzino Login: Schnelle Registrierung und Kontoverwaltung<\/h1>\n<p>Um mit dem Spielen Ihrer Lieblingsspiele zu beginnen, m\u00fcssen Sie nur wenige Minuten f\u00fcr einen einfachen Lootzino Login Prozess aufwenden. Danach erhalten Sie Zugriff auf alle verf\u00fcgbaren Funktionen unserer Website, einschlie\u00dflich aller Titel, Zahlungen, Boni, Kundensupport und vielem mehr. Benutzer m\u00fcssen mindestens 18 Jahre alt sein, um sich bei Lootzino Casino registrieren zu k\u00f6nnen.<\/p>\n<p><div class=\"banner-wrap\" aria-label=\"Banner\"><img src=\"https:\/\/loot-zino.org\/wp-content\/uploads\/2025\/12\/Lootzino-banner-carousel-800\u0445400.webp\" class=\"w-100 d-none d-lg-block img-pc main-banner-img\" alt=\"Lootzino banner desktop\" fetchpriority=\"high\" decoding=\"async\"><img src=\"https:\/\/loot-zino.org\/wp-content\/uploads\/2025\/12\/Lootzino-banner-mobile-1.webp\" class=\"w-100 d-none d-md-block d-lg-none main-banner-img\" alt=\"Lootzino banner mobile\" fetchpriority=\"high\" decoding=\"async\"><img src=\"https:\/\/loot-zino.org\/wp-content\/uploads\/2025\/12\/Lootzino-banner-mobile-1.webp\" class=\"w-100 d-md-none\" alt=\"Lootzino banner mobile\" fetchpriority=\"high\" decoding=\"async\"><div class=\"banner-description\">\n<div class=\"banner-title\">Willkommensboni<\/div>\n<p class=\"banner-header-title\">1500 \u20ac<\/p>\n<div class=\"banner-header-AdditionalText\">+ 250 Freispiele<\/div>\n<button data-item=\"homepage_banner_link\" class=\"goto m-button m-gradient-border m-button--primary m-button--large banner-button btn-orange\">\n            <div class=\"m-button-content\">\n                <span>Jetzt anmelden<\/span>\n                <span><\/span>\n            <\/div>\n        <\/button>\n<\/div>\n<div class=\"WelcomePack\">\n<p><img loading=\"lazy\" decoding=\"async\" class=\"alignnone size-full wp-image-1338\" src=\"https:\/\/loot-zino.org\/wp-content\/uploads\/2025\/12\/welcome-crown.svg\" alt=\"crown\" width=\"25\" height=\"26\" \/><\/p>\n<div class=\"WelcomePack-Info\">W\u00f6chentlicher Cashback von bis zu 25 %<\/div>\n<p><img loading=\"lazy\" decoding=\"async\" class=\"alignnone size-full wp-image-1338\" src=\"https:\/\/loot-zino.org\/wp-content\/uploads\/2025\/12\/welcome-crown.svg\" alt=\"crown\" width=\"25\" height=\"26\" \/><\/p>\n<\/div>\n<\/div><div class=\"scrollable-content-wrap my-5\"><div class=\"scrollable-content-inner\"><h2>Loot Zino Casino: Registrierung f\u00fcr neue Spieler<\/h2>\n<p>Die Registrierung bei Lootzino Casino \u00f6ffnet Ihnen die T\u00fcren zu den besten Funktionen moderner Gl\u00fccksspielplattformen. Sie k\u00f6nnen aus mehr als 6.000 Spielen w\u00e4hlen, darunter Online-Slots, Tischspiele, Live-Dealer-Optionen, Instant-Titel und vieles mehr. Ein- und Auszahlungen sind ebenfalls erst nach Abschluss der Lootzino-Anmeldeschritte m\u00f6glich.<\/p>\n<p>Das Konto bietet Ihnen viele Optionen zur Verwaltung Ihrer Daten und f\u00fcr ein umfassendes Spielerlebnis. Bitte lesen Sie die Allgemeinen Gesch\u00e4ftsbedingungen sorgf\u00e4ltig durch, bevor Sie mit dem Lootzino-Anmeldeprozess fortfahren. Beispielsweise kann eine Person nur ein Konto auf unserer Website haben. Dar\u00fcber hinaus m\u00fcssen Sie laut Gesetz mindestens 18 Jahre alt sein, um sich in einem Online-Casino registrieren und spielen zu k\u00f6nnen.<\/p>\n<h3>Erstellen Sie Ihr Konto<\/h3>\n<p>Unser Ziel war es, den Registrierungsprozess so einfach wie m\u00f6glich zu gestalten, damit auch neue Benutzer sich zurechtfinden und ihn schnell abschlie\u00dfen k\u00f6nnen. Wir fragen Sie nicht nach unn\u00f6tigen Daten \u2013 Sie ben\u00f6tigen lediglich Ihre E-Mail-Adresse und ein Passwort. In der folgenden Tabelle finden Sie eine Schritt-f\u00fcr-Schritt-Anleitung zur Erstellung eines Kontos bei Loot Zino.<\/p>\n<table>\n<tbody>\n<tr>\n<td>Schritt<\/td>\n<td>Details<\/td>\n<\/tr>\n<tr>\n<td>Klicken Sie auf die Schaltfl\u00e4che \u201eAnmelden\u201c.<\/td>\n<td>Die Schaltfl\u00e4che befindet sich in der oberen rechten Ecke des Startbildschirms.<\/td>\n<\/tr>\n<tr>\n<td>F\u00fcllen Sie die wichtigsten Informationen aus.<\/td>\n<td>Sie m\u00fcssen Ihre E-Mail-Adresse eingeben und ein Passwort erstellen. Das Passwort sollte l\u00e4nger als 6 Zeichen sein.<\/td>\n<\/tr>\n<tr>\n<td>Akzeptieren Sie die Regeln unserer Plattform<\/td>\n<td>Jeder Nutzer muss sein Alter best\u00e4tigen und die Allgemeinen Gesch\u00e4ftsbedingungen von Lootzino Casino akzeptieren.<\/td>\n<\/tr>\n<tr>\n<td>Klicken Sie auf die Schaltfl\u00e4che \u201eAnmelden\u201c.<\/td>\n<td>Es ist erforderlich, um den Hauptregistrierungsprozess abzuschlie\u00dfen.<\/td>\n<\/tr>\n<tr>\n<td>F\u00fcllen Sie die zus\u00e4tzlichen pers\u00f6nlichen Angaben aus.<\/td>\n<td>Sie m\u00fcssen Ihren vollst\u00e4ndigen Namen, Ihr Geburtsdatum und Ihre Wohnadresse eingeben. Sie k\u00f6nnen diesen Schritt \u00fcberspringen und sp\u00e4ter ausf\u00fchren.<\/td>\n<\/tr>\n<tr>\n<td>Klicken Sie auf die Schaltfl\u00e4che \u201eSpeichern\u201c.<\/td>\n<td>Nach diesem Schritt sind Sie vollst\u00e4ndig auf der Plattform registriert und k\u00f6nnen mit dem Spielen um echtes Geld beginnen.<\/td>\n<\/tr>\n<\/tbody>\n<\/table>\n<h2>Erste Schritte mit dem Lootzino Konto<\/h2>\n<p>Wenn Sie unsere Plattform bereits besucht haben, m\u00fcssen Sie nur den Lootzino-Anmeldeprozess durchlaufen. Wir fragen Sie nach den Daten, die Sie bei der Registrierung angegeben haben: Ihre E-Mail-Adresse und Ihr Passwort. Die Anmeldeschaltfl\u00e4che befindet sich in der oberen rechten Ecke der Hauptseite. Ihr Konto und dessen Einstellungen bieten viele Funktionen, darunter die folgenden:<\/p>\n<ul>\n<li>Kontoverwaltung \u2013 Sie k\u00f6nnen Ihre pers\u00f6nlichen Daten und Zahlungsinformationen \u00e4ndern.<\/li>\n<li>Tools f\u00fcr verantwortungsbewusstes Spielen \u2013 es gibt Optionen f\u00fcr Zeit- und Finanzlimits sowie ein Tool zur Selbstausschlussfunktion.<\/li>\n<li>Aktivit\u00e4tsverlauf \u2013 Verfolgen Sie Ihren Spiel-, Einzahlungs- und Gewinnverlauf, um den Fortschritt zu sehen.<\/li>\n<li>Verifizierungsprozess \u2013 vor der ersten Auszahlung m\u00fcssen Sie Dokumente hochladen, die Ihre Identit\u00e4t best\u00e4tigen.<\/li>\n<\/ul>\n<h3>Passwort vergessen?<\/h3>\n<p>Zun\u00e4chst k\u00f6nnen Sie in den Kontoeinstellungen Ihre pers\u00f6nlichen Daten, einschlie\u00dflich Ihres Passworts, aktualisieren. Wenn Sie Ihr Passwort jedoch vor dem Loot Zino-Anmeldevorgang vergessen haben, haben wir auch daf\u00fcr eine L\u00f6sung f\u00fcr Sie. Am Ende des Anmeldeformulars finden Sie den Link \u201ePasswort vergessen?\u201c. Nachdem Sie darauf geklickt und Ihre E-Mail-Adresse eingegeben haben, senden wir Ihnen einen Link zum Zur\u00fccksetzen Ihres Passworts. Jetzt m\u00fcssen Sie nur noch ein neues Passwort erstellen und es verwenden, wenn Sie sich das n\u00e4chste Mal bei Ihrem Lootzino Casino-Konto anmelden m\u00f6chten.<\/p>\n<h3>Loot Zino Casino: Sicherung und Verifizierung des Kontos<\/h3>\n<p>Als lizenziertes Casino befolgen wir alle erforderlichen Protokolle und Vorschriften, um Ihre pers\u00f6nlichen Daten und Zahlungsinformationen zu sch\u00fctzen. Sie k\u00f6nnen Ihr Konto noch sicherer machen, indem Sie eine Zwei-Faktor-Authentifizierung einrichten.<\/p>\n<p>Um Betrug zu verhindern und eine sichere Plattform zu gew\u00e4hrleisten, verlangt Lootzino Casino von allen Nutzern, dass sie vor ihrer ersten Auszahlung den Verifizierungsprozess durchlaufen. Dazu m\u00fcssen Sie Dokumente hochladen, die Ihre Identit\u00e4t, Ihr Alter, Ihre Wohnadresse und Ihr Eigentum an dem Zahlungskonto oder der Zahlungskarte belegen. Unsere Manager pr\u00fcfen die hochgeladenen Dokumente innerhalb von 48 Stunden und geben Ihnen eine Antwort.<\/p>\n<h2>H\u00e4ufig gestellte Fragen<\/h2>\n<h3>Wie schlie\u00dfe ich den Kontoverifizierungsprozess ab?<\/h3>\n<p>Um den Verifizierungsprozess abzuschlie\u00dfen, bitten wir Sie, Kopien oder Fotos Ihrer Dokumente hochzuladen, darunter Ihren Personalausweis, Reisepass, F\u00fchrerschein, eine Stromrechnung und einen Kontoauszug. Sobald Sie von unseren Managern gr\u00fcnes Licht erhalten haben, k\u00f6nnen Sie Ihr Geld ohne weitere Verz\u00f6gerung abheben.<\/p>\n<h3>Wie aktualisiere ich mein Passwort oder meine E-Mail-Adresse?<\/h3>\n<p>In den Einstellungen Ihres pers\u00f6nlichen Kontos bei Lootzino Casino k\u00f6nnen Sie Ihre pers\u00f6nlichen Daten, einschlie\u00dflich Ihres Passworts und Ihrer E-Mail-Adresse, \u00e4ndern. Dies ist in wenigen Minuten erledigt, und beim n\u00e4chsten Mal, wenn Sie sich bei Lootzino anmelden, m\u00fcssen Sie die neuen Daten verwenden.<\/p>\n<h3>Was soll ich tun, wenn mein Konto gesperrt ist?<\/h3>\n<p>Wenn Sie keine E-Mail \u00fcber die Sperrung Ihres Kontos erhalten haben, wenden Sie sich bitte \u00fcber den Live-Chat oder per E-Mail an unser Support-Team. Die Manager von Loot Zino Casino erkl\u00e4ren Ihnen, warum Ihr Konto gesperrt wurde, was Sie tun k\u00f6nnen und wann.<\/p>\n<h3>Wie kann ich mein Konto schlie\u00dfen oder vor\u00fcbergehend sperren?<\/h3>\n<p>Dazu m\u00fcssen Sie sich an unseren mehrsprachigen Support wenden. Dieser wird Sie nach den Gr\u00fcnden fragen und alle erforderlichen Ma\u00dfnahmen ergreifen. Von Ihrer Seite sind keine weiteren Schritte erforderlich.<\/p>\n<\/div><\/div><\/p>\n","protected":false},"excerpt":{"rendered":"<p>Lootzino Login: Schnelle Registrierung und Kontoverwaltung Um mit dem Spielen Ihrer Lieblingsspiele zu beginnen, m\u00fcssen Sie nur wenige Minuten f\u00fcr einen einfachen Lootzino Login Prozess aufwenden. Danach erhalten Sie Zugriff auf alle verf\u00fcgbaren Funktionen unserer Website, einschlie\u00dflich aller Titel, Zahlungen, Boni, Kundensupport und vielem mehr. Benutzer m\u00fcssen mindestens 18 Jahre alt sein, um sich bei [&hellip;]<\/p>\n","protected":false},"author":1,"featured_media":0,"parent":0,"menu_order":0,"comment_status":"closed","ping_status":"closed","template":"template-builder.php","meta":{"_acf_changed":false,"inline_featured_image":false,"footnotes":""},"class_list":["post-1462","page","type-page","status-publish","hentry"],"acf":[],"yoast_head":"<!-- This site is optimized with the Yoast SEO plugin v27.3 - https:\/\/yoast.com\/product\/yoast-seo-wordpress\/ -->\n<title>Lootzino Login \u2013 Registrieren &amp; Konto verwalten<\/title>\n<meta name=\"description\" content=\"Erstellen, verwalten und \u00fcberpr\u00fcfen Sie Ihr Lootzino Casino-Konto ganz einfach mit schneller Registrierung, nahtloser Kontowiederherstellung und sicherer Kontoschlie\u00dfung, die rund um die Uhr Schutz durch Lootzino Login gew\u00e4hrleistet.\" \/>\n<meta name=\"robots\" content=\"index, follow, max-snippet:-1, max-image-preview:large, max-video-preview:-1\" \/>\n<link rel=\"canonical\" href=\"https:\/\/loot-zino.org\/de\/anmeldung-und-registrierung\/\" \/>\n<meta property=\"og:locale\" content=\"de_DE\" \/>\n<meta property=\"og:type\" content=\"article\" \/>\n<meta property=\"og:title\" content=\"Lootzino Login \u2013 Registrieren &amp; Konto verwalten\" \/>\n<meta property=\"og:description\" content=\"Erstellen, verwalten und \u00fcberpr\u00fcfen Sie Ihr Lootzino Casino-Konto ganz einfach mit schneller Registrierung, nahtloser Kontowiederherstellung und sicherer Kontoschlie\u00dfung, die rund um die Uhr Schutz durch Lootzino Login gew\u00e4hrleistet.\" \/>\n<meta property=\"og:url\" content=\"https:\/\/loot-zino.org\/de\/anmeldung-und-registrierung\/\" \/>\n<meta property=\"og:site_name\" content=\"lootzino\" \/>\n<meta property=\"article:modified_time\" content=\"2025-12-22T14:34:56+00:00\" \/>\n<meta name=\"twitter:card\" content=\"summary_large_image\" \/>\n<meta name=\"twitter:label1\" content=\"Gesch\u00e4tzte Lesezeit\" \/>\n\t<meta name=\"twitter:data1\" content=\"1\u00a0Minute\" \/>\n<script type=\"application\/ld+json\" class=\"yoast-schema-graph\">{\"@context\":\"https:\\\/\\\/schema.org\",\"@graph\":[{\"@type\":\"WebPage\",\"@id\":\"https:\\\/\\\/loot-zino.org\\\/de\\\/anmeldung-und-registrierung\\\/\",\"url\":\"https:\\\/\\\/loot-zino.org\\\/de\\\/anmeldung-und-registrierung\\\/\",\"name\":\"Lootzino Login \u2013 Registrieren & Konto verwalten\",\"isPartOf\":{\"@id\":\"https:\\\/\\\/loot-zino.org\\\/de\\\/#website\"},\"datePublished\":\"2025-12-22T12:46:29+00:00\",\"dateModified\":\"2025-12-22T14:34:56+00:00\",\"description\":\"Erstellen, verwalten und \u00fcberpr\u00fcfen Sie Ihr Lootzino Casino-Konto ganz einfach mit schneller Registrierung, nahtloser Kontowiederherstellung und sicherer Kontoschlie\u00dfung, die rund um die Uhr Schutz durch Lootzino Login gew\u00e4hrleistet.\",\"breadcrumb\":{\"@id\":\"https:\\\/\\\/loot-zino.org\\\/de\\\/anmeldung-und-registrierung\\\/#breadcrumb\"},\"inLanguage\":\"de\",\"potentialAction\":[{\"@type\":\"ReadAction\",\"target\":[\"https:\\\/\\\/loot-zino.org\\\/de\\\/anmeldung-und-registrierung\\\/\"]}]},{\"@type\":\"BreadcrumbList\",\"@id\":\"https:\\\/\\\/loot-zino.org\\\/de\\\/anmeldung-und-registrierung\\\/#breadcrumb\",\"itemListElement\":[{\"@type\":\"ListItem\",\"position\":1,\"name\":\"Lootzino\",\"item\":\"https:\\\/\\\/loot-zino.org\\\/de\\\/\"},{\"@type\":\"ListItem\",\"position\":2,\"name\":\"Anmeldung und Registrierung\"}]},{\"@type\":\"WebSite\",\"@id\":\"https:\\\/\\\/loot-zino.org\\\/de\\\/#website\",\"url\":\"https:\\\/\\\/loot-zino.org\\\/de\\\/\",\"name\":\"Lootzino\",\"description\":\"\",\"publisher\":{\"@id\":\"https:\\\/\\\/loot-zino.org\\\/de\\\/#organization\"},\"potentialAction\":[{\"@type\":\"SearchAction\",\"target\":{\"@type\":\"EntryPoint\",\"urlTemplate\":\"https:\\\/\\\/loot-zino.org\\\/de\\\/?s={search_term_string}\"},\"query-input\":{\"@type\":\"PropertyValueSpecification\",\"valueRequired\":true,\"valueName\":\"search_term_string\"}}],\"inLanguage\":\"de\"},{\"@type\":\"Organization\",\"@id\":\"https:\\\/\\\/loot-zino.org\\\/de\\\/#organization\",\"name\":\"Lootzino\",\"url\":\"https:\\\/\\\/loot-zino.org\\\/de\\\/\",\"logo\":{\"@type\":\"ImageObject\",\"inLanguage\":\"de\",\"@id\":\"https:\\\/\\\/loot-zino.org\\\/de\\\/#\\\/schema\\\/logo\\\/image\\\/\",\"url\":\"https:\\\/\\\/loot-zino.org\\\/wp-content\\\/uploads\\\/2025\\\/12\\\/lootzino.svg\",\"contentUrl\":\"https:\\\/\\\/loot-zino.org\\\/wp-content\\\/uploads\\\/2025\\\/12\\\/lootzino.svg\",\"width\":16,\"height\":20,\"caption\":\"Lootzino\"},\"image\":{\"@id\":\"https:\\\/\\\/loot-zino.org\\\/de\\\/#\\\/schema\\\/logo\\\/image\\\/\"}}]}<\/script>\n<!-- \/ Yoast SEO plugin. -->","yoast_head_json":{"title":"Lootzino Login \u2013 Registrieren & Konto verwalten","description":"Erstellen, verwalten und \u00fcberpr\u00fcfen Sie Ihr Lootzino Casino-Konto ganz einfach mit schneller Registrierung, nahtloser Kontowiederherstellung und sicherer Kontoschlie\u00dfung, die rund um die Uhr Schutz durch Lootzino Login gew\u00e4hrleistet.","robots":{"index":"index","follow":"follow","max-snippet":"max-snippet:-1","max-image-preview":"max-image-preview:large","max-video-preview":"max-video-preview:-1"},"canonical":"https:\/\/loot-zino.org\/de\/anmeldung-und-registrierung\/","og_locale":"de_DE","og_type":"article","og_title":"Lootzino Login \u2013 Registrieren & Konto verwalten","og_description":"Erstellen, verwalten und \u00fcberpr\u00fcfen Sie Ihr Lootzino Casino-Konto ganz einfach mit schneller Registrierung, nahtloser Kontowiederherstellung und sicherer Kontoschlie\u00dfung, die rund um die Uhr Schutz durch Lootzino Login gew\u00e4hrleistet.","og_url":"https:\/\/loot-zino.org\/de\/anmeldung-und-registrierung\/","og_site_name":"lootzino","article_modified_time":"2025-12-22T14:34:56+00:00","twitter_card":"summary_large_image","twitter_misc":{"Gesch\u00e4tzte Lesezeit":"1\u00a0Minute"},"schema":{"@context":"https:\/\/schema.org","@graph":[{"@type":"WebPage","@id":"https:\/\/loot-zino.org\/de\/anmeldung-und-registrierung\/","url":"https:\/\/loot-zino.org\/de\/anmeldung-und-registrierung\/","name":"Lootzino Login \u2013 Registrieren & Konto verwalten","isPartOf":{"@id":"https:\/\/loot-zino.org\/de\/#website"},"datePublished":"2025-12-22T12:46:29+00:00","dateModified":"2025-12-22T14:34:56+00:00","description":"Erstellen, verwalten und \u00fcberpr\u00fcfen Sie Ihr Lootzino Casino-Konto ganz einfach mit schneller Registrierung, nahtloser Kontowiederherstellung und sicherer Kontoschlie\u00dfung, die rund um die Uhr Schutz durch Lootzino Login gew\u00e4hrleistet.","breadcrumb":{"@id":"https:\/\/loot-zino.org\/de\/anmeldung-und-registrierung\/#breadcrumb"},"inLanguage":"de","potentialAction":[{"@type":"ReadAction","target":["https:\/\/loot-zino.org\/de\/anmeldung-und-registrierung\/"]}]},{"@type":"BreadcrumbList","@id":"https:\/\/loot-zino.org\/de\/anmeldung-und-registrierung\/#breadcrumb","itemListElement":[{"@type":"ListItem","position":1,"name":"Lootzino","item":"https:\/\/loot-zino.org\/de\/"},{"@type":"ListItem","position":2,"name":"Anmeldung und Registrierung"}]},{"@type":"WebSite","@id":"https:\/\/loot-zino.org\/de\/#website","url":"https:\/\/loot-zino.org\/de\/","name":"Lootzino","description":"","publisher":{"@id":"https:\/\/loot-zino.org\/de\/#organization"},"potentialAction":[{"@type":"SearchAction","target":{"@type":"EntryPoint","urlTemplate":"https:\/\/loot-zino.org\/de\/?s={search_term_string}"},"query-input":{"@type":"PropertyValueSpecification","valueRequired":true,"valueName":"search_term_string"}}],"inLanguage":"de"},{"@type":"Organization","@id":"https:\/\/loot-zino.org\/de\/#organization","name":"Lootzino","url":"https:\/\/loot-zino.org\/de\/","logo":{"@type":"ImageObject","inLanguage":"de","@id":"https:\/\/loot-zino.org\/de\/#\/schema\/logo\/image\/","url":"https:\/\/loot-zino.org\/wp-content\/uploads\/2025\/12\/lootzino.svg","contentUrl":"https:\/\/loot-zino.org\/wp-content\/uploads\/2025\/12\/lootzino.svg","width":16,"height":20,"caption":"Lootzino"},"image":{"@id":"https:\/\/loot-zino.org\/de\/#\/schema\/logo\/image\/"}}]}},"_links":{"self":[{"href":"https:\/\/loot-zino.org\/de\/wp-json\/wp\/v2\/pages\/1462","targetHints":{"allow":["GET"]}}],"collection":[{"href":"https:\/\/loot-zino.org\/de\/wp-json\/wp\/v2\/pages"}],"about":[{"href":"https:\/\/loot-zino.org\/de\/wp-json\/wp\/v2\/types\/page"}],"author":[{"embeddable":true,"href":"https:\/\/loot-zino.org\/de\/wp-json\/wp\/v2\/users\/1"}],"replies":[{"embeddable":true,"href":"https:\/\/loot-zino.org\/de\/wp-json\/wp\/v2\/comments?post=1462"}],"version-history":[{"count":1,"href":"https:\/\/loot-zino.org\/de\/wp-json\/wp\/v2\/pages\/1462\/revisions"}],"predecessor-version":[{"id":1602,"href":"https:\/\/loot-zino.org\/de\/wp-json\/wp\/v2\/pages\/1462\/revisions\/1602"}],"wp:attachment":[{"href":"https:\/\/loot-zino.org\/de\/wp-json\/wp\/v2\/media?parent=1462"}],"curies":[{"name":"wp","href":"https:\/\/api.w.org\/{rel}","templated":true}]}}