{"id":1421,"date":"2025-12-22T12:41:17","date_gmt":"2025-12-22T12:41:17","guid":{"rendered":"https:\/\/loot-zino.org\/app-2\/"},"modified":"2025-12-22T14:33:07","modified_gmt":"2025-12-22T14:33:07","slug":"app","status":"publish","type":"page","link":"https:\/\/loot-zino.org\/de\/app\/","title":{"rendered":"App"},"content":{"rendered":"<h1>Lootzino App: Mobile Casino-Spiele<\/h1>\n<p>Die Lootzino App wurde f\u00fcr alle unsere Android- und iOS-Nutzer entwickelt, die lieber von ihren Mobilger\u00e4ten aus spielen. Mit unserem Online-Casino ist das m\u00f6glich. Die mobile Software verf\u00fcgt \u00fcber alle Funktionen der Desktop-Hauptversion, einschlie\u00dflich Spielen, Zahlungen, Werbeaktionen und vielem mehr. Wir empfehlen jedem, das mobile Lootzino Casino mindestens einmal auszuprobieren!<\/p>\n<div class=\"banner-wrap\" aria-label=\"Banner\"><img src=\"https:\/\/loot-zino.org\/wp-content\/uploads\/2025\/12\/Lootzino-banner-carousel-800\u0445400.webp\" class=\"w-100 d-none d-lg-block img-pc main-banner-img\" alt=\"Lootzino banner desktop\" fetchpriority=\"high\" decoding=\"async\"><img src=\"https:\/\/loot-zino.org\/wp-content\/uploads\/2025\/12\/Lootzino-banner-mobile-1.webp\" class=\"w-100 d-none d-md-block d-lg-none main-banner-img\" alt=\"Lootzino banner mobile\" fetchpriority=\"high\" decoding=\"async\"><img src=\"https:\/\/loot-zino.org\/wp-content\/uploads\/2025\/12\/Lootzino-banner-mobile-1.webp\" class=\"w-100 d-md-none\" alt=\"Lootzino banner mobile\" fetchpriority=\"high\" decoding=\"async\"><div class=\"banner-description\">\n<div class=\"banner-title\">Willkommensboni<\/div>\n<p class=\"banner-header-title\">1500 \u20ac<\/p>\n<div class=\"banner-header-AdditionalText\">+ 250 Freispiele<\/div>\n<button data-item=\"homepage_banner_link\" class=\"goto m-button m-gradient-border m-button--primary m-button--large banner-button btn-orange\">\n            <div class=\"m-button-content\">\n                <span>Jetzt anmelden<\/span>\n                <span><\/span>\n            <\/div>\n        <\/button>\n<\/div>\n<div class=\"WelcomePack\">\n<p><img loading=\"lazy\" decoding=\"async\" class=\"alignnone size-full wp-image-1338\" src=\"https:\/\/loot-zino.org\/wp-content\/uploads\/2025\/12\/welcome-crown.svg\" alt=\"crown\" width=\"25\" height=\"26\" \/><\/p>\n<div class=\"WelcomePack-Info\">W\u00f6chentlicher Cashback von bis zu 25 %<\/div>\n<p><img loading=\"lazy\" decoding=\"async\" class=\"alignnone size-full wp-image-1338\" src=\"https:\/\/loot-zino.org\/wp-content\/uploads\/2025\/12\/welcome-crown.svg\" alt=\"crown\" width=\"25\" height=\"26\" \/><\/p>\n<\/div>\n<\/div>\n<h2>Lootzino Mobile Plattform<\/h2>\n<p>Die Statistiken zeigen, dass 80 % der Spieler bei Lootzino Casino Smartphones und Tablets f\u00fcr ihre Lieblingsspiele bevorzugen. Das ist sinnvoll, da sie nicht an einen bestimmten Ort gebunden sind und mobile Ger\u00e4te immer dabei sind. Nat\u00fcrlich spielen auch das Aussehen und die Funktionalit\u00e4t der mobilen Software eine Rolle. Die Loot Zino App hat jedoch in dieser Hinsicht keine Probleme.<\/p>\n<p>Unsere Spielesammlung mit \u00fcber 6.000 Titeln ist f\u00fcr alle auf Mobilger\u00e4ten verf\u00fcgbar. Live-Dealer-Spiele werden in HD-Qualit\u00e4t \u00fcbertragen und sind vollst\u00e4ndig f\u00fcr Smartphones und Tablets optimiert, sodass Sie nichts verpassen. Alle Softwareanbieter, mit denen wir zusammenarbeiten, entwickeln Titel, die sich hervorragend f\u00fcr Mobilger\u00e4te eignen. Deshalb haben Sie von jedem Ger\u00e4t aus vollen Zugriff darauf.<\/p>\n<p>In der folgenden Tabelle finden Sie Elemente der Lootzino-App, die den Prozess f\u00fcr unsere Spieler insgesamt einfacher und besser machen.<\/p>\n<table>\n<tbody>\n<tr>\n<td>Erfahrungselement<\/td>\n<td>So funktioniert es<\/td>\n<td>Warum es besser f\u00fcr Sie ist<\/td>\n<\/tr>\n<tr>\n<td>Geschwindigkeit<\/td>\n<td>Die zwischengespeicherten Daten gew\u00e4hrleisten ein sofortiges Laden.<\/td>\n<td>Dadurch verbringen Sie weniger Zeit mit Warten und haben mehr Zeit zum Spielen.<\/td>\n<\/tr>\n<tr>\n<td>Barrierefreiheit<\/td>\n<td>Es ist mit einer Vielzahl von Ger\u00e4ten und Browsern kompatibel.<\/td>\n<td>Es gibt keine Probleme mit der Kompatibilit\u00e4t.<\/td>\n<\/tr>\n<tr>\n<td>Datenschutz<\/td>\n<td>Ein App Store-Konto ist nicht erforderlich.<\/td>\n<td>Es h\u00e4lt Ihre Gaming-Aktivit\u00e4ten privat.<\/td>\n<\/tr>\n<tr>\n<td>Aktualisierungen<\/td>\n<td>Das System wird nahtlos aktualisiert.<\/td>\n<td>Benutzer haben immer die neueste Version.<\/td>\n<\/tr>\n<\/tbody>\n<\/table>\n<p><div class=\"scrollable-content-wrap my-5\"><div class=\"scrollable-content-inner\"><h2>Lootzino Casino Mobile App f\u00fcr Android<\/h2>\n<p>Wenn Sie ein Android-Smartphone oder -Tablet besitzen, haben wir eine hervorragende L\u00f6sung f\u00fcr Sie. Sie m\u00fcssen keine unbekannten Lootzino APK-Dateien herunterladen und m\u00fcssen sich keine Sorgen machen, dass der Speicherplatz auf Ihrem Ger\u00e4t knapp wird. Wir haben eine progressive Web-App (PWA) f\u00fcr alle Android-Nutzer entwickelt.<\/p>\n<p>Die Lootzino-App bietet ein unvergessliches mobiles Erlebnis mit Tausenden von Online-Slots, schnellen Zahlungen und einem rund um die Uhr verf\u00fcgbaren mehrsprachigen Support-Team. Die Software ist so konzipiert, dass sie sich perfekt an die Gr\u00f6\u00dfe Ihres Ger\u00e4ts und den Touchscreen anpasst. Die Geschwindigkeit und Zug\u00e4nglichkeit sind in diesem Fall einfach perfekt.<\/p>\n<p>Da der Google Play Store einige Einschr\u00e4nkungen f\u00fcr Gl\u00fccksspielmarken hat, k\u00f6nnen Sie die Lootzino-App von unserer offiziellen Website installieren. Das dauert nicht lange und schon haben Sie alle Ihre Lieblingsspiele in Ihrer Tasche:<\/p>\n<ol>\n<li>Gehen Sie zum Fu\u00dfbereich der Website.<\/li>\n<li>Klicken Sie auf die Schaltfl\u00e4che \u201eCasino App\u201c. Die Installation wird nach diesem Schritt automatisch gestartet.<\/li>\n<li>Nach der Installation der Software erscheint das Symbol Loot Zino auf Ihrem Startbildschirm.<\/li>\n<\/ol>\n<p><img loading=\"lazy\" decoding=\"async\" src=\"https:\/\/loot-zino.org\/wp-content\/uploads\/2025\/12\/Lootzino-Android-App.webp\" alt=\"Lootzino Android App\" width=\"1248\" height=\"536\" \/><\/p>\n<\/div><\/div><div style=\"clear: both\"><\/div><div class=\"d-flex justify-content-center\"><button data-item=\"decouvrez_link\" data-group=\"website_links\" class=\"goto fw-bold rounded-pill btn btn-orange\" aria-label=\"Laden Sie die LootZino-App herunter\" >Laden Sie die LootZino-App herunter<\/button><\/div><div class=\"scrollable-content-wrap my-5\"><div class=\"scrollable-content-inner\"><h2>Lootzino Casino Mobile App f\u00fcr iOS<\/h2>\n<p>IOS-Nutzer haben nicht weniger M\u00f6glichkeiten, wenn es um das mobile Lootzino Casino geht. Sie haben drei Hauptoptionen: Browser-Version, PWA oder ein Shortcut-Symbol. Alle drei Versionen sind mit modernen iPhones und iPads kompatibel.<\/p>\n<p>Die Lootzino-App f\u00fcr iOS hat das gleiche Design und die gleiche Navigation wie die Desktop-Version. Deshalb werden sich unsere Stammkunden bei der Nutzung ihrer Mobilger\u00e4te wie zu Hause f\u00fchlen. Unsere mobile Software kann auf unserer Website installiert werden. Der gesamte Vorgang dauert nur wenige Minuten.<\/p>\n<p>Sie k\u00f6nnen jederzeit einfach die Browserversion verwenden. F\u00fcr einen schnelleren Zugriff bieten alle mobilen Browser die M\u00f6glichkeit, ein Verkn\u00fcpfungssymbol f\u00fcr Ihren Startbildschirm zu installieren, \u00fcber das Sie mit einem Klick zur Plattform gelangen. Wenn diese Option f\u00fcr Sie in Frage kommt, befolgen Sie bitte die folgenden Anweisungen:<\/p>\n<ol>\n<li>\u00d6ffnen Sie unsere Website in Ihrem bevorzugten mobilen Browser (Safari, Google Chrome usw.).<\/li>\n<li>Klicken Sie auf die Schaltfl\u00e4che \u201eTeilen\u201c.<\/li>\n<li>Scrollen Sie nach unten und klicken Sie auf \u201eZum Startbildschirm hinzuf\u00fcgen\u201c.<\/li>\n<li>Best\u00e4tigen Sie die Aktion, indem Sie \u201eHinzuf\u00fcgen\u201c ausw\u00e4hlen. Danach erscheint das Symbol auf Ihrem Hauptbildschirm. Sie k\u00f6nnen dessen Position jederzeit \u00e4ndern.<\/li>\n<\/ol>\n<p><img loading=\"lazy\" decoding=\"async\" src=\"https:\/\/loot-zino.org\/wp-content\/uploads\/2025\/12\/Lootzino-iOS-App.webp\" alt=\"Lootzino iOS App\" width=\"1248\" height=\"536\" \/><\/p>\n<\/div><\/div><div style=\"clear: both\"><\/div><div class=\"d-flex justify-content-center\"><button data-item=\"decouvrez_link\" data-group=\"website_links\" class=\"goto fw-bold rounded-pill btn btn-orange\" aria-label=\"LootZino herunterladen\" >LootZino herunterladen<\/button><\/div><div class=\"scrollable-content-wrap my-5\"><div class=\"scrollable-content-inner\"><h2>Windows &amp; macOS App Downloads<\/h2>\n<p>Der klassische Desktop steht Ihnen in jedem Browser jederzeit zur Verf\u00fcgung. Sie m\u00fcssen keine zus\u00e4tzlichen Apps herunterladen, um Zugang zu Lootzino Casino zu erhalten. Viele Nutzer bevorzugen jedoch einen gro\u00dfen Bildschirm, um noch mehr in das Spielerlebnis eintauchen zu k\u00f6nnen.<\/p>\n<p>Um noch schneller auf die Website Loot Zino zugreifen zu k\u00f6nnen, k\u00f6nnen Sie ein Verkn\u00fcpfungssymbol auf Ihrem Hauptbildschirm installieren. Besuchen Sie dazu einfach unsere Website und suchen Sie in den Seiteneinstellungen die Schaltfl\u00e4che \u201eZum Startbildschirm hinzuf\u00fcgen\u201d. So sind Sie nur einen Klick von uns entfernt.<\/p>\n<p><img loading=\"lazy\" decoding=\"async\" src=\"https:\/\/loot-zino.org\/wp-content\/uploads\/2025\/12\/Lootzino-Desktop.webp\" alt=\"Lootzino Desktop\" width=\"1248\" height=\"536\" \/><\/p>\n<\/div><\/div><div style=\"clear: both\"><\/div><div class=\"d-flex justify-content-center\"><button data-item=\"decouvrez_link\" data-group=\"website_links\" class=\"goto fw-bold rounded-pill btn btn-orange\" aria-label=\"Laden Sie die LootZino-App herunter\" >Laden Sie die LootZino-App herunter<\/button><\/div><div class=\"scrollable-content-wrap my-5\"><div class=\"scrollable-content-inner\"><h2>H\u00e4ufig gestellte Fragen<\/h2>\n<h3>Bietet die App Loot Zino Casino Kundensupport?<\/h3>\n<p>Lootzino Casino ist ein Spiegelbild der Desktop-Hauptversion und umfasst auch den Kundenservice. Sie k\u00f6nnen unser Support-Team rund um die Uhr per Live-Chat oder E-Mail kontaktieren.<\/p>\n<h3>Ist f\u00fcr die Nutzung der Loot Zino App die Erstellung eines Kontos erforderlich?<\/h3>\n<p>Um Zugriff auf alle Spiele und Funktionen der Lootzino-App zu erhalten, m\u00fcssen Sie ein Konto erstellen oder sich bei Ihrem Konto anmelden. Wenn Sie sich bereits auf unserer Plattform registriert haben, werden alle Ihre Daten und Erfolge ger\u00e4te\u00fcbergreifend synchronisiert. Bevor Sie Ihre erste Auszahlung \u00fcber die mobile App vornehmen, bitten wir Sie au\u00dferdem, einen kurzen Verifizierungsprozess zu durchlaufen.<\/p>\n<h3>Sind alle Spiele in der App verf\u00fcgbar?<\/h3>\n<p>Alle \u00fcber 6.000 Titel von vertrauensw\u00fcrdigen Softwareanbietern sind auch im mobilen Casino verf\u00fcgbar. Wir m\u00f6chten, dass Sie dabei nichts verlieren, sondern dass es sogar noch besser wird.<\/p>\n<h3>Wie kann ich die App Lootzino Casino aktualisieren?<\/h3>\n<p>Da es sich um eine PWA handelt, aktualisiert sie sich selbst, ohne dass Sie zus\u00e4tzliche Schritte unternehmen m\u00fcssen. Bei gr\u00f6\u00dferen \u00c4nderungen erhalten Sie jedoch eine Push-Benachrichtigung, um die neueste Version von unserer offiziellen Website zu installieren.<\/p>\n<\/div><\/div><\/p>\n","protected":false},"excerpt":{"rendered":"<p>Lootzino App: Mobile Casino-Spiele Die Lootzino App wurde f\u00fcr alle unsere Android- und iOS-Nutzer entwickelt, die lieber von ihren Mobilger\u00e4ten aus spielen. Mit unserem Online-Casino ist das m\u00f6glich. Die mobile Software verf\u00fcgt \u00fcber alle Funktionen der Desktop-Hauptversion, einschlie\u00dflich Spielen, Zahlungen, Werbeaktionen und vielem mehr. Wir empfehlen jedem, das mobile Lootzino Casino mindestens einmal auszuprobieren! Lootzino [&hellip;]<\/p>\n","protected":false},"author":1,"featured_media":0,"parent":0,"menu_order":0,"comment_status":"closed","ping_status":"closed","template":"template-builder.php","meta":{"_acf_changed":false,"inline_featured_image":false,"footnotes":""},"class_list":["post-1421","page","type-page","status-publish","hentry"],"acf":[],"yoast_head":"<!-- This site is optimized with the Yoast SEO plugin v27.3 - https:\/\/yoast.com\/product\/yoast-seo-wordpress\/ -->\n<title>Lootzino App herunterladen | iOS &amp; Android<\/title>\n<meta name=\"description\" content=\"Die Lootzino-App sorgt f\u00fcr einwandfreies Gaming auf Android-, iOS-, Windows- und macOS-Plattformen, komplett mit Kontosynchronisierung, regelm\u00e4\u00dfigen Updates und integrierter Kundenbetreuung f\u00fcr eine einfache Nutzung.\" \/>\n<meta name=\"robots\" content=\"index, follow, max-snippet:-1, max-image-preview:large, max-video-preview:-1\" \/>\n<link rel=\"canonical\" href=\"https:\/\/loot-zino.org\/de\/app\/\" \/>\n<meta property=\"og:locale\" content=\"de_DE\" \/>\n<meta property=\"og:type\" content=\"article\" \/>\n<meta property=\"og:title\" content=\"Lootzino App herunterladen | iOS &amp; Android\" \/>\n<meta property=\"og:description\" content=\"Die Lootzino-App sorgt f\u00fcr einwandfreies Gaming auf Android-, iOS-, Windows- und macOS-Plattformen, komplett mit Kontosynchronisierung, regelm\u00e4\u00dfigen Updates und integrierter Kundenbetreuung f\u00fcr eine einfache Nutzung.\" \/>\n<meta property=\"og:url\" content=\"https:\/\/loot-zino.org\/de\/app\/\" \/>\n<meta property=\"og:site_name\" content=\"lootzino\" \/>\n<meta property=\"article:modified_time\" content=\"2025-12-22T14:33:07+00:00\" \/>\n<meta name=\"twitter:card\" content=\"summary_large_image\" \/>\n<meta name=\"twitter:label1\" content=\"Gesch\u00e4tzte Lesezeit\" \/>\n\t<meta name=\"twitter:data1\" content=\"2\u00a0Minuten\" \/>\n<script type=\"application\/ld+json\" class=\"yoast-schema-graph\">{\"@context\":\"https:\\\/\\\/schema.org\",\"@graph\":[{\"@type\":\"WebPage\",\"@id\":\"https:\\\/\\\/loot-zino.org\\\/de\\\/app\\\/\",\"url\":\"https:\\\/\\\/loot-zino.org\\\/de\\\/app\\\/\",\"name\":\"Lootzino App herunterladen | iOS & Android\",\"isPartOf\":{\"@id\":\"https:\\\/\\\/loot-zino.org\\\/de\\\/#website\"},\"datePublished\":\"2025-12-22T12:41:17+00:00\",\"dateModified\":\"2025-12-22T14:33:07+00:00\",\"description\":\"Die Lootzino-App sorgt f\u00fcr einwandfreies Gaming auf Android-, iOS-, Windows- und macOS-Plattformen, komplett mit Kontosynchronisierung, regelm\u00e4\u00dfigen Updates und integrierter Kundenbetreuung f\u00fcr eine einfache Nutzung.\",\"breadcrumb\":{\"@id\":\"https:\\\/\\\/loot-zino.org\\\/de\\\/app\\\/#breadcrumb\"},\"inLanguage\":\"de\",\"potentialAction\":[{\"@type\":\"ReadAction\",\"target\":[\"https:\\\/\\\/loot-zino.org\\\/de\\\/app\\\/\"]}]},{\"@type\":\"BreadcrumbList\",\"@id\":\"https:\\\/\\\/loot-zino.org\\\/de\\\/app\\\/#breadcrumb\",\"itemListElement\":[{\"@type\":\"ListItem\",\"position\":1,\"name\":\"Lootzino\",\"item\":\"https:\\\/\\\/loot-zino.org\\\/de\\\/\"},{\"@type\":\"ListItem\",\"position\":2,\"name\":\"App\"}]},{\"@type\":\"WebSite\",\"@id\":\"https:\\\/\\\/loot-zino.org\\\/de\\\/#website\",\"url\":\"https:\\\/\\\/loot-zino.org\\\/de\\\/\",\"name\":\"Lootzino\",\"description\":\"\",\"publisher\":{\"@id\":\"https:\\\/\\\/loot-zino.org\\\/de\\\/#organization\"},\"potentialAction\":[{\"@type\":\"SearchAction\",\"target\":{\"@type\":\"EntryPoint\",\"urlTemplate\":\"https:\\\/\\\/loot-zino.org\\\/de\\\/?s={search_term_string}\"},\"query-input\":{\"@type\":\"PropertyValueSpecification\",\"valueRequired\":true,\"valueName\":\"search_term_string\"}}],\"inLanguage\":\"de\"},{\"@type\":\"Organization\",\"@id\":\"https:\\\/\\\/loot-zino.org\\\/de\\\/#organization\",\"name\":\"Lootzino\",\"url\":\"https:\\\/\\\/loot-zino.org\\\/de\\\/\",\"logo\":{\"@type\":\"ImageObject\",\"inLanguage\":\"de\",\"@id\":\"https:\\\/\\\/loot-zino.org\\\/de\\\/#\\\/schema\\\/logo\\\/image\\\/\",\"url\":\"https:\\\/\\\/loot-zino.org\\\/wp-content\\\/uploads\\\/2025\\\/12\\\/lootzino.svg\",\"contentUrl\":\"https:\\\/\\\/loot-zino.org\\\/wp-content\\\/uploads\\\/2025\\\/12\\\/lootzino.svg\",\"width\":16,\"height\":20,\"caption\":\"Lootzino\"},\"image\":{\"@id\":\"https:\\\/\\\/loot-zino.org\\\/de\\\/#\\\/schema\\\/logo\\\/image\\\/\"}}]}<\/script>\n<!-- \/ Yoast SEO plugin. -->","yoast_head_json":{"title":"Lootzino App herunterladen | iOS & Android","description":"Die Lootzino-App sorgt f\u00fcr einwandfreies Gaming auf Android-, iOS-, Windows- und macOS-Plattformen, komplett mit Kontosynchronisierung, regelm\u00e4\u00dfigen Updates und integrierter Kundenbetreuung f\u00fcr eine einfache Nutzung.","robots":{"index":"index","follow":"follow","max-snippet":"max-snippet:-1","max-image-preview":"max-image-preview:large","max-video-preview":"max-video-preview:-1"},"canonical":"https:\/\/loot-zino.org\/de\/app\/","og_locale":"de_DE","og_type":"article","og_title":"Lootzino App herunterladen | iOS & Android","og_description":"Die Lootzino-App sorgt f\u00fcr einwandfreies Gaming auf Android-, iOS-, Windows- und macOS-Plattformen, komplett mit Kontosynchronisierung, regelm\u00e4\u00dfigen Updates und integrierter Kundenbetreuung f\u00fcr eine einfache Nutzung.","og_url":"https:\/\/loot-zino.org\/de\/app\/","og_site_name":"lootzino","article_modified_time":"2025-12-22T14:33:07+00:00","twitter_card":"summary_large_image","twitter_misc":{"Gesch\u00e4tzte Lesezeit":"2\u00a0Minuten"},"schema":{"@context":"https:\/\/schema.org","@graph":[{"@type":"WebPage","@id":"https:\/\/loot-zino.org\/de\/app\/","url":"https:\/\/loot-zino.org\/de\/app\/","name":"Lootzino App herunterladen | iOS & Android","isPartOf":{"@id":"https:\/\/loot-zino.org\/de\/#website"},"datePublished":"2025-12-22T12:41:17+00:00","dateModified":"2025-12-22T14:33:07+00:00","description":"Die Lootzino-App sorgt f\u00fcr einwandfreies Gaming auf Android-, iOS-, Windows- und macOS-Plattformen, komplett mit Kontosynchronisierung, regelm\u00e4\u00dfigen Updates und integrierter Kundenbetreuung f\u00fcr eine einfache Nutzung.","breadcrumb":{"@id":"https:\/\/loot-zino.org\/de\/app\/#breadcrumb"},"inLanguage":"de","potentialAction":[{"@type":"ReadAction","target":["https:\/\/loot-zino.org\/de\/app\/"]}]},{"@type":"BreadcrumbList","@id":"https:\/\/loot-zino.org\/de\/app\/#breadcrumb","itemListElement":[{"@type":"ListItem","position":1,"name":"Lootzino","item":"https:\/\/loot-zino.org\/de\/"},{"@type":"ListItem","position":2,"name":"App"}]},{"@type":"WebSite","@id":"https:\/\/loot-zino.org\/de\/#website","url":"https:\/\/loot-zino.org\/de\/","name":"Lootzino","description":"","publisher":{"@id":"https:\/\/loot-zino.org\/de\/#organization"},"potentialAction":[{"@type":"SearchAction","target":{"@type":"EntryPoint","urlTemplate":"https:\/\/loot-zino.org\/de\/?s={search_term_string}"},"query-input":{"@type":"PropertyValueSpecification","valueRequired":true,"valueName":"search_term_string"}}],"inLanguage":"de"},{"@type":"Organization","@id":"https:\/\/loot-zino.org\/de\/#organization","name":"Lootzino","url":"https:\/\/loot-zino.org\/de\/","logo":{"@type":"ImageObject","inLanguage":"de","@id":"https:\/\/loot-zino.org\/de\/#\/schema\/logo\/image\/","url":"https:\/\/loot-zino.org\/wp-content\/uploads\/2025\/12\/lootzino.svg","contentUrl":"https:\/\/loot-zino.org\/wp-content\/uploads\/2025\/12\/lootzino.svg","width":16,"height":20,"caption":"Lootzino"},"image":{"@id":"https:\/\/loot-zino.org\/de\/#\/schema\/logo\/image\/"}}]}},"_links":{"self":[{"href":"https:\/\/loot-zino.org\/de\/wp-json\/wp\/v2\/pages\/1421","targetHints":{"allow":["GET"]}}],"collection":[{"href":"https:\/\/loot-zino.org\/de\/wp-json\/wp\/v2\/pages"}],"about":[{"href":"https:\/\/loot-zino.org\/de\/wp-json\/wp\/v2\/types\/page"}],"author":[{"embeddable":true,"href":"https:\/\/loot-zino.org\/de\/wp-json\/wp\/v2\/users\/1"}],"replies":[{"embeddable":true,"href":"https:\/\/loot-zino.org\/de\/wp-json\/wp\/v2\/comments?post=1421"}],"version-history":[{"count":2,"href":"https:\/\/loot-zino.org\/de\/wp-json\/wp\/v2\/pages\/1421\/revisions"}],"predecessor-version":[{"id":1601,"href":"https:\/\/loot-zino.org\/de\/wp-json\/wp\/v2\/pages\/1421\/revisions\/1601"}],"wp:attachment":[{"href":"https:\/\/loot-zino.org\/de\/wp-json\/wp\/v2\/media?parent=1421"}],"curies":[{"name":"wp","href":"https:\/\/api.w.org\/{rel}","templated":true}]}}